{"id":1019,"date":"2022-08-26T13:47:55","date_gmt":"2022-08-26T17:47:55","guid":{"rendered":"https:\/\/marcelviau.net\/?page_id=1019"},"modified":"2025-11-02T07:15:22","modified_gmt":"2025-11-02T12:15:22","slug":"accueil-3","status":"publish","type":"page","link":"https:\/\/marcelviau.net\/?page_id=1019","title":{"rendered":"Pr\u00e9sentation"},"content":{"rendered":"\n<h1 class=\"wp-block-heading has-text-align-center\"><strong><mark style=\"background-color:rgba(0, 0, 0, 0)\" class=\"has-inline-color has-accent-color\">Quand le Canada se construisait dans le sang et les secrets&#8230;<\/mark><\/strong><\/h1>\n\n\n\n<h3 class=\"wp-block-heading has-text-align-center\"><strong>Les enqu\u00eates de Silas Robinson<\/strong><\/h3>\n\n\n<div class=\"wp-block-image\">\n<figure class=\"aligncenter size-large is-resized\"><img decoding=\"async\" src=\"https:\/\/marcelviau.net\/wp-content\/uploads\/2025\/08\/Silas-Robinson.png\" alt=\"Portrait de Silas Robinson, d\u00e9tective du 19e si\u00e8cle\" class=\"wp-image-123\" style=\"width:500px;height:auto\"\/><figcaption class=\"wp-element-caption\">\n        Silas Robinson, d\u00e9tective au XIXe si\u00e8cle \u00e0 Montr\u00e9al\n    <\/figcaption><\/figure>\n<\/div>\n\n\n<p class=\"has-medium-font-size\">Polars historiques captivants. Silas Robinson devient le premier chef des d\u00e9tectives \u00e0 Montr\u00e9al en 1851. Ancien de Scotland Yard, cet homme aust\u00e8re et m\u00e9thodique va d\u00e9m\u00ealer les crimes les plus sombres d&rsquo;un pays en pleine naissance.<\/p>\n\n\n\n<p class=\"has-medium-font-size\">Les enqu\u00eates de Silas r\u00e9v\u00e8lent une soci\u00e9t\u00e9 tiraill\u00e9e entre h\u00e9ritage britannique et tensions coloniales, divis\u00e9e entre Canadiens fran\u00e7ais, Anglais et Irlandais, fragment\u00e9e entre catholiques et protestants &#8211; autant de fractures profondes qui t\u00e9moignent d&rsquo;une qu\u00eate d&rsquo;identit\u00e9 complexe.<\/p>\n\n\n\n<p class=\"has-medium-font-size\">Chaque polar historique est diffus\u00e9 gratuitement sous forme de <strong>feuilleton hebdomadaire<\/strong>, \u00e0 raison d&rsquo;un \u00e9pisode par semaine le mercredi, dans la tradition des romanciers fran\u00e7ais du XIXe si\u00e8cle. Voir l&rsquo;onglet <a href=\"https:\/\/marcelviau.net\/?page_id=36\" data-type=\"link\" data-id=\"https:\/\/marcelviau.net\/?page_id=36\">\u00c9pisodes et Articles<\/a>.<\/p>\n\n\n\n<p class=\"has-medium-font-size\">Du Faubourg Saint Louis \u00e0 Qu\u00e9bec aux ruelles de Griffintown, de Montr\u00e9al, des for\u00eats du Mont-Royal aux couloirs du pouvoir d&rsquo;Ottawa, suivez Robinson et sa brillante collaboratrice Miss Dupuis dans huit romans o\u00f9 l&rsquo;histoire vraie se m\u00eale \u00e0 la fiction.<\/p>\n\n\n\n<p class=\"has-medium-font-size\">Toutes les intrigues s&rsquo;inspirent d&rsquo;une trag\u00e9die grecque transpos\u00e9e dans le Canada du XIXe si\u00e8cle \u2014 car certaines passions humaines traversent les si\u00e8cles.<\/p>\n\n\n\n<p class=\"has-medium-font-size\"><strong>D\u00e9couvrez une s\u00e9rie salu\u00e9e pour :<\/strong><\/p>\n\n\n\n<p class=\"has-medium-font-size\">\u2022 <strong>Sa rigueur historique<\/strong> : personnages r\u00e9els et \u00e9v\u00e9nements document\u00e9s<br>\u2022 <strong>Ses intrigues captivantes<\/strong> : du suspense ancr\u00e9 dans l&rsquo;\u00e9poque<br>\u2022 <strong>Son style \u00e9l\u00e9gant<\/strong> : une langue riche respectant les codes du XIXe si\u00e8cle des romans dialogu\u00e9s.<\/p>\n\n\n\n<p class=\"has-medium-font-size\"><strong>Nouvelle enqu\u00eate :<\/strong> <em><a href=\"https:\/\/marcelviau.net\/?page_id=2949\">\u00ab\u00a0Assassinat dans la rue Sparks\u00a0\u00bb<\/a><\/em> \u2014 la toute derni\u00e8re aventure de Silas Robinson vous attend.<\/p>\n\n\n\n<p class=\"has-medium-font-size\"><em><a href=\"https:\/\/marcelviau.net\/?page_id=2790\">Huit romans complets disponibles \u2022 De 2020 \u00e0 2025<\/a><\/em><\/p>\n\n\n\n<div style=\"background: #f8f9fa; padding: 2rem; border-radius: 10px; text-align: center; margin: 3rem 0;\">\n<h3 style=\"color: #2c3e50; margin-bottom: 0.5rem;\">Vous avez aim\u00e9 les enqu\u00eates de Silas ?<\/h3>\n<p style=\"color: #6c757d; font-style: italic; margin-bottom: 1.5rem;\">Recevez ses prochaines intrigues en avant-premi\u00e8re&#8230;<\/p>\n<script>(function() {\n\twindow.mc4wp = window.mc4wp || {\n\t\tlisteners: [],\n\t\tforms: {\n\t\t\ton: function(evt, cb) {\n\t\t\t\twindow.mc4wp.listeners.push(\n\t\t\t\t\t{\n\t\t\t\t\t\tevent   : evt,\n\t\t\t\t\t\tcallback: cb\n\t\t\t\t\t}\n\t\t\t\t);\n\t\t\t}\n\t\t}\n\t}\n})();\n<\/script><!-- Mailchimp for WordPress v4.12.2 - https:\/\/wordpress.org\/plugins\/mailchimp-for-wp\/ --><form id=\"mc4wp-form-1\" class=\"mc4wp-form mc4wp-form-2311\" method=\"post\" data-id=\"2311\" data-name=\"Formulaire Roman Gratuit\" ><div class=\"mc4wp-form-fields\"><p>\r\n    <label>Pr\u00e9nom<\/label>\r\n    <input type=\"text\" name=\"FNAME\">\r\n<\/p>\r\n<p>\r\n    <label>Nom<\/label>\r\n    <input type=\"text\" name=\"LNAME\">\r\n<\/p>\r\n<p>\r\n\t<label for=\"email\">Adresse e-mail: \r\n\t\t<input type=\"email\" id=\"email\" name=\"EMAIL\" placeholder=\"Votre adresse e-mail\" required>\r\n\t<\/label>\r\n<\/p>\r\n\r\n<p>\r\n\t<input type=\"submit\" value=\"Abonnez-vous\">\r\n<\/p><\/div><label style=\"display: none !important;\">Laissez ce champ vide si vous \u00eates humain\u00a0: <input type=\"text\" name=\"_mc4wp_honeypot\" value=\"\" tabindex=\"-1\" autocomplete=\"off\" \/><\/label><input type=\"hidden\" name=\"_mc4wp_timestamp\" value=\"1777498551\" \/><input type=\"hidden\" name=\"_mc4wp_form_id\" value=\"2311\" \/><input type=\"hidden\" name=\"_mc4wp_form_element_id\" value=\"mc4wp-form-1\" \/><div class=\"mc4wp-response\"><\/div><\/form><!-- \/ Mailchimp for WordPress Plugin -->\n<\/div>\n","protected":false},"excerpt":{"rendered":"<p>Quand le Canada se construisait dans le sang et les secrets&#8230; Les enqu\u00eates de Silas Robinson Polars historiques captivants. Silas Robinson devient le premier chef des d\u00e9tectives \u00e0 Montr\u00e9al en 1851. Ancien de Scotland Yard, cet homme aust\u00e8re et m\u00e9thodique va d\u00e9m\u00ealer les crimes les plus sombres d&rsquo;un pays en pleine naissance. Les enqu\u00eates de &#8230; <a title=\"Pr\u00e9sentation\" class=\"read-more\" href=\"https:\/\/marcelviau.net\/?page_id=1019\" aria-label=\"En savoir plus sur Pr\u00e9sentation\">Lire la suite<\/a><\/p>\n","protected":false},"author":1,"featured_media":0,"parent":0,"menu_order":0,"comment_status":"closed","ping_status":"closed","template":"","meta":{"footnotes":""},"class_list":["post-1019","page","type-page","status-publish"],"yoast_head":"<!-- This site is optimized with the Yoast SEO plugin v27.4 - https:\/\/yoast.com\/product\/yoast-seo-wordpress\/ -->\n<title>Pr\u00e9sentation - Les Enqu\u00eates de Silas Robinson<\/title>\n<meta name=\"robots\" content=\"index, follow, max-snippet:-1, max-image-preview:large, max-video-preview:-1\" \/>\n<link rel=\"canonical\" href=\"https:\/\/marcelviau.net\/?page_id=1019\" \/>\n<meta property=\"og:locale\" content=\"fr_FR\" \/>\n<meta property=\"og:type\" content=\"article\" \/>\n<meta property=\"og:title\" content=\"Pr\u00e9sentation - Les Enqu\u00eates de Silas Robinson\" \/>\n<meta property=\"og:description\" content=\"Quand le Canada se construisait dans le sang et les secrets&#8230; Les enqu\u00eates de Silas Robinson Polars historiques captivants. Silas Robinson devient le premier chef des d\u00e9tectives \u00e0 Montr\u00e9al en 1851. Ancien de Scotland Yard, cet homme aust\u00e8re et m\u00e9thodique va d\u00e9m\u00ealer les crimes les plus sombres d&rsquo;un pays en pleine naissance. Les enqu\u00eates de ... Lire la suite\" \/>\n<meta property=\"og:url\" content=\"https:\/\/marcelviau.net\/?page_id=1019\" \/>\n<meta property=\"og:site_name\" content=\"Les Enqu\u00eates de Silas Robinson\" \/>\n<meta property=\"article:modified_time\" content=\"2025-11-02T12:15:22+00:00\" \/>\n<meta name=\"twitter:card\" content=\"summary_large_image\" \/>\n<meta name=\"twitter:label1\" content=\"Dur\u00e9e de lecture estim\u00e9e\" \/>\n\t<meta name=\"twitter:data1\" content=\"2 minutes\" \/>\n<script type=\"application\/ld+json\" class=\"yoast-schema-graph\">{\"@context\":\"https:\\\/\\\/schema.org\",\"@graph\":[{\"@type\":\"WebPage\",\"@id\":\"https:\\\/\\\/marcelviau.net\\\/?page_id=1019\",\"url\":\"https:\\\/\\\/marcelviau.net\\\/?page_id=1019\",\"name\":\"Pr\u00e9sentation - Les Enqu\u00eates de Silas Robinson\",\"isPartOf\":{\"@id\":\"https:\\\/\\\/marcelviau.net\\\/#website\"},\"primaryImageOfPage\":{\"@id\":\"https:\\\/\\\/marcelviau.net\\\/?page_id=1019#primaryimage\"},\"image\":{\"@id\":\"https:\\\/\\\/marcelviau.net\\\/?page_id=1019#primaryimage\"},\"thumbnailUrl\":\"https:\\\/\\\/marcelviau.net\\\/wp-content\\\/uploads\\\/2025\\\/08\\\/Silas-Robinson.png\",\"datePublished\":\"2022-08-26T17:47:55+00:00\",\"dateModified\":\"2025-11-02T12:15:22+00:00\",\"breadcrumb\":{\"@id\":\"https:\\\/\\\/marcelviau.net\\\/?page_id=1019#breadcrumb\"},\"inLanguage\":\"fr-FR\",\"potentialAction\":[{\"@type\":\"ReadAction\",\"target\":[\"https:\\\/\\\/marcelviau.net\\\/?page_id=1019\"]}]},{\"@type\":\"ImageObject\",\"inLanguage\":\"fr-FR\",\"@id\":\"https:\\\/\\\/marcelviau.net\\\/?page_id=1019#primaryimage\",\"url\":\"\",\"contentUrl\":\"\"},{\"@type\":\"BreadcrumbList\",\"@id\":\"https:\\\/\\\/marcelviau.net\\\/?page_id=1019#breadcrumb\",\"itemListElement\":[{\"@type\":\"ListItem\",\"position\":1,\"name\":\"Accueil\",\"item\":\"https:\\\/\\\/marcelviau.net\\\/\"},{\"@type\":\"ListItem\",\"position\":2,\"name\":\"Pr\u00e9sentation\"}]},{\"@type\":\"WebSite\",\"@id\":\"https:\\\/\\\/marcelviau.net\\\/#website\",\"url\":\"https:\\\/\\\/marcelviau.net\\\/\",\"name\":\"Les Enqu\u00eates de Silas Robinson\",\"description\":\"Romans policiers historiques par Marcel Viau\",\"publisher\":{\"@id\":\"https:\\\/\\\/marcelviau.net\\\/#\\\/schema\\\/person\\\/1606b12bb3273c47bb44adc6fbb4de84\"},\"potentialAction\":[{\"@type\":\"SearchAction\",\"target\":{\"@type\":\"EntryPoint\",\"urlTemplate\":\"https:\\\/\\\/marcelviau.net\\\/?s={search_term_string}\"},\"query-input\":{\"@type\":\"PropertyValueSpecification\",\"valueRequired\":true,\"valueName\":\"search_term_string\"}}],\"inLanguage\":\"fr-FR\"},{\"@type\":[\"Person\",\"Organization\"],\"@id\":\"https:\\\/\\\/marcelviau.net\\\/#\\\/schema\\\/person\\\/1606b12bb3273c47bb44adc6fbb4de84\",\"name\":\"Marcel Viau\",\"image\":{\"@type\":\"ImageObject\",\"inLanguage\":\"fr-FR\",\"@id\":\"https:\\\/\\\/marcelviau.net\\\/wp-content\\\/uploads\\\/2025\\\/07\\\/Viau-2025-scaled.jpg\",\"url\":\"https:\\\/\\\/marcelviau.net\\\/wp-content\\\/uploads\\\/2025\\\/07\\\/Viau-2025-scaled.jpg\",\"contentUrl\":\"https:\\\/\\\/marcelviau.net\\\/wp-content\\\/uploads\\\/2025\\\/07\\\/Viau-2025-scaled.jpg\",\"width\":1920,\"height\":2560,\"caption\":\"Marcel Viau\"},\"logo\":{\"@id\":\"https:\\\/\\\/marcelviau.net\\\/wp-content\\\/uploads\\\/2025\\\/07\\\/Viau-2025-scaled.jpg\"},\"sameAs\":[\"https:\\\/\\\/marcelviau.net\"]}]}<\/script>\n<!-- \/ Yoast SEO plugin. -->","yoast_head_json":{"title":"Pr\u00e9sentation - Les Enqu\u00eates de Silas Robinson","robots":{"index":"index","follow":"follow","max-snippet":"max-snippet:-1","max-image-preview":"max-image-preview:large","max-video-preview":"max-video-preview:-1"},"canonical":"https:\/\/marcelviau.net\/?page_id=1019","og_locale":"fr_FR","og_type":"article","og_title":"Pr\u00e9sentation - Les Enqu\u00eates de Silas Robinson","og_description":"Quand le Canada se construisait dans le sang et les secrets&#8230; Les enqu\u00eates de Silas Robinson Polars historiques captivants. Silas Robinson devient le premier chef des d\u00e9tectives \u00e0 Montr\u00e9al en 1851. Ancien de Scotland Yard, cet homme aust\u00e8re et m\u00e9thodique va d\u00e9m\u00ealer les crimes les plus sombres d&rsquo;un pays en pleine naissance. Les enqu\u00eates de ... Lire la suite","og_url":"https:\/\/marcelviau.net\/?page_id=1019","og_site_name":"Les Enqu\u00eates de Silas Robinson","article_modified_time":"2025-11-02T12:15:22+00:00","twitter_card":"summary_large_image","twitter_misc":{"Dur\u00e9e de lecture estim\u00e9e":"2 minutes"},"schema":{"@context":"https:\/\/schema.org","@graph":[{"@type":"WebPage","@id":"https:\/\/marcelviau.net\/?page_id=1019","url":"https:\/\/marcelviau.net\/?page_id=1019","name":"Pr\u00e9sentation - Les Enqu\u00eates de Silas Robinson","isPartOf":{"@id":"https:\/\/marcelviau.net\/#website"},"primaryImageOfPage":{"@id":"https:\/\/marcelviau.net\/?page_id=1019#primaryimage"},"image":{"@id":"https:\/\/marcelviau.net\/?page_id=1019#primaryimage"},"thumbnailUrl":"https:\/\/marcelviau.net\/wp-content\/uploads\/2025\/08\/Silas-Robinson.png","datePublished":"2022-08-26T17:47:55+00:00","dateModified":"2025-11-02T12:15:22+00:00","breadcrumb":{"@id":"https:\/\/marcelviau.net\/?page_id=1019#breadcrumb"},"inLanguage":"fr-FR","potentialAction":[{"@type":"ReadAction","target":["https:\/\/marcelviau.net\/?page_id=1019"]}]},{"@type":"ImageObject","inLanguage":"fr-FR","@id":"https:\/\/marcelviau.net\/?page_id=1019#primaryimage","url":"","contentUrl":""},{"@type":"BreadcrumbList","@id":"https:\/\/marcelviau.net\/?page_id=1019#breadcrumb","itemListElement":[{"@type":"ListItem","position":1,"name":"Accueil","item":"https:\/\/marcelviau.net\/"},{"@type":"ListItem","position":2,"name":"Pr\u00e9sentation"}]},{"@type":"WebSite","@id":"https:\/\/marcelviau.net\/#website","url":"https:\/\/marcelviau.net\/","name":"Les Enqu\u00eates de Silas Robinson","description":"Romans policiers historiques par Marcel Viau","publisher":{"@id":"https:\/\/marcelviau.net\/#\/schema\/person\/1606b12bb3273c47bb44adc6fbb4de84"},"potentialAction":[{"@type":"SearchAction","target":{"@type":"EntryPoint","urlTemplate":"https:\/\/marcelviau.net\/?s={search_term_string}"},"query-input":{"@type":"PropertyValueSpecification","valueRequired":true,"valueName":"search_term_string"}}],"inLanguage":"fr-FR"},{"@type":["Person","Organization"],"@id":"https:\/\/marcelviau.net\/#\/schema\/person\/1606b12bb3273c47bb44adc6fbb4de84","name":"Marcel Viau","image":{"@type":"ImageObject","inLanguage":"fr-FR","@id":"https:\/\/marcelviau.net\/wp-content\/uploads\/2025\/07\/Viau-2025-scaled.jpg","url":"https:\/\/marcelviau.net\/wp-content\/uploads\/2025\/07\/Viau-2025-scaled.jpg","contentUrl":"https:\/\/marcelviau.net\/wp-content\/uploads\/2025\/07\/Viau-2025-scaled.jpg","width":1920,"height":2560,"caption":"Marcel Viau"},"logo":{"@id":"https:\/\/marcelviau.net\/wp-content\/uploads\/2025\/07\/Viau-2025-scaled.jpg"},"sameAs":["https:\/\/marcelviau.net"]}]}},"jetpack-related-posts":[{"id":4,"url":"https:\/\/marcelviau.net\/?page_id=4","url_meta":{"origin":1019,"position":0},"title":"Qui est Silas Robinson?","author":"Marcel Viau","date":"3 ao\u00fbt 2020","format":false,"excerpt":"Portrait de Silas Robinson Silas Robinson s\u2019expatrie au Canada en 1844 en provenance de Londres o\u00f9 il fut policier \u00e0 la c\u00e9l\u00e8bre\u00a0London Metropolitan Police\u00a0(Scotland Yard). Il ouvre un bureau de d\u00e9tective priv\u00e9 \u00e0 Montr\u00e9al et se fait remarquer par ses succ\u00e8s. En 1851, on lui demande de cr\u00e9er\u00a0un nouveau poste\u2026","rel":"","context":"Article similaire","block_context":{"text":"Article similaire","link":""},"img":{"alt_text":"Portrait de Silas Robinson","src":"https:\/\/i0.wp.com\/marcelviau.net\/wp-content\/uploads\/2020\/10\/portrait_silas4.jpg?resize=350%2C200&ssl=1","width":350,"height":200,"srcset":"https:\/\/i0.wp.com\/marcelviau.net\/wp-content\/uploads\/2020\/10\/portrait_silas4.jpg?resize=350%2C200&ssl=1 1x, https:\/\/i0.wp.com\/marcelviau.net\/wp-content\/uploads\/2020\/10\/portrait_silas4.jpg?resize=525%2C300&ssl=1 1.5x, https:\/\/i0.wp.com\/marcelviau.net\/wp-content\/uploads\/2020\/10\/portrait_silas4.jpg?resize=700%2C400&ssl=1 2x, https:\/\/i0.wp.com\/marcelviau.net\/wp-content\/uploads\/2020\/10\/portrait_silas4.jpg?resize=1050%2C600&ssl=1 3x, https:\/\/i0.wp.com\/marcelviau.net\/wp-content\/uploads\/2020\/10\/portrait_silas4.jpg?resize=1400%2C800&ssl=1 4x"},"classes":[]},{"id":2506,"url":"https:\/\/marcelviau.net\/?page_id=2506","url_meta":{"origin":1019,"position":1},"title":"Les enqu\u00eates de Silas (test)","author":"Marcel Viau","date":"12 juillet 2025","format":false,"excerpt":"Les Enqu\u00eates de Silas Robinson Collection compl\u00e8te des myst\u00e8res et aventures du d\u00e9tective priv\u00e9 Tome 1(2020) Les crimes du manoir Debartzch Dans ce premier volume, Silas Robinson intervient comme d\u00e9tective priv\u00e9 dans le village de Saint-Charles-sur-le-Richelieu, \u00e0 la demande du chef de police de Montr\u00e9al. Une affaire \u00e9trange qui met\u2026","rel":"","context":"Article similaire","block_context":{"text":"Article similaire","link":""},"img":{"alt_text":"","src":"","width":0,"height":0},"classes":[]},{"id":2553,"url":"https:\/\/marcelviau.net\/?page_id=2553","url_meta":{"origin":1019,"position":2},"title":"Qui est Silas","author":"Marcel Viau","date":"9 juillet 2025","format":false,"excerpt":"Imaginez un homme de\u00a01m85, imposant sans \u00eatre intimidant, qui arpente les rues de Montr\u00e9al au milieu du XIXe si\u00e8cle avec son \u00e9ternel\u00a0chapeau melon\u00a0et sa moustache en guidon de v\u00e9lo soigneusement cir\u00e9e. Silas Robinson n'est pas un d\u00e9tective ordinaire. Premier chef du bureau des d\u00e9tectives de Montr\u00e9al, il applique des m\u00e9thodes\u2026","rel":"","context":"Article similaire","block_context":{"text":"Article similaire","link":""},"img":{"alt_text":"","src":"https:\/\/i0.wp.com\/marcelviau.net\/wp-content\/uploads\/2024\/03\/portrait_silas4-757x1024-2.jpg?resize=350%2C200&ssl=1","width":350,"height":200,"srcset":"https:\/\/i0.wp.com\/marcelviau.net\/wp-content\/uploads\/2024\/03\/portrait_silas4-757x1024-2.jpg?resize=350%2C200&ssl=1 1x, https:\/\/i0.wp.com\/marcelviau.net\/wp-content\/uploads\/2024\/03\/portrait_silas4-757x1024-2.jpg?resize=525%2C300&ssl=1 1.5x, https:\/\/i0.wp.com\/marcelviau.net\/wp-content\/uploads\/2024\/03\/portrait_silas4-757x1024-2.jpg?resize=700%2C400&ssl=1 2x"},"classes":[]},{"id":1975,"url":"https:\/\/marcelviau.net\/?page_id=1975","url_meta":{"origin":1019,"position":3},"title":"Dossier de presse","author":"Marcel Viau","date":"22 septembre 2024","format":false,"excerpt":"LA SIXI\u00c8ME ENQU\u00caTE DE SILAS ROBINSON La terrasse Durham \u00e0 Qu\u00e9bec Dans sa derni\u00e8re enqu\u00eate, on retrouve Silas Robinson, le chef des d\u00e9tectives de la ville de Montr\u00e9al. Il est venu \u00e0 Qu\u00e9bec pour enqu\u00eater sur la mort de l\u2019\u00e9pouse de son coll\u00e8gue Patrick O\u2019Connell, lui-m\u00eame d\u00e9tective \u00e0 la ville\u2026","rel":"","context":"Article similaire","block_context":{"text":"Article similaire","link":""},"img":{"alt_text":"","src":"https:\/\/i0.wp.com\/marcelviau.net\/wp-content\/uploads\/2024\/09\/Chap-6-Terrasse-Durham-1860.jpg?resize=350%2C200&ssl=1","width":350,"height":200,"srcset":"https:\/\/i0.wp.com\/marcelviau.net\/wp-content\/uploads\/2024\/09\/Chap-6-Terrasse-Durham-1860.jpg?resize=350%2C200&ssl=1 1x, https:\/\/i0.wp.com\/marcelviau.net\/wp-content\/uploads\/2024\/09\/Chap-6-Terrasse-Durham-1860.jpg?resize=525%2C300&ssl=1 1.5x, https:\/\/i0.wp.com\/marcelviau.net\/wp-content\/uploads\/2024\/09\/Chap-6-Terrasse-Durham-1860.jpg?resize=700%2C400&ssl=1 2x"},"classes":[]},{"id":2790,"url":"https:\/\/marcelviau.net\/?page_id=2790","url_meta":{"origin":1019,"position":4},"title":"Les enqu\u00eates de Silas (2)","author":"Marcel Viau","date":"13 juillet 2025","format":false,"excerpt":"Les Enqu\u00eates de Silas Robinson Collection compl\u00e8te de ses myst\u00e8res et aventures Les crimes du manoir Debartzch (2020) Dans ce premier volume, Silas Robinson intervient comme d\u00e9tective priv\u00e9 dans le village de Saint-Charles-sur-le-Richelieu, \u00e0 la demande du chef de police de Montr\u00e9al. Une affaire \u00e9trange qui met en lumi\u00e8re les\u2026","rel":"","context":"Article similaire","block_context":{"text":"Article similaire","link":""},"img":{"alt_text":"","src":"","width":0,"height":0},"classes":[]},{"id":2200,"url":"https:\/\/marcelviau.net\/?page_id=2200","url_meta":{"origin":1019,"position":5},"title":"Dossier 2025: Enqu\u00eates de Silas Robinson","author":"Marcel Viau","date":"14 juin 2025","format":false,"excerpt":"DOSSIER DE PR\u00c9SENTATION Titre de la s\u00e9rie\u00a0: Les enqu\u00eates de Silas Robinson Auteur\u00a0: Marcel Viau\u00a0 Format\u00a0: Romans policiers historiques Nombre de volumes\u00a0: 8 romans complets (auto\u00e9dit\u00e9s) PR\u00c9SENTATION G\u00c9N\u00c9RALE Les enqu\u00eates de Silas Robinson forment une s\u00e9rie de romans policiers historiques situ\u00e9s au Canada dans la deuxi\u00e8me moiti\u00e9 du XIXe si\u00e8cle.\u2026","rel":"","context":"Article similaire","block_context":{"text":"Article similaire","link":""},"img":{"alt_text":"","src":"","width":0,"height":0},"classes":[]}],"jetpack_sharing_enabled":true,"_links":{"self":[{"href":"https:\/\/marcelviau.net\/index.php?rest_route=\/wp\/v2\/pages\/1019","targetHints":{"allow":["GET"]}}],"collection":[{"href":"https:\/\/marcelviau.net\/index.php?rest_route=\/wp\/v2\/pages"}],"about":[{"href":"https:\/\/marcelviau.net\/index.php?rest_route=\/wp\/v2\/types\/page"}],"author":[{"embeddable":true,"href":"https:\/\/marcelviau.net\/index.php?rest_route=\/wp\/v2\/users\/1"}],"replies":[{"embeddable":true,"href":"https:\/\/marcelviau.net\/index.php?rest_route=%2Fwp%2Fv2%2Fcomments&post=1019"}],"version-history":[{"count":32,"href":"https:\/\/marcelviau.net\/index.php?rest_route=\/wp\/v2\/pages\/1019\/revisions"}],"predecessor-version":[{"id":3173,"href":"https:\/\/marcelviau.net\/index.php?rest_route=\/wp\/v2\/pages\/1019\/revisions\/3173"}],"wp:attachment":[{"href":"https:\/\/marcelviau.net\/index.php?rest_route=%2Fwp%2Fv2%2Fmedia&parent=1019"}],"curies":[{"name":"wp","href":"https:\/\/api.w.org\/{rel}","templated":true}]}}