{"id":1309,"date":"2023-07-15T11:12:45","date_gmt":"2023-07-15T15:12:45","guid":{"rendered":"https:\/\/marcelviau.net\/?page_id=1309"},"modified":"2025-07-04T09:24:31","modified_gmt":"2025-07-04T13:24:31","slug":"livres-de-marcel-viau-2","status":"publish","type":"page","link":"https:\/\/marcelviau.net\/?page_id=1309","title":{"rendered":"Livres de Marcel Viau (2)"},"content":{"rendered":"\n<blockquote class=\"wp-block-quote is-layout-flow wp-block-quote-is-layout-flow\">\n<h3 class=\"wp-block-heading\">Les oeuvres de fiction de Marcel Viau sont disponibles dans plusieurs libraires au Canada et en Europe <\/h3>\n\n\n\n<h3 class=\"wp-block-heading\"><mark style=\"background-color:rgba(0, 0, 0, 0)\" class=\"has-inline-color has-tertiary-color\"><em>Cliquez sur le titre pour avoir des d\u00e9tails<\/em>.<\/mark><\/h3>\n<\/blockquote>\n\n\n\n<p><\/p>\n\n\n\n<h1 class=\"wp-block-heading\">Les enqu\u00eates de Silas Robinson<\/h1>\n\n\n\n<h2 class=\"wp-block-heading has-text-align-center\"><strong><a href=\"https:\/\/marcelviau.net\/?page_id=2457\" data-type=\"link\" data-id=\"https:\/\/marcelviau.net\/?page_id=2457\">Turbulence dans Griffintown<\/a> (2025)<\/strong><\/h2>\n\n\n\n<h2 class=\"wp-block-heading has-text-align-center\"><strong><a href=\"http:\/\/marcelviau.net\/?page_id=1768\" data-type=\"link\" data-id=\"marcelviau.net\/?page_id=1768\">La morte du faubourg Saint-Louis <\/a>(2024)<\/strong><\/h2>\n\n\n\n<h2 class=\"wp-block-heading has-text-align-center\"><span style=\"text-decoration: underline;\"><a href=\"http:\/\/marcelviau.net\/?page_id=1429\" data-type=\"link\" data-id=\"marcelviau.net\/?page_id=1429\">Meurtre \u00e0 la caserne des J\u00e9suites<\/a><\/span> (2023)<\/h2>\n\n\n\n<h2 class=\"wp-block-heading has-text-align-center\"><a href=\"http:\/\/marcelviau.net\/?page_id=1269\" data-type=\"link\" data-id=\"marcelviau.net\/?page_id=1269\">Un pont sur le Saint-Laurent<\/a> (2023)<\/h2>\n\n\n\n<h2 class=\"wp-block-heading has-text-align-center\"><a href=\"http:\/\/marcelviau.net\/?page_id=1263\" data-type=\"link\" data-id=\"marcelviau.net\/?page_id=1263\">Au temps de la peste bleue<\/a> (2022)<\/h2>\n\n\n\n<h2 class=\"wp-block-heading has-text-align-center\"><a href=\"http:\/\/marcelviau.net\/?page_id=1258\" data-type=\"link\" data-id=\"marcelviau.net\/?page_id=1258\">Le carcajou du Mont-Royal<\/a> (2021)<\/h2>\n\n\n\n<h2 class=\"wp-block-heading has-text-align-center\"><a href=\"http:\/\/marcelviau.net\/?page_id=1249\" data-type=\"link\" data-id=\"marcelviau.net\/?page_id=1249\">Les crimes du manoir Debartzcsh<\/a> (2020)<\/h2>\n\n\n\n<p><\/p>\n\n\n\n<h1 class=\"wp-block-heading\">Autres ouvrages de fiction<\/h1>\n\n\n\n<h2 class=\"wp-block-heading has-text-align-center\"><strong><a href=\"http:\/\/marcelviau.net\/?page_id=1333\" data-type=\"link\" data-id=\"marcelviau.net\/?page_id=1333\">Le legs d&rsquo;Andr\u00e9a<\/a><\/strong> (2019)<\/h2>\n\n\n\n<h2 class=\"wp-block-heading has-text-align-center\"><a href=\"http:\/\/marcelviau.net\/?page_id=1338\" data-type=\"link\" data-id=\"marcelviau.net\/?page_id=1338\">Une orchid\u00e9e dans le jardin d&rsquo;hiver<\/a> (2019)<\/h2>\n\n\n\n<h2 class=\"wp-block-heading has-text-align-center\"><strong><a href=\"http:\/\/marcelviau.net\/?page_id=1346\" data-type=\"link\" data-id=\"marcelviau.net\/?page_id=1346\">La femme qui aimait la froid<\/a><\/strong> (2018)<\/h2>\n\n\n\n<h2 class=\"wp-block-heading has-text-align-center\"><a href=\"http:\/\/marcelviau.net\/?page_id=1354\" data-type=\"link\" data-id=\"marcelviau.net\/?page_id=1354\">Les Suppliantes. Un roman feuilleton<\/a> (2017)<\/h2>\n\n\n\n<h2 class=\"wp-block-heading has-text-align-center\"><a href=\"http:\/\/marcelviau.net\/?page_id=1363\" data-type=\"link\" data-id=\"marcelviau.net\/?page_id=1363\">L&rsquo;homme au bracelet rouge. Recueil de nouvelles<\/a> (2016)<\/h2>\n\n\n\n<h2 class=\"wp-block-heading has-text-align-center\"><a href=\"http:\/\/marcelviau.net\/?page_id=1396\" data-type=\"link\" data-id=\"marcelviau.net\/?page_id=1396\">Br\u00e9beuf. Th\u00e9\u00e2tre op\u00e9ratique<\/a> (2016)<\/h2>\n\n\n\n<p><\/p>\n\n\n\n<p><\/p>\n\n\n\n<p><\/p>\n\n\n\n<p><\/p>\n\n\n\n<p class=\"has-text-align-center\"><\/p>\n","protected":false},"excerpt":{"rendered":"<p>Les oeuvres de fiction de Marcel Viau sont disponibles dans plusieurs libraires au Canada et en Europe Cliquez sur le titre pour avoir des d\u00e9tails. Les enqu\u00eates de Silas Robinson Turbulence dans Griffintown (2025) La morte du faubourg Saint-Louis (2024) Meurtre \u00e0 la caserne des J\u00e9suites (2023) Un pont sur le Saint-Laurent (2023) Au temps &#8230; <a title=\"Livres de Marcel Viau (2)\" class=\"read-more\" href=\"https:\/\/marcelviau.net\/?page_id=1309\" aria-label=\"En savoir plus sur Livres de Marcel Viau (2)\">Lire la suite<\/a><\/p>\n","protected":false},"author":1,"featured_media":0,"parent":0,"menu_order":0,"comment_status":"closed","ping_status":"closed","template":"","meta":{"footnotes":""},"class_list":["post-1309","page","type-page","status-publish"],"yoast_head":"<!-- This site is optimized with the Yoast SEO plugin v27.4 - https:\/\/yoast.com\/product\/yoast-seo-wordpress\/ -->\n<title>Livres de Marcel Viau (2) - Les Enqu\u00eates de Silas Robinson<\/title>\n<meta name=\"robots\" content=\"index, follow, max-snippet:-1, max-image-preview:large, max-video-preview:-1\" \/>\n<link rel=\"canonical\" href=\"https:\/\/marcelviau.net\/?page_id=1309\" \/>\n<meta property=\"og:locale\" content=\"fr_FR\" \/>\n<meta property=\"og:type\" content=\"article\" \/>\n<meta property=\"og:title\" content=\"Livres de Marcel Viau (2) - Les Enqu\u00eates de Silas Robinson\" \/>\n<meta property=\"og:description\" content=\"Les oeuvres de fiction de Marcel Viau sont disponibles dans plusieurs libraires au Canada et en Europe Cliquez sur le titre pour avoir des d\u00e9tails. Les enqu\u00eates de Silas Robinson Turbulence dans Griffintown (2025) La morte du faubourg Saint-Louis (2024) Meurtre \u00e0 la caserne des J\u00e9suites (2023) Un pont sur le Saint-Laurent (2023) Au temps ... Lire la suite\" \/>\n<meta property=\"og:url\" content=\"https:\/\/marcelviau.net\/?page_id=1309\" \/>\n<meta property=\"og:site_name\" content=\"Les Enqu\u00eates de Silas Robinson\" \/>\n<meta property=\"article:modified_time\" content=\"2025-07-04T13:24:31+00:00\" \/>\n<meta name=\"twitter:card\" content=\"summary_large_image\" \/>\n<meta name=\"twitter:label1\" content=\"Dur\u00e9e de lecture estim\u00e9e\" \/>\n\t<meta name=\"twitter:data1\" content=\"1 minute\" \/>\n<script type=\"application\/ld+json\" class=\"yoast-schema-graph\">{\"@context\":\"https:\\\/\\\/schema.org\",\"@graph\":[{\"@type\":\"WebPage\",\"@id\":\"https:\\\/\\\/marcelviau.net\\\/?page_id=1309\",\"url\":\"https:\\\/\\\/marcelviau.net\\\/?page_id=1309\",\"name\":\"Livres de Marcel Viau (2) - Les Enqu\u00eates de Silas Robinson\",\"isPartOf\":{\"@id\":\"https:\\\/\\\/marcelviau.net\\\/#website\"},\"datePublished\":\"2023-07-15T15:12:45+00:00\",\"dateModified\":\"2025-07-04T13:24:31+00:00\",\"breadcrumb\":{\"@id\":\"https:\\\/\\\/marcelviau.net\\\/?page_id=1309#breadcrumb\"},\"inLanguage\":\"fr-FR\",\"potentialAction\":[{\"@type\":\"ReadAction\",\"target\":[\"https:\\\/\\\/marcelviau.net\\\/?page_id=1309\"]}]},{\"@type\":\"BreadcrumbList\",\"@id\":\"https:\\\/\\\/marcelviau.net\\\/?page_id=1309#breadcrumb\",\"itemListElement\":[{\"@type\":\"ListItem\",\"position\":1,\"name\":\"Accueil\",\"item\":\"https:\\\/\\\/marcelviau.net\\\/\"},{\"@type\":\"ListItem\",\"position\":2,\"name\":\"Livres de Marcel Viau (2)\"}]},{\"@type\":\"WebSite\",\"@id\":\"https:\\\/\\\/marcelviau.net\\\/#website\",\"url\":\"https:\\\/\\\/marcelviau.net\\\/\",\"name\":\"Les Enqu\u00eates de Silas Robinson\",\"description\":\"Romans policiers historiques par Marcel Viau\",\"publisher\":{\"@id\":\"https:\\\/\\\/marcelviau.net\\\/#\\\/schema\\\/person\\\/1606b12bb3273c47bb44adc6fbb4de84\"},\"potentialAction\":[{\"@type\":\"SearchAction\",\"target\":{\"@type\":\"EntryPoint\",\"urlTemplate\":\"https:\\\/\\\/marcelviau.net\\\/?s={search_term_string}\"},\"query-input\":{\"@type\":\"PropertyValueSpecification\",\"valueRequired\":true,\"valueName\":\"search_term_string\"}}],\"inLanguage\":\"fr-FR\"},{\"@type\":[\"Person\",\"Organization\"],\"@id\":\"https:\\\/\\\/marcelviau.net\\\/#\\\/schema\\\/person\\\/1606b12bb3273c47bb44adc6fbb4de84\",\"name\":\"Marcel Viau\",\"image\":{\"@type\":\"ImageObject\",\"inLanguage\":\"fr-FR\",\"@id\":\"https:\\\/\\\/marcelviau.net\\\/wp-content\\\/uploads\\\/2025\\\/07\\\/Viau-2025-scaled.jpg\",\"url\":\"https:\\\/\\\/marcelviau.net\\\/wp-content\\\/uploads\\\/2025\\\/07\\\/Viau-2025-scaled.jpg\",\"contentUrl\":\"https:\\\/\\\/marcelviau.net\\\/wp-content\\\/uploads\\\/2025\\\/07\\\/Viau-2025-scaled.jpg\",\"width\":1920,\"height\":2560,\"caption\":\"Marcel Viau\"},\"logo\":{\"@id\":\"https:\\\/\\\/marcelviau.net\\\/wp-content\\\/uploads\\\/2025\\\/07\\\/Viau-2025-scaled.jpg\"},\"sameAs\":[\"https:\\\/\\\/marcelviau.net\"]}]}<\/script>\n<!-- \/ Yoast SEO plugin. -->","yoast_head_json":{"title":"Livres de Marcel Viau (2) - Les Enqu\u00eates de Silas Robinson","robots":{"index":"index","follow":"follow","max-snippet":"max-snippet:-1","max-image-preview":"max-image-preview:large","max-video-preview":"max-video-preview:-1"},"canonical":"https:\/\/marcelviau.net\/?page_id=1309","og_locale":"fr_FR","og_type":"article","og_title":"Livres de Marcel Viau (2) - Les Enqu\u00eates de Silas Robinson","og_description":"Les oeuvres de fiction de Marcel Viau sont disponibles dans plusieurs libraires au Canada et en Europe Cliquez sur le titre pour avoir des d\u00e9tails. Les enqu\u00eates de Silas Robinson Turbulence dans Griffintown (2025) La morte du faubourg Saint-Louis (2024) Meurtre \u00e0 la caserne des J\u00e9suites (2023) Un pont sur le Saint-Laurent (2023) Au temps ... Lire la suite","og_url":"https:\/\/marcelviau.net\/?page_id=1309","og_site_name":"Les Enqu\u00eates de Silas Robinson","article_modified_time":"2025-07-04T13:24:31+00:00","twitter_card":"summary_large_image","twitter_misc":{"Dur\u00e9e de lecture estim\u00e9e":"1 minute"},"schema":{"@context":"https:\/\/schema.org","@graph":[{"@type":"WebPage","@id":"https:\/\/marcelviau.net\/?page_id=1309","url":"https:\/\/marcelviau.net\/?page_id=1309","name":"Livres de Marcel Viau (2) - Les Enqu\u00eates de Silas Robinson","isPartOf":{"@id":"https:\/\/marcelviau.net\/#website"},"datePublished":"2023-07-15T15:12:45+00:00","dateModified":"2025-07-04T13:24:31+00:00","breadcrumb":{"@id":"https:\/\/marcelviau.net\/?page_id=1309#breadcrumb"},"inLanguage":"fr-FR","potentialAction":[{"@type":"ReadAction","target":["https:\/\/marcelviau.net\/?page_id=1309"]}]},{"@type":"BreadcrumbList","@id":"https:\/\/marcelviau.net\/?page_id=1309#breadcrumb","itemListElement":[{"@type":"ListItem","position":1,"name":"Accueil","item":"https:\/\/marcelviau.net\/"},{"@type":"ListItem","position":2,"name":"Livres de Marcel Viau (2)"}]},{"@type":"WebSite","@id":"https:\/\/marcelviau.net\/#website","url":"https:\/\/marcelviau.net\/","name":"Les Enqu\u00eates de Silas Robinson","description":"Romans policiers historiques par Marcel Viau","publisher":{"@id":"https:\/\/marcelviau.net\/#\/schema\/person\/1606b12bb3273c47bb44adc6fbb4de84"},"potentialAction":[{"@type":"SearchAction","target":{"@type":"EntryPoint","urlTemplate":"https:\/\/marcelviau.net\/?s={search_term_string}"},"query-input":{"@type":"PropertyValueSpecification","valueRequired":true,"valueName":"search_term_string"}}],"inLanguage":"fr-FR"},{"@type":["Person","Organization"],"@id":"https:\/\/marcelviau.net\/#\/schema\/person\/1606b12bb3273c47bb44adc6fbb4de84","name":"Marcel Viau","image":{"@type":"ImageObject","inLanguage":"fr-FR","@id":"https:\/\/marcelviau.net\/wp-content\/uploads\/2025\/07\/Viau-2025-scaled.jpg","url":"https:\/\/marcelviau.net\/wp-content\/uploads\/2025\/07\/Viau-2025-scaled.jpg","contentUrl":"https:\/\/marcelviau.net\/wp-content\/uploads\/2025\/07\/Viau-2025-scaled.jpg","width":1920,"height":2560,"caption":"Marcel Viau"},"logo":{"@id":"https:\/\/marcelviau.net\/wp-content\/uploads\/2025\/07\/Viau-2025-scaled.jpg"},"sameAs":["https:\/\/marcelviau.net"]}]}},"jetpack-related-posts":[{"id":2041,"url":"https:\/\/marcelviau.net\/?page_id=2041","url_meta":{"origin":1309,"position":0},"title":"Accueil (Griffintown)","author":"Marcel Viau","date":"7 janvier 2025","format":false,"excerpt":"Turbulences dans Griffintown Une nouvelle enqu\u00eate de Silas Robinson LE SEPTI\u00c8ME POLAR DE MARCEL VIAU En 1865, un cadavre a \u00e9t\u00e9 d\u00e9couvert le lendemain de la f\u00eate de Saint-Patrick dans le quartier irlandais de Griffintown \u00e0 Montr\u00e9al. Silas Robinson m\u00e8ne l'enqu\u00eate, aid\u00e9 par sa nouvelle collaboratrice, Miss Dupuis. De prime\u2026","rel":"","context":"Article similaire","block_context":{"text":"Article similaire","link":""},"img":{"alt_text":"","src":"https:\/\/i0.wp.com\/marcelviau.net\/wp-content\/uploads\/2025\/01\/IA-Couverture.jpg?resize=350%2C200&ssl=1","width":350,"height":200,"srcset":"https:\/\/i0.wp.com\/marcelviau.net\/wp-content\/uploads\/2025\/01\/IA-Couverture.jpg?resize=350%2C200&ssl=1 1x, https:\/\/i0.wp.com\/marcelviau.net\/wp-content\/uploads\/2025\/01\/IA-Couverture.jpg?resize=525%2C300&ssl=1 1.5x, https:\/\/i0.wp.com\/marcelviau.net\/wp-content\/uploads\/2025\/01\/IA-Couverture.jpg?resize=700%2C400&ssl=1 2x"},"classes":[]},{"id":404,"url":"https:\/\/marcelviau.net\/?page_id=404","url_meta":{"origin":1309,"position":1},"title":"Accueil (Caserne)","author":"Marcel Viau","date":"18 janvier 2022","format":false,"excerpt":"LE DERNIER ROMAN DE MARCEL VIAU Meurtre \u00e0 la caserne des J\u00e9suites Une enqu\u00eate de Silas Robinson En 1861, un haut grad\u00e9 de l\u2019arm\u00e9e britannique stationn\u00e9 \u00e0 la caserne des J\u00e9suites \u00e0 Qu\u00e9bec est mort de fa\u00e7on myst\u00e9rieuse. L\u2019affaire est sensible et comporte vraisemblablement des ramifications politiques. C\u2019est pourquoi le\u2026","rel":"","context":"Article similaire","block_context":{"text":"Article similaire","link":""},"img":{"alt_text":"","src":"https:\/\/i0.wp.com\/marcelviau.net\/wp-content\/uploads\/2023\/08\/Caserne-des-Jesuites-2.jpg?resize=350%2C200&ssl=1","width":350,"height":200,"srcset":"https:\/\/i0.wp.com\/marcelviau.net\/wp-content\/uploads\/2023\/08\/Caserne-des-Jesuites-2.jpg?resize=350%2C200&ssl=1 1x, https:\/\/i0.wp.com\/marcelviau.net\/wp-content\/uploads\/2023\/08\/Caserne-des-Jesuites-2.jpg?resize=525%2C300&ssl=1 1.5x, https:\/\/i0.wp.com\/marcelviau.net\/wp-content\/uploads\/2023\/08\/Caserne-des-Jesuites-2.jpg?resize=700%2C400&ssl=1 2x"},"classes":[]},{"id":36,"url":"https:\/\/marcelviau.net\/?page_id=36","url_meta":{"origin":1309,"position":2},"title":"Blogue","author":"Marcel Viau","date":"11 ao\u00fbt 2020","format":false,"excerpt":"","rel":"","context":"Article similaire","block_context":{"text":"Article similaire","link":""},"img":{"alt_text":"","src":"","width":0,"height":0},"classes":[]},{"id":2740,"url":"https:\/\/marcelviau.net\/?page_id=2740","url_meta":{"origin":1309,"position":3},"title":"Articles r\u00e9cents","author":"Marcel Viau","date":"12 juillet 2025","format":false,"excerpt":"","rel":"","context":"Article similaire","block_context":{"text":"Article similaire","link":""},"img":{"alt_text":"","src":"","width":0,"height":0},"classes":[]},{"id":1777,"url":"https:\/\/marcelviau.net\/?page_id=1777","url_meta":{"origin":1309,"position":4},"title":"Accueil (Faubourg-2)","author":"Marcel Viau","date":"15 mai 2024","format":false,"excerpt":"La morte du faubourg Saint-Louis Une enqu\u00eate de Silas Robinson LE SIXI\u00c8ME POLAR DE MARCEL VIAU Le 7\u00a0juin 1862, un grave incendie a lieu \u00e0 Qu\u00e9bec dans le faubourg Saint-Louis. La d\u00e9cision est prise de faire \u00e9vacuer les immeubles situ\u00e9s autour de la d\u00e9flagration. C\u2019est alors que l\u2019on d\u00e9couvre le\u2026","rel":"","context":"Article similaire","block_context":{"text":"Article similaire","link":""},"img":{"alt_text":"","src":"https:\/\/i0.wp.com\/marcelviau.net\/wp-content\/uploads\/2024\/05\/A-Page-de-garde-incendie-quebec-faubourg-saint-louis.jpg?resize=350%2C200&ssl=1","width":350,"height":200,"srcset":"https:\/\/i0.wp.com\/marcelviau.net\/wp-content\/uploads\/2024\/05\/A-Page-de-garde-incendie-quebec-faubourg-saint-louis.jpg?resize=350%2C200&ssl=1 1x, https:\/\/i0.wp.com\/marcelviau.net\/wp-content\/uploads\/2024\/05\/A-Page-de-garde-incendie-quebec-faubourg-saint-louis.jpg?resize=525%2C300&ssl=1 1.5x, https:\/\/i0.wp.com\/marcelviau.net\/wp-content\/uploads\/2024\/05\/A-Page-de-garde-incendie-quebec-faubourg-saint-louis.jpg?resize=700%2C400&ssl=1 2x"},"classes":[]},{"id":2230,"url":"https:\/\/marcelviau.net\/?page_id=2230","url_meta":{"origin":1309,"position":5},"title":"T\u00e9l\u00e9charger roman gratuit","author":"Marcel Viau","date":"20 juin 2025","format":false,"excerpt":"T\u00e9l\u00e9charger gratuitement le pdf de \"Meurtre \u00e0 la caserne des J\u00e9suites\"! \ud83d\udcd6 Roman complet \u2022 \u23f1\ufe0f T\u00e9l\u00e9chargement imm\u00e9diat \u2022 \ud83c\udf81 Gratuit Pr\u00e9parez-vous \u00e0 plonger dans une enqu\u00eate captivante aux c\u00f4t\u00e9s de notre d\u00e9tective Silas Robinson. T\u00e9l\u00e9charger le roman PDF Vous avez aim\u00e9 ce roman ? Recevez les prochaines enqu\u00eates de\u2026","rel":"","context":"Article similaire","block_context":{"text":"Article similaire","link":""},"img":{"alt_text":"","src":"","width":0,"height":0},"classes":[]}],"jetpack_sharing_enabled":true,"_links":{"self":[{"href":"https:\/\/marcelviau.net\/index.php?rest_route=\/wp\/v2\/pages\/1309","targetHints":{"allow":["GET"]}}],"collection":[{"href":"https:\/\/marcelviau.net\/index.php?rest_route=\/wp\/v2\/pages"}],"about":[{"href":"https:\/\/marcelviau.net\/index.php?rest_route=\/wp\/v2\/types\/page"}],"author":[{"embeddable":true,"href":"https:\/\/marcelviau.net\/index.php?rest_route=\/wp\/v2\/users\/1"}],"replies":[{"embeddable":true,"href":"https:\/\/marcelviau.net\/index.php?rest_route=%2Fwp%2Fv2%2Fcomments&post=1309"}],"version-history":[{"count":36,"href":"https:\/\/marcelviau.net\/index.php?rest_route=\/wp\/v2\/pages\/1309\/revisions"}],"predecessor-version":[{"id":2467,"href":"https:\/\/marcelviau.net\/index.php?rest_route=\/wp\/v2\/pages\/1309\/revisions\/2467"}],"wp:attachment":[{"href":"https:\/\/marcelviau.net\/index.php?rest_route=%2Fwp%2Fv2%2Fmedia&parent=1309"}],"curies":[{"name":"wp","href":"https:\/\/api.w.org\/{rel}","templated":true}]}}