{"id":1333,"date":"2023-07-17T08:49:16","date_gmt":"2023-07-17T12:49:16","guid":{"rendered":"https:\/\/marcelviau.net\/?page_id=1333"},"modified":"2025-07-12T16:55:08","modified_gmt":"2025-07-12T20:55:08","slug":"le-legs-dandrea","status":"publish","type":"page","link":"https:\/\/marcelviau.net\/?page_id=1333","title":{"rendered":"Le legs d&rsquo;Andr\u00e9a(Teste"},"content":{"rendered":"\n<h2 class=\"wp-block-heading has-text-align-center\" id=\"block-5524f39e-b18c-421d-b9d4-818b8fbeeb4c\">LE LEG D&rsquo;ANDR\u00c9A (2019)<\/h2>\n\n\n\n<div class=\"wp-block-media-text alignwide is-stacked-on-mobile\" style=\"grid-template-columns:34% auto\"><figure class=\"wp-block-media-text__media\"><img loading=\"lazy\" decoding=\"async\" width=\"644\" height=\"920\" src=\"https:\/\/marcelviau.live-website.com\/wp-content\/uploads\/2020\/10\/Legs-couverture.jpg\" alt=\"\" class=\"wp-image-101 size-full\" srcset=\"https:\/\/marcelviau.net\/wp-content\/uploads\/2020\/10\/Legs-couverture.jpg 644w, https:\/\/marcelviau.net\/wp-content\/uploads\/2020\/10\/Legs-couverture-210x300.jpg 210w\" sizes=\"auto, (max-width: 644px) 100vw, 644px\" \/><\/figure><div class=\"wp-block-media-text__content\">\n<p><em>Zo\u00e9, une jeune fille bless\u00e9e par la vie, est condamn\u00e9e par le tribunal \u00e0 trois mois de travaux communautaires dans une r\u00e9sidence pour personnes \u00e2g\u00e9es. Elle y rencontre Andr\u00e9a, une vieille alcoolique aigrie qui se meurt d\u2019une cirrhose. \u00ab\u2009Puisqu\u2019il n\u2019y a pas de co\u00efncidence\u2009\u00bb comme le dit l\u2019un des personnages du roman, les deux femmes d\u00e9couvriront un lien de parent\u00e9 entre elles : Zo\u00e9 est la petite-fille d\u2019Andr\u00e9a. Le legs d\u2019Andr\u00e9a permettra \u00e0 Zo\u00e9 de commencer \u00e0 recoudre le tissu d\u00e9chir\u00e9 de sa propre vie.<\/em><\/p>\n\n\n\n<h5 class=\"wp-block-heading\">Disponible en format num\u00e9rique chez&nbsp;<a href=\"https:\/\/www.lulu.com\/fr\/shop\/marcel-viau\/le-legs-dandr%C3%83%C2%A9a\/ebook\/product-24329422.html\">Lulu<\/a> et papier chez&nbsp;<a href=\"https:\/\/www.lulu.com\/fr\/shop\/marcel-viau\/le-legs-dandr%C3%A9a\/paperback\/product-196ery8y.html\">Lulu<\/a>,&nbsp;<a href=\"https:\/\/www.amazon.ca\/-\/fr\/gp\/product\/2981570196?pf_rd_r=HY2BXAG3FKEMDPKD54PG&amp;pf_rd_p=b52073b7-e00d-4632-b0c5-b58ce02b7a94\">Amazon<\/a>&nbsp;et&nbsp;<a href=\"https:\/\/www.barnesandnoble.com\/w\/le-legs-dandr-a-marcel-viau\/1135613641?ean=9782981570192\">Barnes &amp; Noble<\/a>.<\/h5>\n<\/div><\/div>\n","protected":false},"excerpt":{"rendered":"<p>LE LEG D&rsquo;ANDR\u00c9A (2019) Zo\u00e9, une jeune fille bless\u00e9e par la vie, est condamn\u00e9e par le tribunal \u00e0 trois mois de travaux communautaires dans une r\u00e9sidence pour personnes \u00e2g\u00e9es. Elle y rencontre Andr\u00e9a, une vieille alcoolique aigrie qui se meurt d\u2019une cirrhose. \u00ab\u2009Puisqu\u2019il n\u2019y a pas de co\u00efncidence\u2009\u00bb comme le dit l\u2019un des personnages du &#8230; <a title=\"Le legs d&rsquo;Andr\u00e9a(Teste\" class=\"read-more\" href=\"https:\/\/marcelviau.net\/?page_id=1333\" aria-label=\"En savoir plus sur Le legs d&rsquo;Andr\u00e9a(Teste\">Lire la suite<\/a><\/p>\n","protected":false},"author":1,"featured_media":0,"parent":0,"menu_order":0,"comment_status":"closed","ping_status":"closed","template":"","meta":{"footnotes":""},"class_list":["post-1333","page","type-page","status-publish"],"yoast_head":"<!-- This site is optimized with the Yoast SEO plugin v27.4 - https:\/\/yoast.com\/product\/yoast-seo-wordpress\/ -->\n<title>Le legs d&#039;Andr\u00e9a(Teste - Les Enqu\u00eates de Silas Robinson<\/title>\n<meta name=\"robots\" content=\"index, follow, max-snippet:-1, max-image-preview:large, max-video-preview:-1\" \/>\n<link rel=\"canonical\" href=\"https:\/\/marcelviau.net\/?page_id=1333\" \/>\n<meta property=\"og:locale\" content=\"fr_FR\" \/>\n<meta property=\"og:type\" content=\"article\" \/>\n<meta property=\"og:title\" content=\"Le legs d&#039;Andr\u00e9a(Teste - Les Enqu\u00eates de Silas Robinson\" \/>\n<meta property=\"og:description\" content=\"LE LEG D&rsquo;ANDR\u00c9A (2019) Zo\u00e9, une jeune fille bless\u00e9e par la vie, est condamn\u00e9e par le tribunal \u00e0 trois mois de travaux communautaires dans une r\u00e9sidence pour personnes \u00e2g\u00e9es. Elle y rencontre Andr\u00e9a, une vieille alcoolique aigrie qui se meurt d\u2019une cirrhose. \u00ab\u2009Puisqu\u2019il n\u2019y a pas de co\u00efncidence\u2009\u00bb comme le dit l\u2019un des personnages du ... Lire la suite\" \/>\n<meta property=\"og:url\" content=\"https:\/\/marcelviau.net\/?page_id=1333\" \/>\n<meta property=\"og:site_name\" content=\"Les Enqu\u00eates de Silas Robinson\" \/>\n<meta property=\"article:modified_time\" content=\"2025-07-12T20:55:08+00:00\" \/>\n<meta property=\"og:image\" content=\"https:\/\/marcelviau.live-website.com\/wp-content\/uploads\/2020\/10\/Legs-couverture.jpg\" \/>\n<meta name=\"twitter:card\" content=\"summary_large_image\" \/>\n<meta name=\"twitter:label1\" content=\"Dur\u00e9e de lecture estim\u00e9e\" \/>\n\t<meta name=\"twitter:data1\" content=\"1 minute\" \/>\n<script type=\"application\/ld+json\" class=\"yoast-schema-graph\">{\"@context\":\"https:\\\/\\\/schema.org\",\"@graph\":[{\"@type\":\"WebPage\",\"@id\":\"https:\\\/\\\/marcelviau.net\\\/?page_id=1333\",\"url\":\"https:\\\/\\\/marcelviau.net\\\/?page_id=1333\",\"name\":\"Le legs d'Andr\u00e9a(Teste - Les Enqu\u00eates de Silas Robinson\",\"isPartOf\":{\"@id\":\"https:\\\/\\\/marcelviau.net\\\/#website\"},\"primaryImageOfPage\":{\"@id\":\"https:\\\/\\\/marcelviau.net\\\/?page_id=1333#primaryimage\"},\"image\":{\"@id\":\"https:\\\/\\\/marcelviau.net\\\/?page_id=1333#primaryimage\"},\"thumbnailUrl\":\"https:\\\/\\\/marcelviau.live-website.com\\\/wp-content\\\/uploads\\\/2020\\\/10\\\/Legs-couverture.jpg\",\"datePublished\":\"2023-07-17T12:49:16+00:00\",\"dateModified\":\"2025-07-12T20:55:08+00:00\",\"breadcrumb\":{\"@id\":\"https:\\\/\\\/marcelviau.net\\\/?page_id=1333#breadcrumb\"},\"inLanguage\":\"fr-FR\",\"potentialAction\":[{\"@type\":\"ReadAction\",\"target\":[\"https:\\\/\\\/marcelviau.net\\\/?page_id=1333\"]}]},{\"@type\":\"ImageObject\",\"inLanguage\":\"fr-FR\",\"@id\":\"https:\\\/\\\/marcelviau.net\\\/?page_id=1333#primaryimage\",\"url\":\"https:\\\/\\\/marcelviau.live-website.com\\\/wp-content\\\/uploads\\\/2020\\\/10\\\/Legs-couverture.jpg\",\"contentUrl\":\"https:\\\/\\\/marcelviau.live-website.com\\\/wp-content\\\/uploads\\\/2020\\\/10\\\/Legs-couverture.jpg\"},{\"@type\":\"BreadcrumbList\",\"@id\":\"https:\\\/\\\/marcelviau.net\\\/?page_id=1333#breadcrumb\",\"itemListElement\":[{\"@type\":\"ListItem\",\"position\":1,\"name\":\"Accueil\",\"item\":\"https:\\\/\\\/marcelviau.net\\\/\"},{\"@type\":\"ListItem\",\"position\":2,\"name\":\"Le legs d&rsquo;Andr\u00e9a(Teste\"}]},{\"@type\":\"WebSite\",\"@id\":\"https:\\\/\\\/marcelviau.net\\\/#website\",\"url\":\"https:\\\/\\\/marcelviau.net\\\/\",\"name\":\"Les Enqu\u00eates de Silas Robinson\",\"description\":\"Romans policiers historiques par Marcel Viau\",\"publisher\":{\"@id\":\"https:\\\/\\\/marcelviau.net\\\/#\\\/schema\\\/person\\\/1606b12bb3273c47bb44adc6fbb4de84\"},\"potentialAction\":[{\"@type\":\"SearchAction\",\"target\":{\"@type\":\"EntryPoint\",\"urlTemplate\":\"https:\\\/\\\/marcelviau.net\\\/?s={search_term_string}\"},\"query-input\":{\"@type\":\"PropertyValueSpecification\",\"valueRequired\":true,\"valueName\":\"search_term_string\"}}],\"inLanguage\":\"fr-FR\"},{\"@type\":[\"Person\",\"Organization\"],\"@id\":\"https:\\\/\\\/marcelviau.net\\\/#\\\/schema\\\/person\\\/1606b12bb3273c47bb44adc6fbb4de84\",\"name\":\"Marcel Viau\",\"image\":{\"@type\":\"ImageObject\",\"inLanguage\":\"fr-FR\",\"@id\":\"https:\\\/\\\/marcelviau.net\\\/wp-content\\\/uploads\\\/2025\\\/07\\\/Viau-2025-scaled.jpg\",\"url\":\"https:\\\/\\\/marcelviau.net\\\/wp-content\\\/uploads\\\/2025\\\/07\\\/Viau-2025-scaled.jpg\",\"contentUrl\":\"https:\\\/\\\/marcelviau.net\\\/wp-content\\\/uploads\\\/2025\\\/07\\\/Viau-2025-scaled.jpg\",\"width\":1920,\"height\":2560,\"caption\":\"Marcel Viau\"},\"logo\":{\"@id\":\"https:\\\/\\\/marcelviau.net\\\/wp-content\\\/uploads\\\/2025\\\/07\\\/Viau-2025-scaled.jpg\"},\"sameAs\":[\"https:\\\/\\\/marcelviau.net\"]}]}<\/script>\n<!-- \/ Yoast SEO plugin. -->","yoast_head_json":{"title":"Le legs d'Andr\u00e9a(Teste - Les Enqu\u00eates de Silas Robinson","robots":{"index":"index","follow":"follow","max-snippet":"max-snippet:-1","max-image-preview":"max-image-preview:large","max-video-preview":"max-video-preview:-1"},"canonical":"https:\/\/marcelviau.net\/?page_id=1333","og_locale":"fr_FR","og_type":"article","og_title":"Le legs d'Andr\u00e9a(Teste - Les Enqu\u00eates de Silas Robinson","og_description":"LE LEG D&rsquo;ANDR\u00c9A (2019) Zo\u00e9, une jeune fille bless\u00e9e par la vie, est condamn\u00e9e par le tribunal \u00e0 trois mois de travaux communautaires dans une r\u00e9sidence pour personnes \u00e2g\u00e9es. Elle y rencontre Andr\u00e9a, une vieille alcoolique aigrie qui se meurt d\u2019une cirrhose. \u00ab\u2009Puisqu\u2019il n\u2019y a pas de co\u00efncidence\u2009\u00bb comme le dit l\u2019un des personnages du ... Lire la suite","og_url":"https:\/\/marcelviau.net\/?page_id=1333","og_site_name":"Les Enqu\u00eates de Silas Robinson","article_modified_time":"2025-07-12T20:55:08+00:00","og_image":[{"url":"https:\/\/marcelviau.live-website.com\/wp-content\/uploads\/2020\/10\/Legs-couverture.jpg","type":"","width":"","height":""}],"twitter_card":"summary_large_image","twitter_misc":{"Dur\u00e9e de lecture estim\u00e9e":"1 minute"},"schema":{"@context":"https:\/\/schema.org","@graph":[{"@type":"WebPage","@id":"https:\/\/marcelviau.net\/?page_id=1333","url":"https:\/\/marcelviau.net\/?page_id=1333","name":"Le legs d'Andr\u00e9a(Teste - Les Enqu\u00eates de Silas Robinson","isPartOf":{"@id":"https:\/\/marcelviau.net\/#website"},"primaryImageOfPage":{"@id":"https:\/\/marcelviau.net\/?page_id=1333#primaryimage"},"image":{"@id":"https:\/\/marcelviau.net\/?page_id=1333#primaryimage"},"thumbnailUrl":"https:\/\/marcelviau.live-website.com\/wp-content\/uploads\/2020\/10\/Legs-couverture.jpg","datePublished":"2023-07-17T12:49:16+00:00","dateModified":"2025-07-12T20:55:08+00:00","breadcrumb":{"@id":"https:\/\/marcelviau.net\/?page_id=1333#breadcrumb"},"inLanguage":"fr-FR","potentialAction":[{"@type":"ReadAction","target":["https:\/\/marcelviau.net\/?page_id=1333"]}]},{"@type":"ImageObject","inLanguage":"fr-FR","@id":"https:\/\/marcelviau.net\/?page_id=1333#primaryimage","url":"https:\/\/marcelviau.live-website.com\/wp-content\/uploads\/2020\/10\/Legs-couverture.jpg","contentUrl":"https:\/\/marcelviau.live-website.com\/wp-content\/uploads\/2020\/10\/Legs-couverture.jpg"},{"@type":"BreadcrumbList","@id":"https:\/\/marcelviau.net\/?page_id=1333#breadcrumb","itemListElement":[{"@type":"ListItem","position":1,"name":"Accueil","item":"https:\/\/marcelviau.net\/"},{"@type":"ListItem","position":2,"name":"Le legs d&rsquo;Andr\u00e9a(Teste"}]},{"@type":"WebSite","@id":"https:\/\/marcelviau.net\/#website","url":"https:\/\/marcelviau.net\/","name":"Les Enqu\u00eates de Silas Robinson","description":"Romans policiers historiques par Marcel Viau","publisher":{"@id":"https:\/\/marcelviau.net\/#\/schema\/person\/1606b12bb3273c47bb44adc6fbb4de84"},"potentialAction":[{"@type":"SearchAction","target":{"@type":"EntryPoint","urlTemplate":"https:\/\/marcelviau.net\/?s={search_term_string}"},"query-input":{"@type":"PropertyValueSpecification","valueRequired":true,"valueName":"search_term_string"}}],"inLanguage":"fr-FR"},{"@type":["Person","Organization"],"@id":"https:\/\/marcelviau.net\/#\/schema\/person\/1606b12bb3273c47bb44adc6fbb4de84","name":"Marcel Viau","image":{"@type":"ImageObject","inLanguage":"fr-FR","@id":"https:\/\/marcelviau.net\/wp-content\/uploads\/2025\/07\/Viau-2025-scaled.jpg","url":"https:\/\/marcelviau.net\/wp-content\/uploads\/2025\/07\/Viau-2025-scaled.jpg","contentUrl":"https:\/\/marcelviau.net\/wp-content\/uploads\/2025\/07\/Viau-2025-scaled.jpg","width":1920,"height":2560,"caption":"Marcel Viau"},"logo":{"@id":"https:\/\/marcelviau.net\/wp-content\/uploads\/2025\/07\/Viau-2025-scaled.jpg"},"sameAs":["https:\/\/marcelviau.net"]}]}},"jetpack-related-posts":[{"id":2587,"url":"https:\/\/marcelviau.net\/?page_id=2587","url_meta":{"origin":1333,"position":0},"title":"Le legs d&rsquo;Andr\u00e9a (2)","author":"Marcel Viau","date":"12 juillet 2025","format":false,"excerpt":"Le legs d'Andr\u00e9a - Marcel Viau Le legs d'Andr\u00e9a (2019) Zo\u00e9, une jeune fille bless\u00e9e par la vie, est condamn\u00e9e par le tribunal \u00e0 trois mois de travaux communautaires dans une r\u00e9sidence pour personnes \u00e2g\u00e9es. Elle y rencontre Andr\u00e9a, une vieille alcoolique aigrie qui se meurt d'une cirrhose. \u00ab Puisqu'il\u2026","rel":"","context":"Article similaire","block_context":{"text":"Article similaire","link":""},"img":{"alt_text":"","src":"https:\/\/i0.wp.com\/marcelviau.net\/wp-content\/uploads\/2020\/10\/Legs-couverture.jpg?resize=350%2C200&ssl=1","width":350,"height":200,"srcset":"https:\/\/i0.wp.com\/marcelviau.net\/wp-content\/uploads\/2020\/10\/Legs-couverture.jpg?resize=350%2C200&ssl=1 1x, https:\/\/i0.wp.com\/marcelviau.net\/wp-content\/uploads\/2020\/10\/Legs-couverture.jpg?resize=525%2C300&ssl=1 1.5x"},"classes":[]},{"id":1309,"url":"https:\/\/marcelviau.net\/?page_id=1309","url_meta":{"origin":1333,"position":1},"title":"Livres de Marcel Viau (2)","author":"Marcel Viau","date":"15 juillet 2023","format":false,"excerpt":"Les oeuvres de fiction de Marcel Viau sont disponibles dans plusieurs libraires au Canada et en Europe Cliquez sur le titre pour avoir des d\u00e9tails. Les enqu\u00eates de Silas Robinson Turbulence dans Griffintown (2025) La morte du faubourg Saint-Louis (2024) Meurtre \u00e0 la caserne des J\u00e9suites (2023) Un pont sur\u2026","rel":"","context":"Article similaire","block_context":{"text":"Article similaire","link":""},"img":{"alt_text":"","src":"","width":0,"height":0},"classes":[]},{"id":3259,"url":"https:\/\/marcelviau.net\/?page_id=3259","url_meta":{"origin":1333,"position":2},"title":"No\u00ebl en famille","author":"Marcel Viau","date":"10 d\u00e9cembre 2025","format":false,"excerpt":"\u2744\u2728\u2744 No\u00ebl chez le chef Robinson En ce temps des F\u00eates, Silas Robinson et sa belle-fille, Miss Th\u00e9r\u00e8se Dupuis, ont rang\u00e9 carnets de notes et intrigues dans un tiroir pour c\u00e9l\u00e9brer No\u00ebl en famille. Autour d\u2019un r\u00f4ti fumant et de conversations sereines, chacun a savour\u00e9 un rare moment de paix.\u2026","rel":"","context":"Article similaire","block_context":{"text":"Article similaire","link":""},"img":{"alt_text":"","src":"https:\/\/i0.wp.com\/marcelviau.net\/wp-content\/uploads\/2025\/12\/Noel-en-famille-2.png?resize=350%2C200&ssl=1","width":350,"height":200,"srcset":"https:\/\/i0.wp.com\/marcelviau.net\/wp-content\/uploads\/2025\/12\/Noel-en-famille-2.png?resize=350%2C200&ssl=1 1x, https:\/\/i0.wp.com\/marcelviau.net\/wp-content\/uploads\/2025\/12\/Noel-en-famille-2.png?resize=525%2C300&ssl=1 1.5x, https:\/\/i0.wp.com\/marcelviau.net\/wp-content\/uploads\/2025\/12\/Noel-en-famille-2.png?resize=700%2C400&ssl=1 2x"},"classes":[]},{"id":2553,"url":"https:\/\/marcelviau.net\/?page_id=2553","url_meta":{"origin":1333,"position":3},"title":"Qui est Silas","author":"Marcel Viau","date":"9 juillet 2025","format":false,"excerpt":"Imaginez un homme de\u00a01m85, imposant sans \u00eatre intimidant, qui arpente les rues de Montr\u00e9al au milieu du XIXe si\u00e8cle avec son \u00e9ternel\u00a0chapeau melon\u00a0et sa moustache en guidon de v\u00e9lo soigneusement cir\u00e9e. Silas Robinson n'est pas un d\u00e9tective ordinaire. Premier chef du bureau des d\u00e9tectives de Montr\u00e9al, il applique des m\u00e9thodes\u2026","rel":"","context":"Article similaire","block_context":{"text":"Article similaire","link":""},"img":{"alt_text":"","src":"https:\/\/i0.wp.com\/marcelviau.net\/wp-content\/uploads\/2024\/03\/portrait_silas4-757x1024-2.jpg?resize=350%2C200&ssl=1","width":350,"height":200,"srcset":"https:\/\/i0.wp.com\/marcelviau.net\/wp-content\/uploads\/2024\/03\/portrait_silas4-757x1024-2.jpg?resize=350%2C200&ssl=1 1x, https:\/\/i0.wp.com\/marcelviau.net\/wp-content\/uploads\/2024\/03\/portrait_silas4-757x1024-2.jpg?resize=525%2C300&ssl=1 1.5x, https:\/\/i0.wp.com\/marcelviau.net\/wp-content\/uploads\/2024\/03\/portrait_silas4-757x1024-2.jpg?resize=700%2C400&ssl=1 2x"},"classes":[]},{"id":4,"url":"https:\/\/marcelviau.net\/?page_id=4","url_meta":{"origin":1333,"position":4},"title":"Qui est Silas Robinson?","author":"Marcel Viau","date":"3 ao\u00fbt 2020","format":false,"excerpt":"Portrait de Silas Robinson Silas Robinson s\u2019expatrie au Canada en 1844 en provenance de Londres o\u00f9 il fut policier \u00e0 la c\u00e9l\u00e8bre\u00a0London Metropolitan Police\u00a0(Scotland Yard). Il ouvre un bureau de d\u00e9tective priv\u00e9 \u00e0 Montr\u00e9al et se fait remarquer par ses succ\u00e8s. En 1851, on lui demande de cr\u00e9er\u00a0un nouveau poste\u2026","rel":"","context":"Article similaire","block_context":{"text":"Article similaire","link":""},"img":{"alt_text":"Portrait de Silas Robinson","src":"https:\/\/i0.wp.com\/marcelviau.net\/wp-content\/uploads\/2020\/10\/portrait_silas4.jpg?resize=350%2C200&ssl=1","width":350,"height":200,"srcset":"https:\/\/i0.wp.com\/marcelviau.net\/wp-content\/uploads\/2020\/10\/portrait_silas4.jpg?resize=350%2C200&ssl=1 1x, https:\/\/i0.wp.com\/marcelviau.net\/wp-content\/uploads\/2020\/10\/portrait_silas4.jpg?resize=525%2C300&ssl=1 1.5x, https:\/\/i0.wp.com\/marcelviau.net\/wp-content\/uploads\/2020\/10\/portrait_silas4.jpg?resize=700%2C400&ssl=1 2x, https:\/\/i0.wp.com\/marcelviau.net\/wp-content\/uploads\/2020\/10\/portrait_silas4.jpg?resize=1050%2C600&ssl=1 3x, https:\/\/i0.wp.com\/marcelviau.net\/wp-content\/uploads\/2020\/10\/portrait_silas4.jpg?resize=1400%2C800&ssl=1 4x"},"classes":[]},{"id":2200,"url":"https:\/\/marcelviau.net\/?page_id=2200","url_meta":{"origin":1333,"position":5},"title":"Dossier 2025: Enqu\u00eates de Silas Robinson","author":"Marcel Viau","date":"14 juin 2025","format":false,"excerpt":"DOSSIER DE PR\u00c9SENTATION Titre de la s\u00e9rie\u00a0: Les enqu\u00eates de Silas Robinson Auteur\u00a0: Marcel Viau\u00a0 Format\u00a0: Romans policiers historiques Nombre de volumes\u00a0: 8 romans complets (auto\u00e9dit\u00e9s) PR\u00c9SENTATION G\u00c9N\u00c9RALE Les enqu\u00eates de Silas Robinson forment une s\u00e9rie de romans policiers historiques situ\u00e9s au Canada dans la deuxi\u00e8me moiti\u00e9 du XIXe si\u00e8cle.\u2026","rel":"","context":"Article similaire","block_context":{"text":"Article similaire","link":""},"img":{"alt_text":"","src":"","width":0,"height":0},"classes":[]}],"jetpack_sharing_enabled":true,"_links":{"self":[{"href":"https:\/\/marcelviau.net\/index.php?rest_route=\/wp\/v2\/pages\/1333","targetHints":{"allow":["GET"]}}],"collection":[{"href":"https:\/\/marcelviau.net\/index.php?rest_route=\/wp\/v2\/pages"}],"about":[{"href":"https:\/\/marcelviau.net\/index.php?rest_route=\/wp\/v2\/types\/page"}],"author":[{"embeddable":true,"href":"https:\/\/marcelviau.net\/index.php?rest_route=\/wp\/v2\/users\/1"}],"replies":[{"embeddable":true,"href":"https:\/\/marcelviau.net\/index.php?rest_route=%2Fwp%2Fv2%2Fcomments&post=1333"}],"version-history":[{"count":5,"href":"https:\/\/marcelviau.net\/index.php?rest_route=\/wp\/v2\/pages\/1333\/revisions"}],"predecessor-version":[{"id":2777,"href":"https:\/\/marcelviau.net\/index.php?rest_route=\/wp\/v2\/pages\/1333\/revisions\/2777"}],"wp:attachment":[{"href":"https:\/\/marcelviau.net\/index.php?rest_route=%2Fwp%2Fv2%2Fmedia&parent=1333"}],"curies":[{"name":"wp","href":"https:\/\/api.w.org\/{rel}","templated":true}]}}