{"id":1338,"date":"2023-07-17T09:10:35","date_gmt":"2023-07-17T13:10:35","guid":{"rendered":"https:\/\/marcelviau.net\/?page_id=1338"},"modified":"2025-07-09T13:11:25","modified_gmt":"2025-07-09T17:11:25","slug":"une-orchidee","status":"publish","type":"page","link":"https:\/\/marcelviau.net\/?page_id=1338","title":{"rendered":"Une orchid\u00e9e&#8230;"},"content":{"rendered":"\n<h2 class=\"wp-block-heading has-text-align-center\">                        UNE ORCHID\u00c9E DANS LE JARDIN D&rsquo;HIVER (2019)<\/h2>\n\n\n\n<div class=\"wp-block-media-text alignwide is-stacked-on-mobile\" style=\"grid-template-columns:34% auto\"><figure class=\"wp-block-media-text__media\"><img loading=\"lazy\" decoding=\"async\" width=\"384\" height=\"544\" src=\"https:\/\/marcelviau.live-website.com\/wp-content\/uploads\/2020\/10\/Orchidee.jpg\" alt=\"\" class=\"wp-image-147 size-full\" srcset=\"https:\/\/marcelviau.net\/wp-content\/uploads\/2020\/10\/Orchidee.jpg 384w, https:\/\/marcelviau.net\/wp-content\/uploads\/2020\/10\/Orchidee-212x300.jpg 212w\" sizes=\"auto, (max-width: 384px) 100vw, 384px\" \/><\/figure><div class=\"wp-block-media-text__content\">\n<p><em>\u00abIl avait l\u2019air de voler comme un grand oiseau\u2009\u00bb.&nbsp;L\u2019univers autour de Peggy a commenc\u00e9 \u00e0 changer \u00e0 partir de cette phrase entendue lors d\u2019une conversation entre sa m\u00e8re et sa tante. Peggy a l\u2019\u00e2ge mental d\u2019une enfant de six ans, m\u00eame si elle est maintenant dans la vingtaine. Elle ne parle pas, mais elle entend toutes les conversations sans que personne fasse attention \u00e0 elle. Elle observe tout sans le laisser voir. Et elle comprend des choses qui \u00e9chappent \u00e0 la plupart.<\/em><\/p>\n\n\n\n<h5 class=\"wp-block-heading\">Disponible en format num\u00e9rique chez <a href=\"https:\/\/www.lulu.com\/fr\/ca\/shop\/marcel-viau\/une-orchid%C3%A9e-dans-le-jardin-dhiver\/ebook\/product-17e4gzk6.html\">Lulu<\/a> et papier chez&nbsp;<a href=\"https:\/\/www.lulu.com\/fr\/shop\/marcel-viau\/une-orchid%C3%A9e-dans-le-jardin-dhiver\/paperback\/product-23949539.html\">Lulu<\/a>,&nbsp; <a href=\"https:\/\/www.amazon.ca\/-\/fr\/Marcel-Viau\/dp\/298157017X\/ref=sr_1_1?__mk_fr_CA=\u00c5M\u00c5\u017d\u00d5\u00d1&amp;crid=1EQ90HG308FI1&amp;keywords=Une+orchid\u00e9e+dans+le+jardin+d%27hiver+marcel+Viau&amp;qid=1689599372&amp;sprefix=une+orchid\u00e9e+dans+le+jardin+d%27hiver+marcel+viau%2Caps%2C84&amp;sr=8-1\" data-type=\"URL\" data-id=\"https:\/\/www.amazon.ca\/-\/fr\/Marcel-Viau\/dp\/298157017X\/ref=sr_1_1?__mk_fr_CA=\u00c5M\u00c5\u017d\u00d5\u00d1&amp;crid=1EQ90HG308FI1&amp;keywords=Une+orchid\u00e9e+dans+le+jardin+d%27hiver+marcel+Viau&amp;qid=1689599372&amp;sprefix=une+orchid\u00e9e+dans+le+jardin+d%27hiver+marcel+viau%2Caps%2C84&amp;sr=8-1\">Amazon.ca<\/a>, <a href=\"https:\/\/www.amazon.fr\/Une-orchid%C3%A9e-dans-jardin-dhiver\/dp\/298157017X\/ref=sr_1_1?__mk_fr_FR=%C3%85M%C3%85%C5%BD%C3%95%C3%91&amp;dchild=1&amp;keywords=Une+orchid%C3%A9e+dans+le+jardin+d%27hiver&amp;qid=1589573104&amp;s=books&amp;sr=1-1\">Amazon.fr<\/a>&nbsp;et&nbsp;<a href=\"https:\/\/www.barnesandnoble.com\/w\/une-orchid-e-dans-le-jardin-dhiver-marcel-viau\/1130368055?ean=9782981570178\">Barnes &amp; Noble<\/a>, <\/h5>\n\n\n\n<p><\/p>\n<\/div><\/div>\n","protected":false},"excerpt":{"rendered":"<p>UNE ORCHID\u00c9E DANS LE JARDIN D&rsquo;HIVER (2019) \u00abIl avait l\u2019air de voler comme un grand oiseau\u2009\u00bb.&nbsp;L\u2019univers autour de Peggy a commenc\u00e9 \u00e0 changer \u00e0 partir de cette phrase entendue lors d\u2019une conversation entre sa m\u00e8re et sa tante. Peggy a l\u2019\u00e2ge mental d\u2019une enfant de six ans, m\u00eame si elle est maintenant dans la vingtaine. &#8230; <a title=\"Une orchid\u00e9e&#8230;\" class=\"read-more\" href=\"https:\/\/marcelviau.net\/?page_id=1338\" aria-label=\"En savoir plus sur Une orchid\u00e9e&#8230;\">Lire la suite<\/a><\/p>\n","protected":false},"author":1,"featured_media":0,"parent":0,"menu_order":0,"comment_status":"closed","ping_status":"closed","template":"","meta":{"footnotes":""},"class_list":["post-1338","page","type-page","status-publish"],"yoast_head":"<!-- This site is optimized with the Yoast SEO plugin v27.4 - https:\/\/yoast.com\/product\/yoast-seo-wordpress\/ -->\n<title>Une orchid\u00e9e... - Les Enqu\u00eates de Silas Robinson<\/title>\n<meta name=\"robots\" content=\"index, follow, max-snippet:-1, max-image-preview:large, max-video-preview:-1\" \/>\n<link rel=\"canonical\" href=\"https:\/\/marcelviau.net\/?page_id=1338\" \/>\n<meta property=\"og:locale\" content=\"fr_FR\" \/>\n<meta property=\"og:type\" content=\"article\" \/>\n<meta property=\"og:title\" content=\"Une orchid\u00e9e... - Les Enqu\u00eates de Silas Robinson\" \/>\n<meta property=\"og:description\" content=\"UNE ORCHID\u00c9E DANS LE JARDIN D&rsquo;HIVER (2019) \u00abIl avait l\u2019air de voler comme un grand oiseau\u2009\u00bb.&nbsp;L\u2019univers autour de Peggy a commenc\u00e9 \u00e0 changer \u00e0 partir de cette phrase entendue lors d\u2019une conversation entre sa m\u00e8re et sa tante. Peggy a l\u2019\u00e2ge mental d\u2019une enfant de six ans, m\u00eame si elle est maintenant dans la vingtaine. ... Lire la suite\" \/>\n<meta property=\"og:url\" content=\"https:\/\/marcelviau.net\/?page_id=1338\" \/>\n<meta property=\"og:site_name\" content=\"Les Enqu\u00eates de Silas Robinson\" \/>\n<meta property=\"article:modified_time\" content=\"2025-07-09T17:11:25+00:00\" \/>\n<meta property=\"og:image\" content=\"https:\/\/marcelviau.live-website.com\/wp-content\/uploads\/2020\/10\/Orchidee.jpg\" \/>\n<meta name=\"twitter:card\" content=\"summary_large_image\" \/>\n<meta name=\"twitter:label1\" content=\"Dur\u00e9e de lecture estim\u00e9e\" \/>\n\t<meta name=\"twitter:data1\" content=\"1 minute\" \/>\n<script type=\"application\/ld+json\" class=\"yoast-schema-graph\">{\"@context\":\"https:\\\/\\\/schema.org\",\"@graph\":[{\"@type\":\"WebPage\",\"@id\":\"https:\\\/\\\/marcelviau.net\\\/?page_id=1338\",\"url\":\"https:\\\/\\\/marcelviau.net\\\/?page_id=1338\",\"name\":\"Une orchid\u00e9e... - Les Enqu\u00eates de Silas Robinson\",\"isPartOf\":{\"@id\":\"https:\\\/\\\/marcelviau.net\\\/#website\"},\"primaryImageOfPage\":{\"@id\":\"https:\\\/\\\/marcelviau.net\\\/?page_id=1338#primaryimage\"},\"image\":{\"@id\":\"https:\\\/\\\/marcelviau.net\\\/?page_id=1338#primaryimage\"},\"thumbnailUrl\":\"https:\\\/\\\/marcelviau.live-website.com\\\/wp-content\\\/uploads\\\/2020\\\/10\\\/Orchidee.jpg\",\"datePublished\":\"2023-07-17T13:10:35+00:00\",\"dateModified\":\"2025-07-09T17:11:25+00:00\",\"breadcrumb\":{\"@id\":\"https:\\\/\\\/marcelviau.net\\\/?page_id=1338#breadcrumb\"},\"inLanguage\":\"fr-FR\",\"potentialAction\":[{\"@type\":\"ReadAction\",\"target\":[\"https:\\\/\\\/marcelviau.net\\\/?page_id=1338\"]}]},{\"@type\":\"ImageObject\",\"inLanguage\":\"fr-FR\",\"@id\":\"https:\\\/\\\/marcelviau.net\\\/?page_id=1338#primaryimage\",\"url\":\"https:\\\/\\\/marcelviau.live-website.com\\\/wp-content\\\/uploads\\\/2020\\\/10\\\/Orchidee.jpg\",\"contentUrl\":\"https:\\\/\\\/marcelviau.live-website.com\\\/wp-content\\\/uploads\\\/2020\\\/10\\\/Orchidee.jpg\"},{\"@type\":\"BreadcrumbList\",\"@id\":\"https:\\\/\\\/marcelviau.net\\\/?page_id=1338#breadcrumb\",\"itemListElement\":[{\"@type\":\"ListItem\",\"position\":1,\"name\":\"Accueil\",\"item\":\"https:\\\/\\\/marcelviau.net\\\/\"},{\"@type\":\"ListItem\",\"position\":2,\"name\":\"Une orchid\u00e9e&#8230;\"}]},{\"@type\":\"WebSite\",\"@id\":\"https:\\\/\\\/marcelviau.net\\\/#website\",\"url\":\"https:\\\/\\\/marcelviau.net\\\/\",\"name\":\"Les Enqu\u00eates de Silas Robinson\",\"description\":\"Romans policiers historiques par Marcel Viau\",\"publisher\":{\"@id\":\"https:\\\/\\\/marcelviau.net\\\/#\\\/schema\\\/person\\\/1606b12bb3273c47bb44adc6fbb4de84\"},\"potentialAction\":[{\"@type\":\"SearchAction\",\"target\":{\"@type\":\"EntryPoint\",\"urlTemplate\":\"https:\\\/\\\/marcelviau.net\\\/?s={search_term_string}\"},\"query-input\":{\"@type\":\"PropertyValueSpecification\",\"valueRequired\":true,\"valueName\":\"search_term_string\"}}],\"inLanguage\":\"fr-FR\"},{\"@type\":[\"Person\",\"Organization\"],\"@id\":\"https:\\\/\\\/marcelviau.net\\\/#\\\/schema\\\/person\\\/1606b12bb3273c47bb44adc6fbb4de84\",\"name\":\"Marcel Viau\",\"image\":{\"@type\":\"ImageObject\",\"inLanguage\":\"fr-FR\",\"@id\":\"https:\\\/\\\/marcelviau.net\\\/wp-content\\\/uploads\\\/2025\\\/07\\\/Viau-2025-scaled.jpg\",\"url\":\"https:\\\/\\\/marcelviau.net\\\/wp-content\\\/uploads\\\/2025\\\/07\\\/Viau-2025-scaled.jpg\",\"contentUrl\":\"https:\\\/\\\/marcelviau.net\\\/wp-content\\\/uploads\\\/2025\\\/07\\\/Viau-2025-scaled.jpg\",\"width\":1920,\"height\":2560,\"caption\":\"Marcel Viau\"},\"logo\":{\"@id\":\"https:\\\/\\\/marcelviau.net\\\/wp-content\\\/uploads\\\/2025\\\/07\\\/Viau-2025-scaled.jpg\"},\"sameAs\":[\"https:\\\/\\\/marcelviau.net\"]}]}<\/script>\n<!-- \/ Yoast SEO plugin. -->","yoast_head_json":{"title":"Une orchid\u00e9e... - Les Enqu\u00eates de Silas Robinson","robots":{"index":"index","follow":"follow","max-snippet":"max-snippet:-1","max-image-preview":"max-image-preview:large","max-video-preview":"max-video-preview:-1"},"canonical":"https:\/\/marcelviau.net\/?page_id=1338","og_locale":"fr_FR","og_type":"article","og_title":"Une orchid\u00e9e... - Les Enqu\u00eates de Silas Robinson","og_description":"UNE ORCHID\u00c9E DANS LE JARDIN D&rsquo;HIVER (2019) \u00abIl avait l\u2019air de voler comme un grand oiseau\u2009\u00bb.&nbsp;L\u2019univers autour de Peggy a commenc\u00e9 \u00e0 changer \u00e0 partir de cette phrase entendue lors d\u2019une conversation entre sa m\u00e8re et sa tante. Peggy a l\u2019\u00e2ge mental d\u2019une enfant de six ans, m\u00eame si elle est maintenant dans la vingtaine. ... Lire la suite","og_url":"https:\/\/marcelviau.net\/?page_id=1338","og_site_name":"Les Enqu\u00eates de Silas Robinson","article_modified_time":"2025-07-09T17:11:25+00:00","og_image":[{"url":"https:\/\/marcelviau.live-website.com\/wp-content\/uploads\/2020\/10\/Orchidee.jpg","type":"","width":"","height":""}],"twitter_card":"summary_large_image","twitter_misc":{"Dur\u00e9e de lecture estim\u00e9e":"1 minute"},"schema":{"@context":"https:\/\/schema.org","@graph":[{"@type":"WebPage","@id":"https:\/\/marcelviau.net\/?page_id=1338","url":"https:\/\/marcelviau.net\/?page_id=1338","name":"Une orchid\u00e9e... - Les Enqu\u00eates de Silas Robinson","isPartOf":{"@id":"https:\/\/marcelviau.net\/#website"},"primaryImageOfPage":{"@id":"https:\/\/marcelviau.net\/?page_id=1338#primaryimage"},"image":{"@id":"https:\/\/marcelviau.net\/?page_id=1338#primaryimage"},"thumbnailUrl":"https:\/\/marcelviau.live-website.com\/wp-content\/uploads\/2020\/10\/Orchidee.jpg","datePublished":"2023-07-17T13:10:35+00:00","dateModified":"2025-07-09T17:11:25+00:00","breadcrumb":{"@id":"https:\/\/marcelviau.net\/?page_id=1338#breadcrumb"},"inLanguage":"fr-FR","potentialAction":[{"@type":"ReadAction","target":["https:\/\/marcelviau.net\/?page_id=1338"]}]},{"@type":"ImageObject","inLanguage":"fr-FR","@id":"https:\/\/marcelviau.net\/?page_id=1338#primaryimage","url":"https:\/\/marcelviau.live-website.com\/wp-content\/uploads\/2020\/10\/Orchidee.jpg","contentUrl":"https:\/\/marcelviau.live-website.com\/wp-content\/uploads\/2020\/10\/Orchidee.jpg"},{"@type":"BreadcrumbList","@id":"https:\/\/marcelviau.net\/?page_id=1338#breadcrumb","itemListElement":[{"@type":"ListItem","position":1,"name":"Accueil","item":"https:\/\/marcelviau.net\/"},{"@type":"ListItem","position":2,"name":"Une orchid\u00e9e&#8230;"}]},{"@type":"WebSite","@id":"https:\/\/marcelviau.net\/#website","url":"https:\/\/marcelviau.net\/","name":"Les Enqu\u00eates de Silas Robinson","description":"Romans policiers historiques par Marcel Viau","publisher":{"@id":"https:\/\/marcelviau.net\/#\/schema\/person\/1606b12bb3273c47bb44adc6fbb4de84"},"potentialAction":[{"@type":"SearchAction","target":{"@type":"EntryPoint","urlTemplate":"https:\/\/marcelviau.net\/?s={search_term_string}"},"query-input":{"@type":"PropertyValueSpecification","valueRequired":true,"valueName":"search_term_string"}}],"inLanguage":"fr-FR"},{"@type":["Person","Organization"],"@id":"https:\/\/marcelviau.net\/#\/schema\/person\/1606b12bb3273c47bb44adc6fbb4de84","name":"Marcel Viau","image":{"@type":"ImageObject","inLanguage":"fr-FR","@id":"https:\/\/marcelviau.net\/wp-content\/uploads\/2025\/07\/Viau-2025-scaled.jpg","url":"https:\/\/marcelviau.net\/wp-content\/uploads\/2025\/07\/Viau-2025-scaled.jpg","contentUrl":"https:\/\/marcelviau.net\/wp-content\/uploads\/2025\/07\/Viau-2025-scaled.jpg","width":1920,"height":2560,"caption":"Marcel Viau"},"logo":{"@id":"https:\/\/marcelviau.net\/wp-content\/uploads\/2025\/07\/Viau-2025-scaled.jpg"},"sameAs":["https:\/\/marcelviau.net"]}]}},"jetpack-related-posts":[{"id":2584,"url":"https:\/\/marcelviau.net\/?page_id=2584","url_meta":{"origin":1338,"position":0},"title":"Une orchid\u00e9e\u2026 (2)","author":"Marcel Viau","date":"14 juillet 2025","format":false,"excerpt":"Une orchid\u00e9e dans le jardin d'hiver - Marcel Viau Une orchid\u00e9e dans le jardin d'hiver (2019) \u00ab Il avait l'air de voler comme un grand oiseau \u00bb. L'univers autour de Peggy a commenc\u00e9 \u00e0 changer \u00e0 partir de cette phrase entendue lors d'une conversation entre sa m\u00e8re et sa tante.\u2026","rel":"","context":"Article similaire","block_context":{"text":"Article similaire","link":""},"img":{"alt_text":"","src":"https:\/\/i0.wp.com\/marcelviau.net\/wp-content\/uploads\/2020\/10\/Orchide%CC%81e-couv..jpeg?resize=350%2C200&ssl=1","width":350,"height":200,"srcset":"https:\/\/i0.wp.com\/marcelviau.net\/wp-content\/uploads\/2020\/10\/Orchide%CC%81e-couv..jpeg?resize=350%2C200&ssl=1 1x, https:\/\/i0.wp.com\/marcelviau.net\/wp-content\/uploads\/2020\/10\/Orchide%CC%81e-couv..jpeg?resize=525%2C300&ssl=1 1.5x"},"classes":[]},{"id":1309,"url":"https:\/\/marcelviau.net\/?page_id=1309","url_meta":{"origin":1338,"position":1},"title":"Livres de Marcel Viau (2)","author":"Marcel Viau","date":"15 juillet 2023","format":false,"excerpt":"Les oeuvres de fiction de Marcel Viau sont disponibles dans plusieurs libraires au Canada et en Europe Cliquez sur le titre pour avoir des d\u00e9tails. Les enqu\u00eates de Silas Robinson Turbulence dans Griffintown (2025) La morte du faubourg Saint-Louis (2024) Meurtre \u00e0 la caserne des J\u00e9suites (2023) Un pont sur\u2026","rel":"","context":"Article similaire","block_context":{"text":"Article similaire","link":""},"img":{"alt_text":"","src":"","width":0,"height":0},"classes":[]},{"id":1429,"url":"https:\/\/marcelviau.net\/?page_id=1429","url_meta":{"origin":1338,"position":2},"title":"Caserne","author":"Marcel Viau","date":"24 ao\u00fbt 2023","format":false,"excerpt":"Meurtre \u00e0 la caserne des J\u00e9suites (2023) Une enqu\u00eate de Silas Robinson \ud83c\udde8\ud83c\udde6 Achat facile pour le Canada \ud83d\udcda Livre papier ET num\u00e9rique - Bookelis T\u00e9l\u00e9chargement imm\u00e9diat pour le num\u00e9rique \u2022 Formats PDF et ePub \u2022 Exp\u00e9dition papier vers le Canada \u2713 Livre num\u00e9rique : livraison imm\u00e9diate \u2713 Livre papier\u2026","rel":"","context":"Article similaire","block_context":{"text":"Article similaire","link":""},"img":{"alt_text":"","src":"https:\/\/i0.wp.com\/marcelviau.net\/wp-content\/uploads\/2023\/08\/Meurtre-a-la-caserne-des-Jesuites_ebook.jpg?resize=350%2C200&ssl=1","width":350,"height":200,"srcset":"https:\/\/i0.wp.com\/marcelviau.net\/wp-content\/uploads\/2023\/08\/Meurtre-a-la-caserne-des-Jesuites_ebook.jpg?resize=350%2C200&ssl=1 1x, https:\/\/i0.wp.com\/marcelviau.net\/wp-content\/uploads\/2023\/08\/Meurtre-a-la-caserne-des-Jesuites_ebook.jpg?resize=525%2C300&ssl=1 1.5x, https:\/\/i0.wp.com\/marcelviau.net\/wp-content\/uploads\/2023\/08\/Meurtre-a-la-caserne-des-Jesuites_ebook.jpg?resize=700%2C400&ssl=1 2x, https:\/\/i0.wp.com\/marcelviau.net\/wp-content\/uploads\/2023\/08\/Meurtre-a-la-caserne-des-Jesuites_ebook.jpg?resize=1050%2C600&ssl=1 3x, https:\/\/i0.wp.com\/marcelviau.net\/wp-content\/uploads\/2023\/08\/Meurtre-a-la-caserne-des-Jesuites_ebook.jpg?resize=1400%2C800&ssl=1 4x"},"classes":[]},{"id":3259,"url":"https:\/\/marcelviau.net\/?page_id=3259","url_meta":{"origin":1338,"position":3},"title":"No\u00ebl en famille","author":"Marcel Viau","date":"10 d\u00e9cembre 2025","format":false,"excerpt":"\u2744\u2728\u2744 No\u00ebl chez le chef Robinson En ce temps des F\u00eates, Silas Robinson et sa belle-fille, Miss Th\u00e9r\u00e8se Dupuis, ont rang\u00e9 carnets de notes et intrigues dans un tiroir pour c\u00e9l\u00e9brer No\u00ebl en famille. Autour d\u2019un r\u00f4ti fumant et de conversations sereines, chacun a savour\u00e9 un rare moment de paix.\u2026","rel":"","context":"Article similaire","block_context":{"text":"Article similaire","link":""},"img":{"alt_text":"","src":"https:\/\/i0.wp.com\/marcelviau.net\/wp-content\/uploads\/2025\/12\/Noel-en-famille-2.png?resize=350%2C200&ssl=1","width":350,"height":200,"srcset":"https:\/\/i0.wp.com\/marcelviau.net\/wp-content\/uploads\/2025\/12\/Noel-en-famille-2.png?resize=350%2C200&ssl=1 1x, https:\/\/i0.wp.com\/marcelviau.net\/wp-content\/uploads\/2025\/12\/Noel-en-famille-2.png?resize=525%2C300&ssl=1 1.5x, https:\/\/i0.wp.com\/marcelviau.net\/wp-content\/uploads\/2025\/12\/Noel-en-famille-2.png?resize=700%2C400&ssl=1 2x"},"classes":[]},{"id":1768,"url":"https:\/\/marcelviau.net\/?page_id=1768","url_meta":{"origin":1338,"position":4},"title":"Faubourg","author":"Marcel Viau","date":"10 mai 2024","format":false,"excerpt":"La morte du faubourg Saint-Louis (2024) Une enqu\u00eate de Silas Robinson \ud83c\udde8\ud83c\udde6 Achat facile pour le Canada \ud83d\udcda Livre papier ET num\u00e9rique - Bookelis T\u00e9l\u00e9chargement imm\u00e9diat pour le num\u00e9rique \u2022 Formats PDF et ePub \u2022 Exp\u00e9dition papier vers le Canada \u2713 Livre num\u00e9rique : livraison imm\u00e9diate \u2713 Livre papier :\u2026","rel":"","context":"Article similaire","block_context":{"text":"Article similaire","link":""},"img":{"alt_text":"","src":"https:\/\/i0.wp.com\/marcelviau.net\/wp-content\/uploads\/2024\/05\/couverture_top_v2-1-scaled.jpg?resize=350%2C200&ssl=1","width":350,"height":200,"srcset":"https:\/\/i0.wp.com\/marcelviau.net\/wp-content\/uploads\/2024\/05\/couverture_top_v2-1-scaled.jpg?resize=350%2C200&ssl=1 1x, https:\/\/i0.wp.com\/marcelviau.net\/wp-content\/uploads\/2024\/05\/couverture_top_v2-1-scaled.jpg?resize=525%2C300&ssl=1 1.5x, https:\/\/i0.wp.com\/marcelviau.net\/wp-content\/uploads\/2024\/05\/couverture_top_v2-1-scaled.jpg?resize=700%2C400&ssl=1 2x, https:\/\/i0.wp.com\/marcelviau.net\/wp-content\/uploads\/2024\/05\/couverture_top_v2-1-scaled.jpg?resize=1050%2C600&ssl=1 3x, https:\/\/i0.wp.com\/marcelviau.net\/wp-content\/uploads\/2024\/05\/couverture_top_v2-1-scaled.jpg?resize=1400%2C800&ssl=1 4x"},"classes":[]},{"id":1263,"url":"https:\/\/marcelviau.net\/?page_id=1263","url_meta":{"origin":1338,"position":5},"title":"Au temps&#8230;","author":"Marcel Viau","date":"13 juillet 2023","format":false,"excerpt":"Au temps de la peste bleue (2022) Une enqu\u00eate de Silas Robinson \ud83c\udde8\ud83c\udde6 Achat facile pour le Canada \ud83d\udcda Livre papier ET num\u00e9rique - Bookelis T\u00e9l\u00e9chargement imm\u00e9diat pour le num\u00e9rique \u2022 Formats PDF et ePub \u2022 Exp\u00e9dition papier vers le Canada \u2713 Livre num\u00e9rique : livraison imm\u00e9diate \u2713 Livre papier\u2026","rel":"","context":"Article similaire","block_context":{"text":"Article similaire","link":""},"img":{"alt_text":"","src":"https:\/\/i0.wp.com\/marcelviau.net\/wp-content\/uploads\/2022\/01\/Au-temps-de-la-peste-bleue_ebook_-Cover.jpg?resize=350%2C200&ssl=1","width":350,"height":200,"srcset":"https:\/\/i0.wp.com\/marcelviau.net\/wp-content\/uploads\/2022\/01\/Au-temps-de-la-peste-bleue_ebook_-Cover.jpg?resize=350%2C200&ssl=1 1x, https:\/\/i0.wp.com\/marcelviau.net\/wp-content\/uploads\/2022\/01\/Au-temps-de-la-peste-bleue_ebook_-Cover.jpg?resize=525%2C300&ssl=1 1.5x, https:\/\/i0.wp.com\/marcelviau.net\/wp-content\/uploads\/2022\/01\/Au-temps-de-la-peste-bleue_ebook_-Cover.jpg?resize=700%2C400&ssl=1 2x, https:\/\/i0.wp.com\/marcelviau.net\/wp-content\/uploads\/2022\/01\/Au-temps-de-la-peste-bleue_ebook_-Cover.jpg?resize=1050%2C600&ssl=1 3x, https:\/\/i0.wp.com\/marcelviau.net\/wp-content\/uploads\/2022\/01\/Au-temps-de-la-peste-bleue_ebook_-Cover.jpg?resize=1400%2C800&ssl=1 4x"},"classes":[]}],"jetpack_sharing_enabled":true,"_links":{"self":[{"href":"https:\/\/marcelviau.net\/index.php?rest_route=\/wp\/v2\/pages\/1338","targetHints":{"allow":["GET"]}}],"collection":[{"href":"https:\/\/marcelviau.net\/index.php?rest_route=\/wp\/v2\/pages"}],"about":[{"href":"https:\/\/marcelviau.net\/index.php?rest_route=\/wp\/v2\/types\/page"}],"author":[{"embeddable":true,"href":"https:\/\/marcelviau.net\/index.php?rest_route=\/wp\/v2\/users\/1"}],"replies":[{"embeddable":true,"href":"https:\/\/marcelviau.net\/index.php?rest_route=%2Fwp%2Fv2%2Fcomments&post=1338"}],"version-history":[{"count":5,"href":"https:\/\/marcelviau.net\/index.php?rest_route=\/wp\/v2\/pages\/1338\/revisions"}],"predecessor-version":[{"id":2583,"href":"https:\/\/marcelviau.net\/index.php?rest_route=\/wp\/v2\/pages\/1338\/revisions\/2583"}],"wp:attachment":[{"href":"https:\/\/marcelviau.net\/index.php?rest_route=%2Fwp%2Fv2%2Fmedia&parent=1338"}],"curies":[{"name":"wp","href":"https:\/\/api.w.org\/{rel}","templated":true}]}}