{"id":1346,"date":"2023-07-17T08:58:55","date_gmt":"2023-07-17T12:58:55","guid":{"rendered":"https:\/\/marcelviau.net\/?page_id=1346"},"modified":"2023-07-17T09:07:02","modified_gmt":"2023-07-17T13:07:02","slug":"la-femme-le-froid","status":"publish","type":"page","link":"https:\/\/marcelviau.net\/?page_id=1346","title":{"rendered":"La femme&#8230; le froid"},"content":{"rendered":"\n<h2 class=\"wp-block-heading has-text-align-center\">           LA FEMME QUI AIMAIT LE FROID (2018)<\/h2>\n\n\n\n<div class=\"wp-block-media-text alignwide is-stacked-on-mobile\" style=\"grid-template-columns:34% auto\"><figure class=\"wp-block-media-text__media\"><img loading=\"lazy\" decoding=\"async\" width=\"384\" height=\"544\" src=\"https:\/\/marcelviau.live-website.com\/wp-content\/uploads\/2020\/10\/Femme-froid-nouveau.jpg\" alt=\"\" class=\"wp-image-145 size-full\" srcset=\"https:\/\/marcelviau.net\/wp-content\/uploads\/2020\/10\/Femme-froid-nouveau.jpg 384w, https:\/\/marcelviau.net\/wp-content\/uploads\/2020\/10\/Femme-froid-nouveau-212x300.jpg 212w\" sizes=\"auto, (max-width: 384px) 100vw, 384px\" \/><\/figure><div class=\"wp-block-media-text__content\">\n<p><em>Perdue dans la toundra bor\u00e9ale, une femme est adoss\u00e9e \u00e0 un inukshuk, la t\u00eate pench\u00e9e en avant enfouie dans son capuchon de peau de phoque. Il fait tr\u00e8s froid. Elle est arriv\u00e9e l\u00e0 o\u00f9 personne ne va, au bout du chemin, au bout de son chemin. Son esprit f\u00e9brile vacille. Des souvenirs et des r\u00eaves s\u2019entrem\u00ealent pour la replonger dans les \u00e9v\u00e9nements de son pass\u00e9. Elle attend. Elle attend des r\u00e9ponses qui ne viendront peut-\u00eatre jamais.<\/em><\/p>\n\n\n\n<h5 class=\"wp-block-heading\">Disponible en papier chez<strong> <\/strong><a href=\"https:\/\/www.lulu.com\/fr\/shop\/marcel-viau\/la-femme-qui-aimait-le-froid\/paperback\/product-1rv2zqnj.html\">Lulu<\/a>, <a href=\"https:\/\/www.barnesandnoble.com\/w\/la-femme-qui-aimait-le-froid-marcel-viau\/1128954737\" data-type=\"URL\" data-id=\"https:\/\/www.barnesandnoble.com\/w\/la-femme-qui-aimait-le-froid-marcel-viau\/1128954737\">Barnes &amp; Nobles<\/a>, <a href=\"https:\/\/www.amazon.ca\/femme-qui-aimait-froid\/dp\/2981570161\/ref=sr_1_1?ie=UTF8&amp;qid=1530888563&amp;sr=8-1&amp;keywords=Marcel+Viau\" data-type=\"URL\" data-id=\"https:\/\/www.amazon.ca\/femme-qui-aimait-froid\/dp\/2981570161\/ref=sr_1_1?ie=UTF8&amp;qid=1530888563&amp;sr=8-1&amp;keywords=Marcel+Viau\">Amazon.ca<\/a>, <a href=\"https:\/\/www.amazon.fr\/femme-qui-aimait-froid\/dp\/2981570161\" data-type=\"URL\" data-id=\"https:\/\/www.amazon.fr\/femme-qui-aimait-froid\/dp\/2981570161\">amazon.fr<\/a>.<\/h5>\n<\/div><\/div>\n","protected":false},"excerpt":{"rendered":"<p>LA FEMME QUI AIMAIT LE FROID (2018) Perdue dans la toundra bor\u00e9ale, une femme est adoss\u00e9e \u00e0 un inukshuk, la t\u00eate pench\u00e9e en avant enfouie dans son capuchon de peau de phoque. Il fait tr\u00e8s froid. Elle est arriv\u00e9e l\u00e0 o\u00f9 personne ne va, au bout du chemin, au bout de son chemin. Son esprit &#8230; <a title=\"La femme&#8230; le froid\" class=\"read-more\" href=\"https:\/\/marcelviau.net\/?page_id=1346\" aria-label=\"En savoir plus sur La femme&#8230; le froid\">Lire la suite<\/a><\/p>\n","protected":false},"author":1,"featured_media":0,"parent":0,"menu_order":0,"comment_status":"closed","ping_status":"closed","template":"","meta":{"footnotes":""},"class_list":["post-1346","page","type-page","status-publish"],"yoast_head":"<!-- This site is optimized with the Yoast SEO plugin v27.4 - https:\/\/yoast.com\/product\/yoast-seo-wordpress\/ -->\n<title>La femme... le froid - Les Enqu\u00eates de Silas Robinson<\/title>\n<meta name=\"robots\" content=\"index, follow, max-snippet:-1, max-image-preview:large, max-video-preview:-1\" \/>\n<link rel=\"canonical\" href=\"https:\/\/marcelviau.net\/?page_id=1346\" \/>\n<meta property=\"og:locale\" content=\"fr_FR\" \/>\n<meta property=\"og:type\" content=\"article\" \/>\n<meta property=\"og:title\" content=\"La femme... le froid - Les Enqu\u00eates de Silas Robinson\" \/>\n<meta property=\"og:description\" content=\"LA FEMME QUI AIMAIT LE FROID (2018) Perdue dans la toundra bor\u00e9ale, une femme est adoss\u00e9e \u00e0 un inukshuk, la t\u00eate pench\u00e9e en avant enfouie dans son capuchon de peau de phoque. Il fait tr\u00e8s froid. Elle est arriv\u00e9e l\u00e0 o\u00f9 personne ne va, au bout du chemin, au bout de son chemin. Son esprit ... Lire la suite\" \/>\n<meta property=\"og:url\" content=\"https:\/\/marcelviau.net\/?page_id=1346\" \/>\n<meta property=\"og:site_name\" content=\"Les Enqu\u00eates de Silas Robinson\" \/>\n<meta property=\"article:modified_time\" content=\"2023-07-17T13:07:02+00:00\" \/>\n<meta property=\"og:image\" content=\"https:\/\/marcelviau.live-website.com\/wp-content\/uploads\/2020\/10\/Femme-froid-nouveau.jpg\" \/>\n<meta name=\"twitter:card\" content=\"summary_large_image\" \/>\n<meta name=\"twitter:label1\" content=\"Dur\u00e9e de lecture estim\u00e9e\" \/>\n\t<meta name=\"twitter:data1\" content=\"1 minute\" \/>\n<script type=\"application\/ld+json\" class=\"yoast-schema-graph\">{\"@context\":\"https:\\\/\\\/schema.org\",\"@graph\":[{\"@type\":\"WebPage\",\"@id\":\"https:\\\/\\\/marcelviau.net\\\/?page_id=1346\",\"url\":\"https:\\\/\\\/marcelviau.net\\\/?page_id=1346\",\"name\":\"La femme... le froid - Les Enqu\u00eates de Silas Robinson\",\"isPartOf\":{\"@id\":\"https:\\\/\\\/marcelviau.net\\\/#website\"},\"primaryImageOfPage\":{\"@id\":\"https:\\\/\\\/marcelviau.net\\\/?page_id=1346#primaryimage\"},\"image\":{\"@id\":\"https:\\\/\\\/marcelviau.net\\\/?page_id=1346#primaryimage\"},\"thumbnailUrl\":\"https:\\\/\\\/marcelviau.live-website.com\\\/wp-content\\\/uploads\\\/2020\\\/10\\\/Femme-froid-nouveau.jpg\",\"datePublished\":\"2023-07-17T12:58:55+00:00\",\"dateModified\":\"2023-07-17T13:07:02+00:00\",\"breadcrumb\":{\"@id\":\"https:\\\/\\\/marcelviau.net\\\/?page_id=1346#breadcrumb\"},\"inLanguage\":\"fr-FR\",\"potentialAction\":[{\"@type\":\"ReadAction\",\"target\":[\"https:\\\/\\\/marcelviau.net\\\/?page_id=1346\"]}]},{\"@type\":\"ImageObject\",\"inLanguage\":\"fr-FR\",\"@id\":\"https:\\\/\\\/marcelviau.net\\\/?page_id=1346#primaryimage\",\"url\":\"https:\\\/\\\/marcelviau.live-website.com\\\/wp-content\\\/uploads\\\/2020\\\/10\\\/Femme-froid-nouveau.jpg\",\"contentUrl\":\"https:\\\/\\\/marcelviau.live-website.com\\\/wp-content\\\/uploads\\\/2020\\\/10\\\/Femme-froid-nouveau.jpg\"},{\"@type\":\"BreadcrumbList\",\"@id\":\"https:\\\/\\\/marcelviau.net\\\/?page_id=1346#breadcrumb\",\"itemListElement\":[{\"@type\":\"ListItem\",\"position\":1,\"name\":\"Accueil\",\"item\":\"https:\\\/\\\/marcelviau.net\\\/\"},{\"@type\":\"ListItem\",\"position\":2,\"name\":\"La femme&#8230; le froid\"}]},{\"@type\":\"WebSite\",\"@id\":\"https:\\\/\\\/marcelviau.net\\\/#website\",\"url\":\"https:\\\/\\\/marcelviau.net\\\/\",\"name\":\"Les Enqu\u00eates de Silas Robinson\",\"description\":\"Romans policiers historiques par Marcel Viau\",\"publisher\":{\"@id\":\"https:\\\/\\\/marcelviau.net\\\/#\\\/schema\\\/person\\\/1606b12bb3273c47bb44adc6fbb4de84\"},\"potentialAction\":[{\"@type\":\"SearchAction\",\"target\":{\"@type\":\"EntryPoint\",\"urlTemplate\":\"https:\\\/\\\/marcelviau.net\\\/?s={search_term_string}\"},\"query-input\":{\"@type\":\"PropertyValueSpecification\",\"valueRequired\":true,\"valueName\":\"search_term_string\"}}],\"inLanguage\":\"fr-FR\"},{\"@type\":[\"Person\",\"Organization\"],\"@id\":\"https:\\\/\\\/marcelviau.net\\\/#\\\/schema\\\/person\\\/1606b12bb3273c47bb44adc6fbb4de84\",\"name\":\"Marcel Viau\",\"image\":{\"@type\":\"ImageObject\",\"inLanguage\":\"fr-FR\",\"@id\":\"https:\\\/\\\/marcelviau.net\\\/wp-content\\\/uploads\\\/2025\\\/07\\\/Viau-2025-scaled.jpg\",\"url\":\"https:\\\/\\\/marcelviau.net\\\/wp-content\\\/uploads\\\/2025\\\/07\\\/Viau-2025-scaled.jpg\",\"contentUrl\":\"https:\\\/\\\/marcelviau.net\\\/wp-content\\\/uploads\\\/2025\\\/07\\\/Viau-2025-scaled.jpg\",\"width\":1920,\"height\":2560,\"caption\":\"Marcel Viau\"},\"logo\":{\"@id\":\"https:\\\/\\\/marcelviau.net\\\/wp-content\\\/uploads\\\/2025\\\/07\\\/Viau-2025-scaled.jpg\"},\"sameAs\":[\"https:\\\/\\\/marcelviau.net\"]}]}<\/script>\n<!-- \/ Yoast SEO plugin. -->","yoast_head_json":{"title":"La femme... le froid - Les Enqu\u00eates de Silas Robinson","robots":{"index":"index","follow":"follow","max-snippet":"max-snippet:-1","max-image-preview":"max-image-preview:large","max-video-preview":"max-video-preview:-1"},"canonical":"https:\/\/marcelviau.net\/?page_id=1346","og_locale":"fr_FR","og_type":"article","og_title":"La femme... le froid - Les Enqu\u00eates de Silas Robinson","og_description":"LA FEMME QUI AIMAIT LE FROID (2018) Perdue dans la toundra bor\u00e9ale, une femme est adoss\u00e9e \u00e0 un inukshuk, la t\u00eate pench\u00e9e en avant enfouie dans son capuchon de peau de phoque. Il fait tr\u00e8s froid. Elle est arriv\u00e9e l\u00e0 o\u00f9 personne ne va, au bout du chemin, au bout de son chemin. Son esprit ... Lire la suite","og_url":"https:\/\/marcelviau.net\/?page_id=1346","og_site_name":"Les Enqu\u00eates de Silas Robinson","article_modified_time":"2023-07-17T13:07:02+00:00","og_image":[{"url":"https:\/\/marcelviau.live-website.com\/wp-content\/uploads\/2020\/10\/Femme-froid-nouveau.jpg","type":"","width":"","height":""}],"twitter_card":"summary_large_image","twitter_misc":{"Dur\u00e9e de lecture estim\u00e9e":"1 minute"},"schema":{"@context":"https:\/\/schema.org","@graph":[{"@type":"WebPage","@id":"https:\/\/marcelviau.net\/?page_id=1346","url":"https:\/\/marcelviau.net\/?page_id=1346","name":"La femme... le froid - Les Enqu\u00eates de Silas Robinson","isPartOf":{"@id":"https:\/\/marcelviau.net\/#website"},"primaryImageOfPage":{"@id":"https:\/\/marcelviau.net\/?page_id=1346#primaryimage"},"image":{"@id":"https:\/\/marcelviau.net\/?page_id=1346#primaryimage"},"thumbnailUrl":"https:\/\/marcelviau.live-website.com\/wp-content\/uploads\/2020\/10\/Femme-froid-nouveau.jpg","datePublished":"2023-07-17T12:58:55+00:00","dateModified":"2023-07-17T13:07:02+00:00","breadcrumb":{"@id":"https:\/\/marcelviau.net\/?page_id=1346#breadcrumb"},"inLanguage":"fr-FR","potentialAction":[{"@type":"ReadAction","target":["https:\/\/marcelviau.net\/?page_id=1346"]}]},{"@type":"ImageObject","inLanguage":"fr-FR","@id":"https:\/\/marcelviau.net\/?page_id=1346#primaryimage","url":"https:\/\/marcelviau.live-website.com\/wp-content\/uploads\/2020\/10\/Femme-froid-nouveau.jpg","contentUrl":"https:\/\/marcelviau.live-website.com\/wp-content\/uploads\/2020\/10\/Femme-froid-nouveau.jpg"},{"@type":"BreadcrumbList","@id":"https:\/\/marcelviau.net\/?page_id=1346#breadcrumb","itemListElement":[{"@type":"ListItem","position":1,"name":"Accueil","item":"https:\/\/marcelviau.net\/"},{"@type":"ListItem","position":2,"name":"La femme&#8230; le froid"}]},{"@type":"WebSite","@id":"https:\/\/marcelviau.net\/#website","url":"https:\/\/marcelviau.net\/","name":"Les Enqu\u00eates de Silas Robinson","description":"Romans policiers historiques par Marcel Viau","publisher":{"@id":"https:\/\/marcelviau.net\/#\/schema\/person\/1606b12bb3273c47bb44adc6fbb4de84"},"potentialAction":[{"@type":"SearchAction","target":{"@type":"EntryPoint","urlTemplate":"https:\/\/marcelviau.net\/?s={search_term_string}"},"query-input":{"@type":"PropertyValueSpecification","valueRequired":true,"valueName":"search_term_string"}}],"inLanguage":"fr-FR"},{"@type":["Person","Organization"],"@id":"https:\/\/marcelviau.net\/#\/schema\/person\/1606b12bb3273c47bb44adc6fbb4de84","name":"Marcel Viau","image":{"@type":"ImageObject","inLanguage":"fr-FR","@id":"https:\/\/marcelviau.net\/wp-content\/uploads\/2025\/07\/Viau-2025-scaled.jpg","url":"https:\/\/marcelviau.net\/wp-content\/uploads\/2025\/07\/Viau-2025-scaled.jpg","contentUrl":"https:\/\/marcelviau.net\/wp-content\/uploads\/2025\/07\/Viau-2025-scaled.jpg","width":1920,"height":2560,"caption":"Marcel Viau"},"logo":{"@id":"https:\/\/marcelviau.net\/wp-content\/uploads\/2025\/07\/Viau-2025-scaled.jpg"},"sameAs":["https:\/\/marcelviau.net"]}]}},"jetpack-related-posts":[{"id":2566,"url":"https:\/\/marcelviau.net\/?page_id=2566","url_meta":{"origin":1346,"position":0},"title":"La femme&#8230; froid (2)","author":"Marcel Viau","date":"12 juillet 2025","format":false,"excerpt":"La femme qui aimait le froid - Marcel Viau La femme qui aimait le froid (2018) Perdue dans la toundra bor\u00e9ale, une femme est adoss\u00e9e \u00e0 un inukshuk, la t\u00eate pench\u00e9e en avant enfouie dans son capuchon de peau de phoque. Il fait tr\u00e8s froid. Elle est arriv\u00e9e l\u00e0 o\u00f9\u2026","rel":"","context":"Article similaire","block_context":{"text":"Article similaire","link":""},"img":{"alt_text":"","src":"https:\/\/i0.wp.com\/marcelviau.net\/wp-content\/uploads\/2020\/10\/Femme-froid-nouveau.jpg?resize=350%2C200&ssl=1","width":350,"height":200},"classes":[]},{"id":1309,"url":"https:\/\/marcelviau.net\/?page_id=1309","url_meta":{"origin":1346,"position":1},"title":"Livres de Marcel Viau (2)","author":"Marcel Viau","date":"15 juillet 2023","format":false,"excerpt":"Les oeuvres de fiction de Marcel Viau sont disponibles dans plusieurs libraires au Canada et en Europe Cliquez sur le titre pour avoir des d\u00e9tails. Les enqu\u00eates de Silas Robinson Turbulence dans Griffintown (2025) La morte du faubourg Saint-Louis (2024) Meurtre \u00e0 la caserne des J\u00e9suites (2023) Un pont sur\u2026","rel":"","context":"Article similaire","block_context":{"text":"Article similaire","link":""},"img":{"alt_text":"","src":"","width":0,"height":0},"classes":[]},{"id":1354,"url":"https:\/\/marcelviau.net\/?page_id=1354","url_meta":{"origin":1346,"position":2},"title":"Les Suppliantes","author":"Marcel Viau","date":"17 juillet 2023","format":false,"excerpt":"LES SUPPLIANTES. Un roman-feuilleton (2017) Maya, une Syrienne r\u00e9fugi\u00e9e depuis un an au Canada, arrive t\u00f4t le matin dans un poste de police de quartier de Montr\u00e9al. Elle est re\u00e7ue par la sergent d\u00e9tective Anne-Marie Boisvert qui termine son quart de nuit. Les circonstances entourant l\u2019incendie de sa maison sont\u2026","rel":"","context":"Article similaire","block_context":{"text":"Article similaire","link":""},"img":{"alt_text":"","src":"https:\/\/i0.wp.com\/marcelviau.net\/wp-content\/uploads\/2020\/10\/product_thumbnail.php_.jpg?resize=350%2C200&ssl=1","width":350,"height":200,"srcset":"https:\/\/i0.wp.com\/marcelviau.net\/wp-content\/uploads\/2020\/10\/product_thumbnail.php_.jpg?resize=350%2C200&ssl=1 1x, https:\/\/i0.wp.com\/marcelviau.net\/wp-content\/uploads\/2020\/10\/product_thumbnail.php_.jpg?resize=525%2C300&ssl=1 1.5x"},"classes":[]},{"id":3316,"url":"https:\/\/marcelviau.net\/?page_id=3316","url_meta":{"origin":1346,"position":3},"title":"Belle Dame-Pub","author":"Marcel Viau","date":"23 d\u00e9cembre 2025","format":false,"excerpt":"La belle dame de C\u00f4te-Vertu Plongez dans le myst\u00e8re de Montr\u00e9al en 1866 Ch\u00e8res lectrices et chers lecteurs, Je vous invite \u00e0 d\u00e9couvrir la bande-annonce de mon roman policier historique \u00ab La belle dame de C\u00f4te-Vertu \u00bb, une nouvelle enqu\u00eate de Silas Robinson et de son adjointe Miss Dupuis. \u00c0\u2026","rel":"","context":"Article similaire","block_context":{"text":"Article similaire","link":""},"img":{"alt_text":"","src":"","width":0,"height":0},"classes":[]},{"id":2580,"url":"https:\/\/marcelviau.net\/?page_id=2580","url_meta":{"origin":1346,"position":4},"title":"Les Suppliantes (2)","author":"Marcel Viau","date":"12 juillet 2025","format":false,"excerpt":"Les Suppliantes - Marcel Viau Les Suppliantes. Un roman-feuilleton (2017) Maya, une Syrienne r\u00e9fugi\u00e9e depuis un an au Canada, arrive t\u00f4t le matin dans un poste de police de quartier de Montr\u00e9al. Elle est re\u00e7ue par la sergent d\u00e9tective Anne-Marie Boisvert qui termine son quart de nuit. Les circonstances entourant\u2026","rel":"","context":"Article similaire","block_context":{"text":"Article similaire","link":""},"img":{"alt_text":"","src":"https:\/\/i0.wp.com\/marcelviau.net\/wp-content\/uploads\/2020\/10\/product_thumbnail.php_.jpg?resize=350%2C200&ssl=1","width":350,"height":200,"srcset":"https:\/\/i0.wp.com\/marcelviau.net\/wp-content\/uploads\/2020\/10\/product_thumbnail.php_.jpg?resize=350%2C200&ssl=1 1x, https:\/\/i0.wp.com\/marcelviau.net\/wp-content\/uploads\/2020\/10\/product_thumbnail.php_.jpg?resize=525%2C300&ssl=1 1.5x"},"classes":[]},{"id":2553,"url":"https:\/\/marcelviau.net\/?page_id=2553","url_meta":{"origin":1346,"position":5},"title":"Qui est Silas","author":"Marcel Viau","date":"9 juillet 2025","format":false,"excerpt":"Imaginez un homme de\u00a01m85, imposant sans \u00eatre intimidant, qui arpente les rues de Montr\u00e9al au milieu du XIXe si\u00e8cle avec son \u00e9ternel\u00a0chapeau melon\u00a0et sa moustache en guidon de v\u00e9lo soigneusement cir\u00e9e. Silas Robinson n'est pas un d\u00e9tective ordinaire. Premier chef du bureau des d\u00e9tectives de Montr\u00e9al, il applique des m\u00e9thodes\u2026","rel":"","context":"Article similaire","block_context":{"text":"Article similaire","link":""},"img":{"alt_text":"","src":"https:\/\/i0.wp.com\/marcelviau.net\/wp-content\/uploads\/2024\/03\/portrait_silas4-757x1024-2.jpg?resize=350%2C200&ssl=1","width":350,"height":200,"srcset":"https:\/\/i0.wp.com\/marcelviau.net\/wp-content\/uploads\/2024\/03\/portrait_silas4-757x1024-2.jpg?resize=350%2C200&ssl=1 1x, https:\/\/i0.wp.com\/marcelviau.net\/wp-content\/uploads\/2024\/03\/portrait_silas4-757x1024-2.jpg?resize=525%2C300&ssl=1 1.5x, https:\/\/i0.wp.com\/marcelviau.net\/wp-content\/uploads\/2024\/03\/portrait_silas4-757x1024-2.jpg?resize=700%2C400&ssl=1 2x"},"classes":[]}],"jetpack_sharing_enabled":true,"_links":{"self":[{"href":"https:\/\/marcelviau.net\/index.php?rest_route=\/wp\/v2\/pages\/1346","targetHints":{"allow":["GET"]}}],"collection":[{"href":"https:\/\/marcelviau.net\/index.php?rest_route=\/wp\/v2\/pages"}],"about":[{"href":"https:\/\/marcelviau.net\/index.php?rest_route=\/wp\/v2\/types\/page"}],"author":[{"embeddable":true,"href":"https:\/\/marcelviau.net\/index.php?rest_route=\/wp\/v2\/users\/1"}],"replies":[{"embeddable":true,"href":"https:\/\/marcelviau.net\/index.php?rest_route=%2Fwp%2Fv2%2Fcomments&post=1346"}],"version-history":[{"count":4,"href":"https:\/\/marcelviau.net\/index.php?rest_route=\/wp\/v2\/pages\/1346\/revisions"}],"predecessor-version":[{"id":1351,"href":"https:\/\/marcelviau.net\/index.php?rest_route=\/wp\/v2\/pages\/1346\/revisions\/1351"}],"wp:attachment":[{"href":"https:\/\/marcelviau.net\/index.php?rest_route=%2Fwp%2Fv2%2Fmedia&parent=1346"}],"curies":[{"name":"wp","href":"https:\/\/api.w.org\/{rel}","templated":true}]}}