{"id":1354,"date":"2023-07-17T09:12:34","date_gmt":"2023-07-17T13:12:34","guid":{"rendered":"https:\/\/marcelviau.net\/?page_id=1354"},"modified":"2025-07-09T13:01:53","modified_gmt":"2025-07-09T17:01:53","slug":"les-suppliantes","status":"publish","type":"page","link":"https:\/\/marcelviau.net\/?page_id=1354","title":{"rendered":"Les Suppliantes"},"content":{"rendered":"\n<h2 class=\"wp-block-heading has-text-align-center\">LES SUPPLIANTES. Un roman-feuilleton (2017)<\/h2>\n\n\n\n<div class=\"wp-block-media-text alignwide is-stacked-on-mobile\" style=\"grid-template-columns:34% auto\"><figure class=\"wp-block-media-text__media\"><img loading=\"lazy\" decoding=\"async\" width=\"644\" height=\"972\" src=\"https:\/\/marcelviau.live-website.com\/wp-content\/uploads\/2020\/10\/product_thumbnail.php_.jpg\" alt=\"\" class=\"wp-image-120 size-full\" srcset=\"https:\/\/marcelviau.net\/wp-content\/uploads\/2020\/10\/product_thumbnail.php_.jpg 644w, https:\/\/marcelviau.net\/wp-content\/uploads\/2020\/10\/product_thumbnail.php_-199x300.jpg 199w\" sizes=\"auto, (max-width: 644px) 100vw, 644px\" \/><\/figure><div class=\"wp-block-media-text__content\">\n<p><\/p>\n\n\n\n<p><em>Maya, une Syrienne r\u00e9fugi\u00e9e depuis un an au Canada, arrive t\u00f4t le matin dans un poste de police de quartier de Montr\u00e9al. Elle est re\u00e7ue par la sergent d\u00e9tective Anne-Marie Boisvert qui termine son quart de nuit. Les circonstances entourant l\u2019incendie de sa maison sont n\u00e9buleuses et Anne-Marie veut tirer cela au clair. Elle ira rencontrer Madame Simpson qui a \u00e9t\u00e9 la premi\u00e8re \u00e0 recevoir Maya dans son Centre de r\u00e9fugi\u00e9s. Cet entretien avec la pasteure am\u00e9ricaine sera suffisant pour convaincre Anne-Marie de pousser plus loin ses investigations aupr\u00e8s de Maya. Quand elle apprendra enfin la v\u00e9rit\u00e9, elle en restera marqu\u00e9e pour toujours.<\/em><\/p>\n\n\n\n<p><em>Les trois femmes poursuivront d\u00e8s lors leur chemin chacune \u00e0 leur fa\u00e7on avec au c\u0153ur&nbsp;cette simple conviction&nbsp;: elles n\u2019accepteront plus jamais d\u2019\u00eatre des SUPPLIANTES.<\/em><\/p>\n\n\n\n<h5 class=\"wp-block-heading\">Disponible en format num\u00e9rique chez <a href=\"https:\/\/www.lulu.com\/fr\/shop\/marcel-viau\/les-suppliantes\/ebook\/product-1vj897ev.html?q=Les+suppliantes&amp;page=1&amp;pageSize=4\" data-type=\"URL\" data-id=\"https:\/\/www.lulu.com\/fr\/shop\/marcel-viau\/les-suppliantes\/ebook\/product-1vj897ev.html?q=Les+suppliantes&amp;page=1&amp;pageSize=4\">Lulu<\/a>, <a href=\"https:\/\/www.kobo.com\/ca\/fr\/ebook\/les-suppliantes-3\" data-type=\"URL\" data-id=\"https:\/\/www.kobo.com\/ca\/fr\/ebook\/les-suppliantes-3\">Kobo<\/a>, <a href=\"https:\/\/www.fnac.com\/livre-numerique\/a10621212\/Marcel-Viau-Les-Suppliantes#omnsearchpos=1\" data-type=\"URL\" data-id=\"https:\/\/www.fnac.com\/livre-numerique\/a10621212\/Marcel-Viau-Les-Suppliantes#omnsearchpos=1\">Fnac<\/a><a href=\"https:\/\/www.lulu.com\/fr\/shop\/marcel-viau\/la-femme-qui-aimait-le-froid\/ebook\/product-16y86vn6.html\">,<\/a> <a href=\"https:\/\/www.decitre.fr\/ebooks\/les-suppliantes-9782981570130_9782981570130_1.html\" data-type=\"URL\" data-id=\"https:\/\/www.decitre.fr\/ebooks\/les-suppliantes-9782981570130_9782981570130_1.html\">Decitr<\/a><a href=\"https:\/\/www.lulu.com\/fr\/shop\/marcel-viau\/la-femme-qui-aimait-le-froid\/ebook\/product-16y86vn6.html\">e<\/a> et papier chez<strong> <\/strong><a href=\"https:\/\/www.lulu.com\/shop\/marcel-viau\/les-suppliantes-un-roman-feuilleton\/paperback\/product-1mk4wkqk.html?q=Les+Suppliantes&amp;page=1&amp;pageSize=4\" data-type=\"URL\" data-id=\"https:\/\/www.lulu.com\/shop\/marcel-viau\/les-suppliantes-un-roman-feuilleton\/paperback\/product-1mk4wkqk.html?q=Les+Suppliantes&amp;page=1&amp;pageSize=4\">Lulu<\/a>, <a href=\"https:\/\/www.amazon.ca\/-\/fr\/Marcel-Viau\/dp\/2981570145\/ref=sr_1_1?__mk_fr_CA=\u00c5M\u00c5\u017d\u00d5\u00d1&amp;crid=IH9D3EN29IOM&amp;keywords=978-2981570147&amp;qid=1689600218&amp;sprefix=978-2981570147%2Caps%2C96&amp;sr=8-1\" data-type=\"URL\" data-id=\"https:\/\/www.amazon.ca\/-\/fr\/Marcel-Viau\/dp\/2981570145\/ref=sr_1_1?__mk_fr_CA=\u00c5M\u00c5\u017d\u00d5\u00d1&amp;crid=IH9D3EN29IOM&amp;keywords=978-2981570147&amp;qid=1689600218&amp;sprefix=978-2981570147%2Caps%2C96&amp;sr=8-1\">Amazon.ca<\/a>, <a href=\"https:\/\/www.amazon.fr\/SUPPLIANTES-roman-feuilleton-Marcel-Viau\/dp\/2981570145\/ref=sr_1_1?__mk_fr_FR=\u00c5M\u00c5\u017d\u00d5\u00d1&amp;crid=3959NACAPVOPZ&amp;keywords=Les+Suppliantes+Marcel+Viau&amp;qid=1689600190&amp;sprefix=les+suppliantes+marcel+viau%2Caps%2C170&amp;sr=8-1\" data-type=\"URL\" data-id=\"https:\/\/www.amazon.fr\/SUPPLIANTES-roman-feuilleton-Marcel-Viau\/dp\/2981570145\/ref=sr_1_1?__mk_fr_FR=\u00c5M\u00c5\u017d\u00d5\u00d1&amp;crid=3959NACAPVOPZ&amp;keywords=Les+Suppliantes+Marcel+Viau&amp;qid=1689600190&amp;sprefix=les+suppliantes+marcel+viau%2Caps%2C170&amp;sr=8-1\">Amazon.fr<\/a>, <a href=\"https:\/\/www.librairie-gallimard.com\/livre\/9782981570147-les-suppliantes-un-roman-feuilleton-marcel-viau\/\" data-type=\"URL\" data-id=\"https:\/\/www.librairie-gallimard.com\/livre\/9782981570147-les-suppliantes-un-roman-feuilleton-marcel-viau\/\">Gallimard-France<\/a>.<\/h5>\n<\/div><\/div>\n","protected":false},"excerpt":{"rendered":"<p>LES SUPPLIANTES. Un roman-feuilleton (2017) Maya, une Syrienne r\u00e9fugi\u00e9e depuis un an au Canada, arrive t\u00f4t le matin dans un poste de police de quartier de Montr\u00e9al. Elle est re\u00e7ue par la sergent d\u00e9tective Anne-Marie Boisvert qui termine son quart de nuit. Les circonstances entourant l\u2019incendie de sa maison sont n\u00e9buleuses et Anne-Marie veut tirer &#8230; <a title=\"Les Suppliantes\" class=\"read-more\" href=\"https:\/\/marcelviau.net\/?page_id=1354\" aria-label=\"En savoir plus sur Les Suppliantes\">Lire la suite<\/a><\/p>\n","protected":false},"author":1,"featured_media":0,"parent":0,"menu_order":0,"comment_status":"closed","ping_status":"closed","template":"","meta":{"footnotes":""},"class_list":["post-1354","page","type-page","status-publish"],"yoast_head":"<!-- This site is optimized with the Yoast SEO plugin v27.4 - https:\/\/yoast.com\/product\/yoast-seo-wordpress\/ -->\n<title>Les Suppliantes - Les Enqu\u00eates de Silas Robinson<\/title>\n<meta name=\"robots\" content=\"index, follow, max-snippet:-1, max-image-preview:large, max-video-preview:-1\" \/>\n<link rel=\"canonical\" href=\"https:\/\/marcelviau.net\/?page_id=1354\" \/>\n<meta property=\"og:locale\" content=\"fr_FR\" \/>\n<meta property=\"og:type\" content=\"article\" \/>\n<meta property=\"og:title\" content=\"Les Suppliantes - Les Enqu\u00eates de Silas Robinson\" \/>\n<meta property=\"og:description\" content=\"LES SUPPLIANTES. Un roman-feuilleton (2017) Maya, une Syrienne r\u00e9fugi\u00e9e depuis un an au Canada, arrive t\u00f4t le matin dans un poste de police de quartier de Montr\u00e9al. Elle est re\u00e7ue par la sergent d\u00e9tective Anne-Marie Boisvert qui termine son quart de nuit. Les circonstances entourant l\u2019incendie de sa maison sont n\u00e9buleuses et Anne-Marie veut tirer ... Lire la suite\" \/>\n<meta property=\"og:url\" content=\"https:\/\/marcelviau.net\/?page_id=1354\" \/>\n<meta property=\"og:site_name\" content=\"Les Enqu\u00eates de Silas Robinson\" \/>\n<meta property=\"article:modified_time\" content=\"2025-07-09T17:01:53+00:00\" \/>\n<meta property=\"og:image\" content=\"https:\/\/marcelviau.live-website.com\/wp-content\/uploads\/2020\/10\/product_thumbnail.php_.jpg\" \/>\n<meta name=\"twitter:card\" content=\"summary_large_image\" \/>\n<meta name=\"twitter:label1\" content=\"Dur\u00e9e de lecture estim\u00e9e\" \/>\n\t<meta name=\"twitter:data1\" content=\"1 minute\" \/>\n<script type=\"application\/ld+json\" class=\"yoast-schema-graph\">{\"@context\":\"https:\\\/\\\/schema.org\",\"@graph\":[{\"@type\":\"WebPage\",\"@id\":\"https:\\\/\\\/marcelviau.net\\\/?page_id=1354\",\"url\":\"https:\\\/\\\/marcelviau.net\\\/?page_id=1354\",\"name\":\"Les Suppliantes - Les Enqu\u00eates de Silas Robinson\",\"isPartOf\":{\"@id\":\"https:\\\/\\\/marcelviau.net\\\/#website\"},\"primaryImageOfPage\":{\"@id\":\"https:\\\/\\\/marcelviau.net\\\/?page_id=1354#primaryimage\"},\"image\":{\"@id\":\"https:\\\/\\\/marcelviau.net\\\/?page_id=1354#primaryimage\"},\"thumbnailUrl\":\"https:\\\/\\\/marcelviau.live-website.com\\\/wp-content\\\/uploads\\\/2020\\\/10\\\/product_thumbnail.php_.jpg\",\"datePublished\":\"2023-07-17T13:12:34+00:00\",\"dateModified\":\"2025-07-09T17:01:53+00:00\",\"breadcrumb\":{\"@id\":\"https:\\\/\\\/marcelviau.net\\\/?page_id=1354#breadcrumb\"},\"inLanguage\":\"fr-FR\",\"potentialAction\":[{\"@type\":\"ReadAction\",\"target\":[\"https:\\\/\\\/marcelviau.net\\\/?page_id=1354\"]}]},{\"@type\":\"ImageObject\",\"inLanguage\":\"fr-FR\",\"@id\":\"https:\\\/\\\/marcelviau.net\\\/?page_id=1354#primaryimage\",\"url\":\"https:\\\/\\\/marcelviau.live-website.com\\\/wp-content\\\/uploads\\\/2020\\\/10\\\/product_thumbnail.php_.jpg\",\"contentUrl\":\"https:\\\/\\\/marcelviau.live-website.com\\\/wp-content\\\/uploads\\\/2020\\\/10\\\/product_thumbnail.php_.jpg\"},{\"@type\":\"BreadcrumbList\",\"@id\":\"https:\\\/\\\/marcelviau.net\\\/?page_id=1354#breadcrumb\",\"itemListElement\":[{\"@type\":\"ListItem\",\"position\":1,\"name\":\"Accueil\",\"item\":\"https:\\\/\\\/marcelviau.net\\\/\"},{\"@type\":\"ListItem\",\"position\":2,\"name\":\"Les Suppliantes\"}]},{\"@type\":\"WebSite\",\"@id\":\"https:\\\/\\\/marcelviau.net\\\/#website\",\"url\":\"https:\\\/\\\/marcelviau.net\\\/\",\"name\":\"Les Enqu\u00eates de Silas Robinson\",\"description\":\"Romans policiers historiques par Marcel Viau\",\"publisher\":{\"@id\":\"https:\\\/\\\/marcelviau.net\\\/#\\\/schema\\\/person\\\/1606b12bb3273c47bb44adc6fbb4de84\"},\"potentialAction\":[{\"@type\":\"SearchAction\",\"target\":{\"@type\":\"EntryPoint\",\"urlTemplate\":\"https:\\\/\\\/marcelviau.net\\\/?s={search_term_string}\"},\"query-input\":{\"@type\":\"PropertyValueSpecification\",\"valueRequired\":true,\"valueName\":\"search_term_string\"}}],\"inLanguage\":\"fr-FR\"},{\"@type\":[\"Person\",\"Organization\"],\"@id\":\"https:\\\/\\\/marcelviau.net\\\/#\\\/schema\\\/person\\\/1606b12bb3273c47bb44adc6fbb4de84\",\"name\":\"Marcel Viau\",\"image\":{\"@type\":\"ImageObject\",\"inLanguage\":\"fr-FR\",\"@id\":\"https:\\\/\\\/marcelviau.net\\\/wp-content\\\/uploads\\\/2025\\\/07\\\/Viau-2025-scaled.jpg\",\"url\":\"https:\\\/\\\/marcelviau.net\\\/wp-content\\\/uploads\\\/2025\\\/07\\\/Viau-2025-scaled.jpg\",\"contentUrl\":\"https:\\\/\\\/marcelviau.net\\\/wp-content\\\/uploads\\\/2025\\\/07\\\/Viau-2025-scaled.jpg\",\"width\":1920,\"height\":2560,\"caption\":\"Marcel Viau\"},\"logo\":{\"@id\":\"https:\\\/\\\/marcelviau.net\\\/wp-content\\\/uploads\\\/2025\\\/07\\\/Viau-2025-scaled.jpg\"},\"sameAs\":[\"https:\\\/\\\/marcelviau.net\"]}]}<\/script>\n<!-- \/ Yoast SEO plugin. -->","yoast_head_json":{"title":"Les Suppliantes - Les Enqu\u00eates de Silas Robinson","robots":{"index":"index","follow":"follow","max-snippet":"max-snippet:-1","max-image-preview":"max-image-preview:large","max-video-preview":"max-video-preview:-1"},"canonical":"https:\/\/marcelviau.net\/?page_id=1354","og_locale":"fr_FR","og_type":"article","og_title":"Les Suppliantes - Les Enqu\u00eates de Silas Robinson","og_description":"LES SUPPLIANTES. Un roman-feuilleton (2017) Maya, une Syrienne r\u00e9fugi\u00e9e depuis un an au Canada, arrive t\u00f4t le matin dans un poste de police de quartier de Montr\u00e9al. Elle est re\u00e7ue par la sergent d\u00e9tective Anne-Marie Boisvert qui termine son quart de nuit. Les circonstances entourant l\u2019incendie de sa maison sont n\u00e9buleuses et Anne-Marie veut tirer ... Lire la suite","og_url":"https:\/\/marcelviau.net\/?page_id=1354","og_site_name":"Les Enqu\u00eates de Silas Robinson","article_modified_time":"2025-07-09T17:01:53+00:00","og_image":[{"url":"https:\/\/marcelviau.live-website.com\/wp-content\/uploads\/2020\/10\/product_thumbnail.php_.jpg","type":"","width":"","height":""}],"twitter_card":"summary_large_image","twitter_misc":{"Dur\u00e9e de lecture estim\u00e9e":"1 minute"},"schema":{"@context":"https:\/\/schema.org","@graph":[{"@type":"WebPage","@id":"https:\/\/marcelviau.net\/?page_id=1354","url":"https:\/\/marcelviau.net\/?page_id=1354","name":"Les Suppliantes - Les Enqu\u00eates de Silas Robinson","isPartOf":{"@id":"https:\/\/marcelviau.net\/#website"},"primaryImageOfPage":{"@id":"https:\/\/marcelviau.net\/?page_id=1354#primaryimage"},"image":{"@id":"https:\/\/marcelviau.net\/?page_id=1354#primaryimage"},"thumbnailUrl":"https:\/\/marcelviau.live-website.com\/wp-content\/uploads\/2020\/10\/product_thumbnail.php_.jpg","datePublished":"2023-07-17T13:12:34+00:00","dateModified":"2025-07-09T17:01:53+00:00","breadcrumb":{"@id":"https:\/\/marcelviau.net\/?page_id=1354#breadcrumb"},"inLanguage":"fr-FR","potentialAction":[{"@type":"ReadAction","target":["https:\/\/marcelviau.net\/?page_id=1354"]}]},{"@type":"ImageObject","inLanguage":"fr-FR","@id":"https:\/\/marcelviau.net\/?page_id=1354#primaryimage","url":"https:\/\/marcelviau.live-website.com\/wp-content\/uploads\/2020\/10\/product_thumbnail.php_.jpg","contentUrl":"https:\/\/marcelviau.live-website.com\/wp-content\/uploads\/2020\/10\/product_thumbnail.php_.jpg"},{"@type":"BreadcrumbList","@id":"https:\/\/marcelviau.net\/?page_id=1354#breadcrumb","itemListElement":[{"@type":"ListItem","position":1,"name":"Accueil","item":"https:\/\/marcelviau.net\/"},{"@type":"ListItem","position":2,"name":"Les Suppliantes"}]},{"@type":"WebSite","@id":"https:\/\/marcelviau.net\/#website","url":"https:\/\/marcelviau.net\/","name":"Les Enqu\u00eates de Silas Robinson","description":"Romans policiers historiques par Marcel Viau","publisher":{"@id":"https:\/\/marcelviau.net\/#\/schema\/person\/1606b12bb3273c47bb44adc6fbb4de84"},"potentialAction":[{"@type":"SearchAction","target":{"@type":"EntryPoint","urlTemplate":"https:\/\/marcelviau.net\/?s={search_term_string}"},"query-input":{"@type":"PropertyValueSpecification","valueRequired":true,"valueName":"search_term_string"}}],"inLanguage":"fr-FR"},{"@type":["Person","Organization"],"@id":"https:\/\/marcelviau.net\/#\/schema\/person\/1606b12bb3273c47bb44adc6fbb4de84","name":"Marcel Viau","image":{"@type":"ImageObject","inLanguage":"fr-FR","@id":"https:\/\/marcelviau.net\/wp-content\/uploads\/2025\/07\/Viau-2025-scaled.jpg","url":"https:\/\/marcelviau.net\/wp-content\/uploads\/2025\/07\/Viau-2025-scaled.jpg","contentUrl":"https:\/\/marcelviau.net\/wp-content\/uploads\/2025\/07\/Viau-2025-scaled.jpg","width":1920,"height":2560,"caption":"Marcel Viau"},"logo":{"@id":"https:\/\/marcelviau.net\/wp-content\/uploads\/2025\/07\/Viau-2025-scaled.jpg"},"sameAs":["https:\/\/marcelviau.net"]}]}},"jetpack-related-posts":[{"id":2580,"url":"https:\/\/marcelviau.net\/?page_id=2580","url_meta":{"origin":1354,"position":0},"title":"Les Suppliantes (2)","author":"Marcel Viau","date":"12 juillet 2025","format":false,"excerpt":"Les Suppliantes - Marcel Viau Les Suppliantes. Un roman-feuilleton (2017) Maya, une Syrienne r\u00e9fugi\u00e9e depuis un an au Canada, arrive t\u00f4t le matin dans un poste de police de quartier de Montr\u00e9al. Elle est re\u00e7ue par la sergent d\u00e9tective Anne-Marie Boisvert qui termine son quart de nuit. Les circonstances entourant\u2026","rel":"","context":"Article similaire","block_context":{"text":"Article similaire","link":""},"img":{"alt_text":"","src":"https:\/\/i0.wp.com\/marcelviau.net\/wp-content\/uploads\/2020\/10\/product_thumbnail.php_.jpg?resize=350%2C200&ssl=1","width":350,"height":200,"srcset":"https:\/\/i0.wp.com\/marcelviau.net\/wp-content\/uploads\/2020\/10\/product_thumbnail.php_.jpg?resize=350%2C200&ssl=1 1x, https:\/\/i0.wp.com\/marcelviau.net\/wp-content\/uploads\/2020\/10\/product_thumbnail.php_.jpg?resize=525%2C300&ssl=1 1.5x"},"classes":[]},{"id":1309,"url":"https:\/\/marcelviau.net\/?page_id=1309","url_meta":{"origin":1354,"position":1},"title":"Livres de Marcel Viau (2)","author":"Marcel Viau","date":"15 juillet 2023","format":false,"excerpt":"Les oeuvres de fiction de Marcel Viau sont disponibles dans plusieurs libraires au Canada et en Europe Cliquez sur le titre pour avoir des d\u00e9tails. Les enqu\u00eates de Silas Robinson Turbulence dans Griffintown (2025) La morte du faubourg Saint-Louis (2024) Meurtre \u00e0 la caserne des J\u00e9suites (2023) Un pont sur\u2026","rel":"","context":"Article similaire","block_context":{"text":"Article similaire","link":""},"img":{"alt_text":"","src":"","width":0,"height":0},"classes":[]},{"id":2790,"url":"https:\/\/marcelviau.net\/?page_id=2790","url_meta":{"origin":1354,"position":2},"title":"Les enqu\u00eates de Silas (2)","author":"Marcel Viau","date":"13 juillet 2025","format":false,"excerpt":"Les Enqu\u00eates de Silas Robinson Collection compl\u00e8te de ses myst\u00e8res et aventures Les crimes du manoir Debartzch (2020) Dans ce premier volume, Silas Robinson intervient comme d\u00e9tective priv\u00e9 dans le village de Saint-Charles-sur-le-Richelieu, \u00e0 la demande du chef de police de Montr\u00e9al. Une affaire \u00e9trange qui met en lumi\u00e8re les\u2026","rel":"","context":"Article similaire","block_context":{"text":"Article similaire","link":""},"img":{"alt_text":"","src":"","width":0,"height":0},"classes":[]},{"id":1777,"url":"https:\/\/marcelviau.net\/?page_id=1777","url_meta":{"origin":1354,"position":3},"title":"Accueil (Faubourg-2)","author":"Marcel Viau","date":"15 mai 2024","format":false,"excerpt":"La morte du faubourg Saint-Louis Une enqu\u00eate de Silas Robinson LE SIXI\u00c8ME POLAR DE MARCEL VIAU Le 7\u00a0juin 1862, un grave incendie a lieu \u00e0 Qu\u00e9bec dans le faubourg Saint-Louis. La d\u00e9cision est prise de faire \u00e9vacuer les immeubles situ\u00e9s autour de la d\u00e9flagration. C\u2019est alors que l\u2019on d\u00e9couvre le\u2026","rel":"","context":"Article similaire","block_context":{"text":"Article similaire","link":""},"img":{"alt_text":"","src":"https:\/\/i0.wp.com\/marcelviau.net\/wp-content\/uploads\/2024\/05\/A-Page-de-garde-incendie-quebec-faubourg-saint-louis.jpg?resize=350%2C200&ssl=1","width":350,"height":200,"srcset":"https:\/\/i0.wp.com\/marcelviau.net\/wp-content\/uploads\/2024\/05\/A-Page-de-garde-incendie-quebec-faubourg-saint-louis.jpg?resize=350%2C200&ssl=1 1x, https:\/\/i0.wp.com\/marcelviau.net\/wp-content\/uploads\/2024\/05\/A-Page-de-garde-incendie-quebec-faubourg-saint-louis.jpg?resize=525%2C300&ssl=1 1.5x, https:\/\/i0.wp.com\/marcelviau.net\/wp-content\/uploads\/2024\/05\/A-Page-de-garde-incendie-quebec-faubourg-saint-louis.jpg?resize=700%2C400&ssl=1 2x"},"classes":[]},{"id":2553,"url":"https:\/\/marcelviau.net\/?page_id=2553","url_meta":{"origin":1354,"position":4},"title":"Qui est Silas","author":"Marcel Viau","date":"9 juillet 2025","format":false,"excerpt":"Imaginez un homme de\u00a01m85, imposant sans \u00eatre intimidant, qui arpente les rues de Montr\u00e9al au milieu du XIXe si\u00e8cle avec son \u00e9ternel\u00a0chapeau melon\u00a0et sa moustache en guidon de v\u00e9lo soigneusement cir\u00e9e. Silas Robinson n'est pas un d\u00e9tective ordinaire. Premier chef du bureau des d\u00e9tectives de Montr\u00e9al, il applique des m\u00e9thodes\u2026","rel":"","context":"Article similaire","block_context":{"text":"Article similaire","link":""},"img":{"alt_text":"","src":"https:\/\/i0.wp.com\/marcelviau.net\/wp-content\/uploads\/2024\/03\/portrait_silas4-757x1024-2.jpg?resize=350%2C200&ssl=1","width":350,"height":200,"srcset":"https:\/\/i0.wp.com\/marcelviau.net\/wp-content\/uploads\/2024\/03\/portrait_silas4-757x1024-2.jpg?resize=350%2C200&ssl=1 1x, https:\/\/i0.wp.com\/marcelviau.net\/wp-content\/uploads\/2024\/03\/portrait_silas4-757x1024-2.jpg?resize=525%2C300&ssl=1 1.5x, https:\/\/i0.wp.com\/marcelviau.net\/wp-content\/uploads\/2024\/03\/portrait_silas4-757x1024-2.jpg?resize=700%2C400&ssl=1 2x"},"classes":[]},{"id":3483,"url":"https:\/\/marcelviau.net\/?page_id=3483","url_meta":{"origin":1354,"position":5},"title":"Avis des lecteurs (Belle Dame)","author":"Marcel Viau","date":"4 mars 2026","format":false,"excerpt":"La belle dame de C\u00f4te-Vertu (Avis) D\u00e9couvrez ce que pensent les premi\u00e8res lectrices et lecteurs de La Belle Dame de C\u00f4te-Vertu, la derni\u00e8re enqu\u00eate de Silas Robinson. \ud83d\udcd6\u00a0Choisissez votre lecture : \ud83d\udcf0 Chronique approfondie \u2022 Chronique de Manuel - Le monde du polar \u2014 Espionnage et crime historique (20 min)\u2026","rel":"","context":"Article similaire","block_context":{"text":"Article similaire","link":""},"img":{"alt_text":"","src":"","width":0,"height":0},"classes":[]}],"jetpack_sharing_enabled":true,"_links":{"self":[{"href":"https:\/\/marcelviau.net\/index.php?rest_route=\/wp\/v2\/pages\/1354","targetHints":{"allow":["GET"]}}],"collection":[{"href":"https:\/\/marcelviau.net\/index.php?rest_route=\/wp\/v2\/pages"}],"about":[{"href":"https:\/\/marcelviau.net\/index.php?rest_route=\/wp\/v2\/types\/page"}],"author":[{"embeddable":true,"href":"https:\/\/marcelviau.net\/index.php?rest_route=\/wp\/v2\/users\/1"}],"replies":[{"embeddable":true,"href":"https:\/\/marcelviau.net\/index.php?rest_route=%2Fwp%2Fv2%2Fcomments&post=1354"}],"version-history":[{"count":8,"href":"https:\/\/marcelviau.net\/index.php?rest_route=\/wp\/v2\/pages\/1354\/revisions"}],"predecessor-version":[{"id":1405,"href":"https:\/\/marcelviau.net\/index.php?rest_route=\/wp\/v2\/pages\/1354\/revisions\/1405"}],"wp:attachment":[{"href":"https:\/\/marcelviau.net\/index.php?rest_route=%2Fwp%2Fv2%2Fmedia&parent=1354"}],"curies":[{"name":"wp","href":"https:\/\/api.w.org\/{rel}","templated":true}]}}