{"id":1396,"date":"2023-07-17T11:59:55","date_gmt":"2023-07-17T15:59:55","guid":{"rendered":"https:\/\/marcelviau.net\/?page_id=1396"},"modified":"2025-07-14T08:41:36","modified_gmt":"2025-07-14T12:41:36","slug":"brebeuf","status":"publish","type":"page","link":"https:\/\/marcelviau.net\/?page_id=1396","title":{"rendered":"Br\u00e9beuf"},"content":{"rendered":"\n<h2 class=\"wp-block-heading has-text-align-center\">BR\u00c9BEUF. Th\u00e9\u00e2tre op\u00e9ratique (2016)<\/h2>\n\n\n\n<div class=\"wp-block-media-text alignwide is-stacked-on-mobile\" style=\"grid-template-columns:34% auto\"><figure class=\"wp-block-media-text__media\"><img loading=\"lazy\" decoding=\"async\" width=\"384\" height=\"544\" src=\"https:\/\/marcelviau.live-website.com\/wp-content\/uploads\/2020\/10\/Brebeuf-3.jpg\" alt=\"\" class=\"wp-image-152 size-full\" srcset=\"https:\/\/marcelviau.net\/wp-content\/uploads\/2020\/10\/Brebeuf-3.jpg 384w, https:\/\/marcelviau.net\/wp-content\/uploads\/2020\/10\/Brebeuf-3-212x300.jpg 212w\" sizes=\"auto, (max-width: 384px) 100vw, 384px\" \/><\/figure><div class=\"wp-block-media-text__content\">\n<p><em>Il serait facile de r\u00e9duire le sujet de cette pi\u00e8ce de th\u00e9\u00e2tre \u00e0 un seul th\u00e8me : le martyre. Or, ce mot aujourd&rsquo;hui si galvaud\u00e9 \u2014 et si effrayant \u2014 a pourtant une signification tout autre que celle dont on a bien voulu parfois l\u2019affubler. Pourtant, il restera toujours quelque chose de son sens originel dans certaines situations o\u00f9 le martyre est en jeu. Et c\u2019est bien le cas de notre personnage principal : Jean de Br\u00e9beuf. Dans ce cas plus rare, le martyr est un t\u00e9moin des valeurs qu\u2019il cherche \u00e0 promouvoir aupr\u00e8s des autres : l\u2019amour, la compassion, la tol\u00e9rance et l\u2019accueil. Lorsqu\u2019arrive quelqu\u2019un capable de transposer ses valeurs en gestes sinc\u00e8res, il vient forc\u00e9ment contrarier la soci\u00e9t\u00e9 ambiante. D\u2019o\u00f9 la confrontation in\u00e9vitable jusqu\u2019\u00e0 la mort.<\/em><\/p>\n\n\n\n<h5 class=\"wp-block-heading\">Disponible en format papier, notamment chez \u00a0<a href=\"http:\/\/www.lulu.com\/shop\/marcel-viau\/br%C3%A9beuf-th%C3%A9%C3%A2tre-op%C3%A9ratique\/paperback\/product-22840523.html\">Lulu<\/a>;\u00a0<a href=\"https:\/\/www.amazon.com\/Brebeuf-Theatre-Operatique-French-Marcel\/dp\/2981570129\/ref=sr_1_1?ie=UTF8&amp;qid=1473261937&amp;sr=8-1&amp;keywords=Marcel+Viau\">Amazon.ca<\/a>, <a href=\"https:\/\/www.librairie-gallimard.com\/livre\/9782981570123-brebeuf-theatre-operatique-marcel-viau\/\" data-type=\"link\" data-id=\"https:\/\/www.librairie-gallimard.com\/livre\/9782981570123-brebeuf-theatre-operatique-marcel-viau\/\">Gallimard-France<\/a>, <a href=\"https:\/\/www.abebooks.com\/9782981570123\/Br\u00e9beuf-Th\u00e9\u00e2tre-op\u00e9ratique-French-Edition-2981570129\/plp\" data-type=\"URL\" data-id=\"https:\/\/www.abebooks.com\/9782981570123\/Br\u00e9beuf-Th\u00e9\u00e2tre-op\u00e9ratique-French-Edition-2981570129\/plp\">Abebook<\/a>, <\/h5>\n<\/div><\/div>\n","protected":false},"excerpt":{"rendered":"<p>BR\u00c9BEUF. Th\u00e9\u00e2tre op\u00e9ratique (2016) Il serait facile de r\u00e9duire le sujet de cette pi\u00e8ce de th\u00e9\u00e2tre \u00e0 un seul th\u00e8me : le martyre. Or, ce mot aujourd&rsquo;hui si galvaud\u00e9 \u2014 et si effrayant \u2014 a pourtant une signification tout autre que celle dont on a bien voulu parfois l\u2019affubler. Pourtant, il restera toujours quelque chose &#8230; <a title=\"Br\u00e9beuf\" class=\"read-more\" href=\"https:\/\/marcelviau.net\/?page_id=1396\" aria-label=\"En savoir plus sur Br\u00e9beuf\">Lire la suite<\/a><\/p>\n","protected":false},"author":1,"featured_media":0,"parent":0,"menu_order":0,"comment_status":"closed","ping_status":"closed","template":"","meta":{"footnotes":""},"class_list":["post-1396","page","type-page","status-publish"],"yoast_head":"<!-- This site is optimized with the Yoast SEO plugin v27.4 - https:\/\/yoast.com\/product\/yoast-seo-wordpress\/ -->\n<title>Br\u00e9beuf - Les Enqu\u00eates de Silas Robinson<\/title>\n<meta name=\"robots\" content=\"index, follow, max-snippet:-1, max-image-preview:large, max-video-preview:-1\" \/>\n<link rel=\"canonical\" href=\"https:\/\/marcelviau.net\/?page_id=1396\" \/>\n<meta property=\"og:locale\" content=\"fr_FR\" \/>\n<meta property=\"og:type\" content=\"article\" \/>\n<meta property=\"og:title\" content=\"Br\u00e9beuf - Les Enqu\u00eates de Silas Robinson\" \/>\n<meta property=\"og:description\" content=\"BR\u00c9BEUF. Th\u00e9\u00e2tre op\u00e9ratique (2016) Il serait facile de r\u00e9duire le sujet de cette pi\u00e8ce de th\u00e9\u00e2tre \u00e0 un seul th\u00e8me : le martyre. Or, ce mot aujourd&rsquo;hui si galvaud\u00e9 \u2014 et si effrayant \u2014 a pourtant une signification tout autre que celle dont on a bien voulu parfois l\u2019affubler. Pourtant, il restera toujours quelque chose ... Lire la suite\" \/>\n<meta property=\"og:url\" content=\"https:\/\/marcelviau.net\/?page_id=1396\" \/>\n<meta property=\"og:site_name\" content=\"Les Enqu\u00eates de Silas Robinson\" \/>\n<meta property=\"article:modified_time\" content=\"2025-07-14T12:41:36+00:00\" \/>\n<meta property=\"og:image\" content=\"https:\/\/marcelviau.live-website.com\/wp-content\/uploads\/2020\/10\/Brebeuf-3.jpg\" \/>\n<meta name=\"twitter:card\" content=\"summary_large_image\" \/>\n<meta name=\"twitter:label1\" content=\"Dur\u00e9e de lecture estim\u00e9e\" \/>\n\t<meta name=\"twitter:data1\" content=\"1 minute\" \/>\n<script type=\"application\/ld+json\" class=\"yoast-schema-graph\">{\"@context\":\"https:\\\/\\\/schema.org\",\"@graph\":[{\"@type\":\"WebPage\",\"@id\":\"https:\\\/\\\/marcelviau.net\\\/?page_id=1396\",\"url\":\"https:\\\/\\\/marcelviau.net\\\/?page_id=1396\",\"name\":\"Br\u00e9beuf - Les Enqu\u00eates de Silas Robinson\",\"isPartOf\":{\"@id\":\"https:\\\/\\\/marcelviau.net\\\/#website\"},\"primaryImageOfPage\":{\"@id\":\"https:\\\/\\\/marcelviau.net\\\/?page_id=1396#primaryimage\"},\"image\":{\"@id\":\"https:\\\/\\\/marcelviau.net\\\/?page_id=1396#primaryimage\"},\"thumbnailUrl\":\"https:\\\/\\\/marcelviau.live-website.com\\\/wp-content\\\/uploads\\\/2020\\\/10\\\/Brebeuf-3.jpg\",\"datePublished\":\"2023-07-17T15:59:55+00:00\",\"dateModified\":\"2025-07-14T12:41:36+00:00\",\"breadcrumb\":{\"@id\":\"https:\\\/\\\/marcelviau.net\\\/?page_id=1396#breadcrumb\"},\"inLanguage\":\"fr-FR\",\"potentialAction\":[{\"@type\":\"ReadAction\",\"target\":[\"https:\\\/\\\/marcelviau.net\\\/?page_id=1396\"]}]},{\"@type\":\"ImageObject\",\"inLanguage\":\"fr-FR\",\"@id\":\"https:\\\/\\\/marcelviau.net\\\/?page_id=1396#primaryimage\",\"url\":\"https:\\\/\\\/marcelviau.live-website.com\\\/wp-content\\\/uploads\\\/2020\\\/10\\\/Brebeuf-3.jpg\",\"contentUrl\":\"https:\\\/\\\/marcelviau.live-website.com\\\/wp-content\\\/uploads\\\/2020\\\/10\\\/Brebeuf-3.jpg\"},{\"@type\":\"BreadcrumbList\",\"@id\":\"https:\\\/\\\/marcelviau.net\\\/?page_id=1396#breadcrumb\",\"itemListElement\":[{\"@type\":\"ListItem\",\"position\":1,\"name\":\"Accueil\",\"item\":\"https:\\\/\\\/marcelviau.net\\\/\"},{\"@type\":\"ListItem\",\"position\":2,\"name\":\"Br\u00e9beuf\"}]},{\"@type\":\"WebSite\",\"@id\":\"https:\\\/\\\/marcelviau.net\\\/#website\",\"url\":\"https:\\\/\\\/marcelviau.net\\\/\",\"name\":\"Les Enqu\u00eates de Silas Robinson\",\"description\":\"Romans policiers historiques par Marcel Viau\",\"publisher\":{\"@id\":\"https:\\\/\\\/marcelviau.net\\\/#\\\/schema\\\/person\\\/1606b12bb3273c47bb44adc6fbb4de84\"},\"potentialAction\":[{\"@type\":\"SearchAction\",\"target\":{\"@type\":\"EntryPoint\",\"urlTemplate\":\"https:\\\/\\\/marcelviau.net\\\/?s={search_term_string}\"},\"query-input\":{\"@type\":\"PropertyValueSpecification\",\"valueRequired\":true,\"valueName\":\"search_term_string\"}}],\"inLanguage\":\"fr-FR\"},{\"@type\":[\"Person\",\"Organization\"],\"@id\":\"https:\\\/\\\/marcelviau.net\\\/#\\\/schema\\\/person\\\/1606b12bb3273c47bb44adc6fbb4de84\",\"name\":\"Marcel Viau\",\"image\":{\"@type\":\"ImageObject\",\"inLanguage\":\"fr-FR\",\"@id\":\"https:\\\/\\\/marcelviau.net\\\/wp-content\\\/uploads\\\/2025\\\/07\\\/Viau-2025-scaled.jpg\",\"url\":\"https:\\\/\\\/marcelviau.net\\\/wp-content\\\/uploads\\\/2025\\\/07\\\/Viau-2025-scaled.jpg\",\"contentUrl\":\"https:\\\/\\\/marcelviau.net\\\/wp-content\\\/uploads\\\/2025\\\/07\\\/Viau-2025-scaled.jpg\",\"width\":1920,\"height\":2560,\"caption\":\"Marcel Viau\"},\"logo\":{\"@id\":\"https:\\\/\\\/marcelviau.net\\\/wp-content\\\/uploads\\\/2025\\\/07\\\/Viau-2025-scaled.jpg\"},\"sameAs\":[\"https:\\\/\\\/marcelviau.net\"]}]}<\/script>\n<!-- \/ Yoast SEO plugin. -->","yoast_head_json":{"title":"Br\u00e9beuf - Les Enqu\u00eates de Silas Robinson","robots":{"index":"index","follow":"follow","max-snippet":"max-snippet:-1","max-image-preview":"max-image-preview:large","max-video-preview":"max-video-preview:-1"},"canonical":"https:\/\/marcelviau.net\/?page_id=1396","og_locale":"fr_FR","og_type":"article","og_title":"Br\u00e9beuf - Les Enqu\u00eates de Silas Robinson","og_description":"BR\u00c9BEUF. Th\u00e9\u00e2tre op\u00e9ratique (2016) Il serait facile de r\u00e9duire le sujet de cette pi\u00e8ce de th\u00e9\u00e2tre \u00e0 un seul th\u00e8me : le martyre. Or, ce mot aujourd&rsquo;hui si galvaud\u00e9 \u2014 et si effrayant \u2014 a pourtant une signification tout autre que celle dont on a bien voulu parfois l\u2019affubler. Pourtant, il restera toujours quelque chose ... Lire la suite","og_url":"https:\/\/marcelviau.net\/?page_id=1396","og_site_name":"Les Enqu\u00eates de Silas Robinson","article_modified_time":"2025-07-14T12:41:36+00:00","og_image":[{"url":"https:\/\/marcelviau.live-website.com\/wp-content\/uploads\/2020\/10\/Brebeuf-3.jpg","type":"","width":"","height":""}],"twitter_card":"summary_large_image","twitter_misc":{"Dur\u00e9e de lecture estim\u00e9e":"1 minute"},"schema":{"@context":"https:\/\/schema.org","@graph":[{"@type":"WebPage","@id":"https:\/\/marcelviau.net\/?page_id=1396","url":"https:\/\/marcelviau.net\/?page_id=1396","name":"Br\u00e9beuf - Les Enqu\u00eates de Silas Robinson","isPartOf":{"@id":"https:\/\/marcelviau.net\/#website"},"primaryImageOfPage":{"@id":"https:\/\/marcelviau.net\/?page_id=1396#primaryimage"},"image":{"@id":"https:\/\/marcelviau.net\/?page_id=1396#primaryimage"},"thumbnailUrl":"https:\/\/marcelviau.live-website.com\/wp-content\/uploads\/2020\/10\/Brebeuf-3.jpg","datePublished":"2023-07-17T15:59:55+00:00","dateModified":"2025-07-14T12:41:36+00:00","breadcrumb":{"@id":"https:\/\/marcelviau.net\/?page_id=1396#breadcrumb"},"inLanguage":"fr-FR","potentialAction":[{"@type":"ReadAction","target":["https:\/\/marcelviau.net\/?page_id=1396"]}]},{"@type":"ImageObject","inLanguage":"fr-FR","@id":"https:\/\/marcelviau.net\/?page_id=1396#primaryimage","url":"https:\/\/marcelviau.live-website.com\/wp-content\/uploads\/2020\/10\/Brebeuf-3.jpg","contentUrl":"https:\/\/marcelviau.live-website.com\/wp-content\/uploads\/2020\/10\/Brebeuf-3.jpg"},{"@type":"BreadcrumbList","@id":"https:\/\/marcelviau.net\/?page_id=1396#breadcrumb","itemListElement":[{"@type":"ListItem","position":1,"name":"Accueil","item":"https:\/\/marcelviau.net\/"},{"@type":"ListItem","position":2,"name":"Br\u00e9beuf"}]},{"@type":"WebSite","@id":"https:\/\/marcelviau.net\/#website","url":"https:\/\/marcelviau.net\/","name":"Les Enqu\u00eates de Silas Robinson","description":"Romans policiers historiques par Marcel Viau","publisher":{"@id":"https:\/\/marcelviau.net\/#\/schema\/person\/1606b12bb3273c47bb44adc6fbb4de84"},"potentialAction":[{"@type":"SearchAction","target":{"@type":"EntryPoint","urlTemplate":"https:\/\/marcelviau.net\/?s={search_term_string}"},"query-input":{"@type":"PropertyValueSpecification","valueRequired":true,"valueName":"search_term_string"}}],"inLanguage":"fr-FR"},{"@type":["Person","Organization"],"@id":"https:\/\/marcelviau.net\/#\/schema\/person\/1606b12bb3273c47bb44adc6fbb4de84","name":"Marcel Viau","image":{"@type":"ImageObject","inLanguage":"fr-FR","@id":"https:\/\/marcelviau.net\/wp-content\/uploads\/2025\/07\/Viau-2025-scaled.jpg","url":"https:\/\/marcelviau.net\/wp-content\/uploads\/2025\/07\/Viau-2025-scaled.jpg","contentUrl":"https:\/\/marcelviau.net\/wp-content\/uploads\/2025\/07\/Viau-2025-scaled.jpg","width":1920,"height":2560,"caption":"Marcel Viau"},"logo":{"@id":"https:\/\/marcelviau.net\/wp-content\/uploads\/2025\/07\/Viau-2025-scaled.jpg"},"sameAs":["https:\/\/marcelviau.net"]}]}},"jetpack-related-posts":[{"id":2572,"url":"https:\/\/marcelviau.net\/?page_id=2572","url_meta":{"origin":1396,"position":0},"title":"Br\u00e9beuf (2)","author":"Marcel Viau","date":"14 juillet 2025","format":false,"excerpt":"Br\u00e9beuf. Th\u00e9\u00e2tre op\u00e9ratique - Marcel Viau Br\u00e9beuf. Th\u00e9\u00e2tre op\u00e9ratique (2016) Il serait facile de r\u00e9duire le sujet de cette pi\u00e8ce de th\u00e9\u00e2tre \u00e0 un seul th\u00e8me : le martyre. Or, ce mot aujourd'hui si galvaud\u00e9 \u2014 et si effrayant \u2014 a pourtant une signification tout autre que celle dont on\u2026","rel":"","context":"Article similaire","block_context":{"text":"Article similaire","link":""},"img":{"alt_text":"","src":"https:\/\/i0.wp.com\/marcelviau.net\/wp-content\/uploads\/2020\/10\/Brebeuf-3.jpg?resize=350%2C200&ssl=1","width":350,"height":200},"classes":[]},{"id":2880,"url":"https:\/\/marcelviau.net\/?page_id=2880","url_meta":{"origin":1396,"position":1},"title":"Avis des lecteurs (Sparks)","author":"Marcel Viau","date":"27 juillet 2025","format":false,"excerpt":"Assassinat dans la rue Sparks (Avis) D\u00e9couvrez ce que pensent les premi\u00e8res lectrices et lecteurs\u00a0\u00a0d'Assassinat dans la rue Sparks, la derni\u00e8re enqu\u00eate de Silas Robinson. \ud83d\udcd6\u00a0Choisissez votre lecture : \ud83d\udcf0 Chroniques approfondies \u2022 Chronique de Manuel - Le monde du polar - Analyse litt\u00e9raire d\u00e9taill\u00e9e (15 min) \u2022 Chronique d'Ottawa\u2026","rel":"","context":"Article similaire","block_context":{"text":"Article similaire","link":""},"img":{"alt_text":"","src":"","width":0,"height":0},"classes":[]},{"id":1309,"url":"https:\/\/marcelviau.net\/?page_id=1309","url_meta":{"origin":1396,"position":2},"title":"Livres de Marcel Viau (2)","author":"Marcel Viau","date":"15 juillet 2023","format":false,"excerpt":"Les oeuvres de fiction de Marcel Viau sont disponibles dans plusieurs libraires au Canada et en Europe Cliquez sur le titre pour avoir des d\u00e9tails. Les enqu\u00eates de Silas Robinson Turbulence dans Griffintown (2025) La morte du faubourg Saint-Louis (2024) Meurtre \u00e0 la caserne des J\u00e9suites (2023) Un pont sur\u2026","rel":"","context":"Article similaire","block_context":{"text":"Article similaire","link":""},"img":{"alt_text":"","src":"","width":0,"height":0},"classes":[]},{"id":2562,"url":"https:\/\/marcelviau.net\/?page_id=2562","url_meta":{"origin":1396,"position":3},"title":"Auteur (2)","author":"Marcel Viau","date":"9 juillet 2025","format":false,"excerpt":"Mon parcours J'ai fait carri\u00e8re comme professeur \u00e0 l'Universit\u00e9 Laval, o\u00f9 j'ai dirig\u00e9 une revue savante et pr\u00e9sid\u00e9 une association internationale. Je me suis int\u00e9ress\u00e9 \u00e0 la philosophie du langage. Depuis une douzaine d'ann\u00e9es, je me consacre \u00e0 ce qui m'attire d\u00e9sormais :\u00a0raconter des histoires. J'ai explor\u00e9 diff\u00e9rents genres avant\u2026","rel":"","context":"Article similaire","block_context":{"text":"Article similaire","link":""},"img":{"alt_text":"","src":"https:\/\/i0.wp.com\/marcelviau.net\/wp-content\/uploads\/2025\/09\/Marcel-Gravatar-2025-1-scaled.jpg?resize=350%2C200&ssl=1","width":350,"height":200,"srcset":"https:\/\/i0.wp.com\/marcelviau.net\/wp-content\/uploads\/2025\/09\/Marcel-Gravatar-2025-1-scaled.jpg?resize=350%2C200&ssl=1 1x, https:\/\/i0.wp.com\/marcelviau.net\/wp-content\/uploads\/2025\/09\/Marcel-Gravatar-2025-1-scaled.jpg?resize=525%2C300&ssl=1 1.5x, https:\/\/i0.wp.com\/marcelviau.net\/wp-content\/uploads\/2025\/09\/Marcel-Gravatar-2025-1-scaled.jpg?resize=700%2C400&ssl=1 2x, https:\/\/i0.wp.com\/marcelviau.net\/wp-content\/uploads\/2025\/09\/Marcel-Gravatar-2025-1-scaled.jpg?resize=1050%2C600&ssl=1 3x, https:\/\/i0.wp.com\/marcelviau.net\/wp-content\/uploads\/2025\/09\/Marcel-Gravatar-2025-1-scaled.jpg?resize=1400%2C800&ssl=1 4x"},"classes":[]},{"id":14,"url":"https:\/\/marcelviau.net\/?page_id=14","url_meta":{"origin":1396,"position":4},"title":"Auteur-2","author":"Marcel Viau","date":"11 ao\u00fbt 2020","format":false,"excerpt":"Marcel Viau Mon parcours J'ai fait carri\u00e8re comme professeur \u00e0 l'Universit\u00e9 Laval, o\u00f9 j'ai dirig\u00e9 une revue savante et pr\u00e9sid\u00e9 une association internationale. Ma sp\u00e9cialit\u00e9 \u00e9tait la philosophie du langage. Depuis une douzaine d'ann\u00e9es, je me consacre \u00e0 ce qui m'attire d\u00e9sormais : raconter des histoires. J'ai explor\u00e9 diff\u00e9rents genres\u2026","rel":"","context":"Article similaire","block_context":{"text":"Article similaire","link":""},"img":{"alt_text":"","src":"https:\/\/i0.wp.com\/marcelviau.net\/wp-content\/uploads\/2020\/08\/Viau-2019-1.jpg?resize=350%2C200&ssl=1","width":350,"height":200,"srcset":"https:\/\/i0.wp.com\/marcelviau.net\/wp-content\/uploads\/2020\/08\/Viau-2019-1.jpg?resize=350%2C200&ssl=1 1x, https:\/\/i0.wp.com\/marcelviau.net\/wp-content\/uploads\/2020\/08\/Viau-2019-1.jpg?resize=525%2C300&ssl=1 1.5x, https:\/\/i0.wp.com\/marcelviau.net\/wp-content\/uploads\/2020\/08\/Viau-2019-1.jpg?resize=700%2C400&ssl=1 2x, https:\/\/i0.wp.com\/marcelviau.net\/wp-content\/uploads\/2020\/08\/Viau-2019-1.jpg?resize=1050%2C600&ssl=1 3x, https:\/\/i0.wp.com\/marcelviau.net\/wp-content\/uploads\/2020\/08\/Viau-2019-1.jpg?resize=1400%2C800&ssl=1 4x"},"classes":[]},{"id":3259,"url":"https:\/\/marcelviau.net\/?page_id=3259","url_meta":{"origin":1396,"position":5},"title":"No\u00ebl en famille","author":"Marcel Viau","date":"10 d\u00e9cembre 2025","format":false,"excerpt":"\u2744\u2728\u2744 No\u00ebl chez le chef Robinson En ce temps des F\u00eates, Silas Robinson et sa belle-fille, Miss Th\u00e9r\u00e8se Dupuis, ont rang\u00e9 carnets de notes et intrigues dans un tiroir pour c\u00e9l\u00e9brer No\u00ebl en famille. Autour d\u2019un r\u00f4ti fumant et de conversations sereines, chacun a savour\u00e9 un rare moment de paix.\u2026","rel":"","context":"Article similaire","block_context":{"text":"Article similaire","link":""},"img":{"alt_text":"","src":"https:\/\/i0.wp.com\/marcelviau.net\/wp-content\/uploads\/2025\/12\/Noel-en-famille-2.png?resize=350%2C200&ssl=1","width":350,"height":200,"srcset":"https:\/\/i0.wp.com\/marcelviau.net\/wp-content\/uploads\/2025\/12\/Noel-en-famille-2.png?resize=350%2C200&ssl=1 1x, https:\/\/i0.wp.com\/marcelviau.net\/wp-content\/uploads\/2025\/12\/Noel-en-famille-2.png?resize=525%2C300&ssl=1 1.5x, https:\/\/i0.wp.com\/marcelviau.net\/wp-content\/uploads\/2025\/12\/Noel-en-famille-2.png?resize=700%2C400&ssl=1 2x"},"classes":[]}],"jetpack_sharing_enabled":true,"_links":{"self":[{"href":"https:\/\/marcelviau.net\/index.php?rest_route=\/wp\/v2\/pages\/1396","targetHints":{"allow":["GET"]}}],"collection":[{"href":"https:\/\/marcelviau.net\/index.php?rest_route=\/wp\/v2\/pages"}],"about":[{"href":"https:\/\/marcelviau.net\/index.php?rest_route=\/wp\/v2\/types\/page"}],"author":[{"embeddable":true,"href":"https:\/\/marcelviau.net\/index.php?rest_route=\/wp\/v2\/users\/1"}],"replies":[{"embeddable":true,"href":"https:\/\/marcelviau.net\/index.php?rest_route=%2Fwp%2Fv2%2Fcomments&post=1396"}],"version-history":[{"count":7,"href":"https:\/\/marcelviau.net\/index.php?rest_route=\/wp\/v2\/pages\/1396\/revisions"}],"predecessor-version":[{"id":2846,"href":"https:\/\/marcelviau.net\/index.php?rest_route=\/wp\/v2\/pages\/1396\/revisions\/2846"}],"wp:attachment":[{"href":"https:\/\/marcelviau.net\/index.php?rest_route=%2Fwp%2Fv2%2Fmedia&parent=1396"}],"curies":[{"name":"wp","href":"https:\/\/api.w.org\/{rel}","templated":true}]}}