{"id":2495,"date":"2025-07-10T08:17:30","date_gmt":"2025-07-10T12:17:30","guid":{"rendered":"https:\/\/marcelviau.net\/?page_id=2495"},"modified":"2025-07-30T08:18:42","modified_gmt":"2025-07-30T12:18:42","slug":"mes-autres-ecrits","status":"publish","type":"page","link":"https:\/\/marcelviau.net\/?page_id=2495","title":{"rendered":"Mes autres \u00e9crits"},"content":{"rendered":"\n\n<h1 class=\"wp-block-heading has-text-align-center\"><strong><em><mark style=\"background-color:rgba(0, 0, 0, 0)\" class=\"has-inline-color has-tertiary-color\">Autres Romans<\/mark><\/em><\/strong><\/h1>\n\n\n\n<h2 class=\"wp-block-heading has-text-align-center\"><em>Collection compl\u00e8te des \u0153uvres litt\u00e9raires de Marcel Viau<\/em><\/h2>\n\n\n\n<hr class=\"wp-block-separator has-alpha-channel-opacity\"\/>\n\n\n\n<h2 class=\"wp-block-heading\"><strong><mark style=\"background-color:rgba(0, 0, 0, 0)\" class=\"has-inline-color has-accent-color\">Br\u00e9beuf. Th\u00e9\u00e2tre op\u00e9ratique (2016)<\/mark><\/strong><\/h2>\n\n\n\n<blockquote class=\"wp-block-quote is-layout-flow wp-block-quote-is-layout-flow\">\n<p class=\"has-medium-font-size\"><em><strong>Il serait facile de r\u00e9duire le sujet de cette pi\u00e8ce de th\u00e9\u00e2tre \u00e0 un seul th\u00e8me : le martyre. Or, ce mot aujourd&rsquo;hui si galvaud\u00e9 \u2014 et si effrayant \u2014 a pourtant une signification tout autre que celle dont on a bien voulu parfois l&rsquo;affubler. Dans ce cas plus rare, le martyr est un t\u00e9moin des valeurs qu&rsquo;il cherche \u00e0 promouvoir aupr\u00e8s des autres : l&rsquo;amour, la compassion, la tol\u00e9rance et l&rsquo;accueil.<\/strong><\/em><\/p>\n<\/blockquote>\n\n\n<p style=\"text-align: center; margin: 25px 0; font-size: 18px;\">\n    \ud83d\udcda <a href=\"https:\/\/marcelviau.net\/?page_id=2572\" style=\"color: #d63384; text-decoration: none;\"><strong>COMMANDER CE LIVRE ICI<\/strong><\/a> \ud83d\udcda\n<\/p>\n\n\n<hr class=\"wp-block-separator has-alpha-channel-opacity\"\/>\n\n\n\n<h2 class=\"wp-block-heading\"><mark style=\"background-color:rgba(0, 0, 0, 0)\" class=\"has-inline-color has-accent-color\"><strong>L&rsquo;homme au Bracelet rouge (2017)<\/strong><\/mark><\/h2>\n\n\n\n<blockquote class=\"wp-block-quote is-layout-flow wp-block-quote-is-layout-flow\">\n<p class=\"has-medium-font-size\"><em><strong>Qui n&rsquo;a jamais ressenti un jour cette impression qu&rsquo;il y a s\u00fbrement autre chose que notre petit monde ? Cette chose nous semble une r\u00e9alit\u00e9 bien inaccessible toutefois. Les nouvelles pr\u00e9sent\u00e9es dans cet ouvrage traitent toutes, d&rsquo;une fa\u00e7on ou d&rsquo;une autre, de nos tentatives d&rsquo;atteindre une chose si furtive.<\/strong><\/em><\/p>\n<\/blockquote>\n\n\n<p style=\"text-align: center; margin: 25px 0; font-size: 18px;\">\n    \ud83d\udcda <a href=\"https:\/\/marcelviau.net\/?page_id=2576\" style=\"color: #d63384; text-decoration: none;\"><strong>COMMANDER CE LIVRE ICI<\/strong><\/a> \ud83d\udcda\n<\/p>\n\n\n<hr class=\"wp-block-separator has-alpha-channel-opacity\"\/>\n\n\n\n<h2 class=\"wp-block-heading\"><mark style=\"background-color:rgba(0, 0, 0, 0)\" class=\"has-inline-color has-accent-color\"><strong>Les Suppliantes. Un roman-feuilleton (2017)<\/strong><\/mark><\/h2>\n\n\n\n<blockquote class=\"wp-block-quote is-layout-flow wp-block-quote-is-layout-flow\">\n<p class=\"has-medium-font-size\"><em><strong>Maya, une Syrienne r\u00e9fugi\u00e9e depuis un an au Canada, arrive t\u00f4t le matin dans un poste de police de quartier de Montr\u00e9al. Elle est re\u00e7ue par la sergent d\u00e9tective Anne-Marie Boisvert qui termine son quart de nuit. Les circonstances entourant l&rsquo;incendie de sa maison sont n\u00e9buleuses et Anne-Marie veut tirer cela au clair.<\/strong><\/em><\/p>\n<\/blockquote>\n\n\n<p style=\"text-align: center; margin: 25px 0; font-size: 18px;\">\n    \ud83d\udcda <a href=\"https:\/\/marcelviau.net\/?page_id=2580\" style=\"color: #d63384; text-decoration: none;\"><strong>COMMANDER CE LIVRE ICI<\/strong><\/a> \ud83d\udcda\n<\/p>\n\n\n<hr class=\"wp-block-separator has-alpha-channel-opacity\"\/>\n\n\n\n<h2 class=\"wp-block-heading\"><strong><mark style=\"background-color:rgba(0, 0, 0, 0)\" class=\"has-inline-color has-accent-color\">La femme qui aimait le froid (2018)<\/mark><\/strong><\/h2>\n\n\n\n<blockquote class=\"wp-block-quote has-medium-font-size is-layout-flow wp-block-quote-is-layout-flow\">\n<p class=\"has-medium-font-size\"><em><strong>Perdue dans la toundra bor\u00e9ale, une femme est adoss\u00e9e \u00e0 un inukshuk, la t\u00eate pench\u00e9e en avant enfouie dans son capuchon de peau de phoque. Il fait tr\u00e8s froid. Elle est arriv\u00e9e l\u00e0 o\u00f9 personne ne va, au bout du chemin, au bout de son chemin. Son esprit f\u00e9brile vacille.<\/strong><\/em><\/p>\n<\/blockquote>\n\n\n<p style=\"text-align: center; margin: 25px 0; font-size: 18px;\">\n    \ud83d\udcda <a href=https:\/\/marcelviau.net\/?page_id=2566\" style=\"color: #d63384; text-decoration: none;\"><strong>COMMANDER CE LIVRE ICI<\/strong><\/a> \ud83d\udcda\n<\/p>\n\n\n<hr class=\"wp-block-separator has-alpha-channel-opacity\"\/>\n\n\n\n<h2 class=\"wp-block-heading\"><strong><mark style=\"background-color:rgba(0, 0, 0, 0)\" class=\"has-inline-color has-accent-color\">Le legs d&rsquo;Andr\u00e9a (2019)<\/mark><\/strong><\/h2>\n\n\n\n<blockquote class=\"wp-block-quote is-layout-flow wp-block-quote-is-layout-flow\">\n<p class=\"has-medium-font-size\"><em><strong>Zo\u00e9, une jeune fille bless\u00e9e par la vie, est condamn\u00e9e par le tribunal \u00e0 trois mois de travaux communautaires dans une r\u00e9sidence pour personnes \u00e2g\u00e9es. Elle y rencontre Andr\u00e9a, une vieille alcoolique aigrie qui se meurt d&rsquo;une cirrhose. \u00ab Puisqu&rsquo;il n&rsquo;y a pas de co\u00efncidence \u00bb comme le dit l&rsquo;un des personnages du roman, les deux femmes d\u00e9couvriront un lien de parent\u00e9 entre elles.<\/strong><\/em><\/p>\n<\/blockquote>\n\n\n<p style=\"text-align: center; margin: 25px 0; font-size: 18px;\">\n    \ud83d\udcda <a href=\"https:\/\/marcelviau.net\/?page_id=2587\" style=\"color: #d63384; text-decoration: none;\"><strong>COMMANDER CE LIVRE ICI<\/strong><\/a> \ud83d\udcda\n<\/p>\n\n\n<hr class=\"wp-block-separator has-alpha-channel-opacity\"\/>\n\n\n\n<h2 class=\"wp-block-heading\"><strong><mark style=\"background-color:rgba(0, 0, 0, 0)\" class=\"has-inline-color has-accent-color\">Une orchid\u00e9e dans le jardin d&rsquo;hiver (2019)<\/mark><\/strong><\/h2>\n\n\n\n<blockquote class=\"wp-block-quote is-layout-flow wp-block-quote-is-layout-flow\">\n<p class=\"has-medium-font-size\"><em><strong>\u00ab Il avait l&rsquo;air de voler comme un grand oiseau \u00bb. L&rsquo;univers autour de Peggy a commenc\u00e9 \u00e0 changer \u00e0 partir de cette phrase entendue lors d&rsquo;une conversation entre sa m\u00e8re et sa tante. Peggy a l&rsquo;\u00e2ge mental d&rsquo;une enfant de six ans, m\u00eame si elle est maintenant dans la vingtaine. Elle ne parle pas, mais elle entend toutes les conversations sans que personne fasse attention \u00e0 elle.<\/strong><\/em><\/p>\n<\/blockquote>\n\n\n<p style=\"text-align: center; margin: 25px 0; font-size: 18px;\">\n    \ud83d\udcda <a href=\"https:\/\/marcelviau.net\/?page_id=2584\" style=\"color: #d63384; text-decoration: none;\"><strong>COMMANDER CE LIVRE ICI<\/strong><\/a> \ud83d\udcda\n<\/p>\n\n\n<hr class=\"wp-block-separator has-alpha-channel-opacity\"\/>\n\n\n\n<p><\/p>\n\n","protected":false},"excerpt":{"rendered":"","protected":false},"author":1,"featured_media":0,"parent":0,"menu_order":0,"comment_status":"closed","ping_status":"closed","template":"","meta":{"footnotes":""},"class_list":["post-2495","page","type-page","status-publish"],"yoast_head":"<!-- This site is optimized with the Yoast SEO plugin v27.4 - https:\/\/yoast.com\/product\/yoast-seo-wordpress\/ -->\n<title>Mes autres \u00e9crits - Les Enqu\u00eates de Silas Robinson<\/title>\n<meta name=\"robots\" content=\"index, follow, max-snippet:-1, max-image-preview:large, max-video-preview:-1\" \/>\n<link rel=\"canonical\" href=\"https:\/\/marcelviau.net\/?page_id=2495\" \/>\n<meta property=\"og:locale\" content=\"fr_FR\" \/>\n<meta property=\"og:type\" content=\"article\" \/>\n<meta property=\"og:title\" content=\"Mes autres \u00e9crits - Les Enqu\u00eates de Silas Robinson\" \/>\n<meta property=\"og:url\" content=\"https:\/\/marcelviau.net\/?page_id=2495\" \/>\n<meta property=\"og:site_name\" content=\"Les Enqu\u00eates de Silas Robinson\" \/>\n<meta property=\"article:modified_time\" content=\"2025-07-30T12:18:42+00:00\" \/>\n<meta name=\"twitter:card\" content=\"summary_large_image\" \/>\n<meta name=\"twitter:label1\" content=\"Dur\u00e9e de lecture estim\u00e9e\" \/>\n\t<meta name=\"twitter:data1\" content=\"1 minute\" \/>\n<script type=\"application\/ld+json\" class=\"yoast-schema-graph\">{\"@context\":\"https:\\\/\\\/schema.org\",\"@graph\":[{\"@type\":\"WebPage\",\"@id\":\"https:\\\/\\\/marcelviau.net\\\/?page_id=2495\",\"url\":\"https:\\\/\\\/marcelviau.net\\\/?page_id=2495\",\"name\":\"Mes autres \u00e9crits - Les Enqu\u00eates de Silas Robinson\",\"isPartOf\":{\"@id\":\"https:\\\/\\\/marcelviau.net\\\/#website\"},\"datePublished\":\"2025-07-10T12:17:30+00:00\",\"dateModified\":\"2025-07-30T12:18:42+00:00\",\"breadcrumb\":{\"@id\":\"https:\\\/\\\/marcelviau.net\\\/?page_id=2495#breadcrumb\"},\"inLanguage\":\"fr-FR\",\"potentialAction\":[{\"@type\":\"ReadAction\",\"target\":[\"https:\\\/\\\/marcelviau.net\\\/?page_id=2495\"]}]},{\"@type\":\"BreadcrumbList\",\"@id\":\"https:\\\/\\\/marcelviau.net\\\/?page_id=2495#breadcrumb\",\"itemListElement\":[{\"@type\":\"ListItem\",\"position\":1,\"name\":\"Accueil\",\"item\":\"https:\\\/\\\/marcelviau.net\\\/\"},{\"@type\":\"ListItem\",\"position\":2,\"name\":\"Mes autres \u00e9crits\"}]},{\"@type\":\"WebSite\",\"@id\":\"https:\\\/\\\/marcelviau.net\\\/#website\",\"url\":\"https:\\\/\\\/marcelviau.net\\\/\",\"name\":\"Les Enqu\u00eates de Silas Robinson\",\"description\":\"Romans policiers historiques par Marcel Viau\",\"publisher\":{\"@id\":\"https:\\\/\\\/marcelviau.net\\\/#\\\/schema\\\/person\\\/1606b12bb3273c47bb44adc6fbb4de84\"},\"potentialAction\":[{\"@type\":\"SearchAction\",\"target\":{\"@type\":\"EntryPoint\",\"urlTemplate\":\"https:\\\/\\\/marcelviau.net\\\/?s={search_term_string}\"},\"query-input\":{\"@type\":\"PropertyValueSpecification\",\"valueRequired\":true,\"valueName\":\"search_term_string\"}}],\"inLanguage\":\"fr-FR\"},{\"@type\":[\"Person\",\"Organization\"],\"@id\":\"https:\\\/\\\/marcelviau.net\\\/#\\\/schema\\\/person\\\/1606b12bb3273c47bb44adc6fbb4de84\",\"name\":\"Marcel Viau\",\"image\":{\"@type\":\"ImageObject\",\"inLanguage\":\"fr-FR\",\"@id\":\"https:\\\/\\\/marcelviau.net\\\/wp-content\\\/uploads\\\/2025\\\/07\\\/Viau-2025-scaled.jpg\",\"url\":\"https:\\\/\\\/marcelviau.net\\\/wp-content\\\/uploads\\\/2025\\\/07\\\/Viau-2025-scaled.jpg\",\"contentUrl\":\"https:\\\/\\\/marcelviau.net\\\/wp-content\\\/uploads\\\/2025\\\/07\\\/Viau-2025-scaled.jpg\",\"width\":1920,\"height\":2560,\"caption\":\"Marcel Viau\"},\"logo\":{\"@id\":\"https:\\\/\\\/marcelviau.net\\\/wp-content\\\/uploads\\\/2025\\\/07\\\/Viau-2025-scaled.jpg\"},\"sameAs\":[\"https:\\\/\\\/marcelviau.net\"]}]}<\/script>\n<!-- \/ Yoast SEO plugin. -->","yoast_head_json":{"title":"Mes autres \u00e9crits - Les Enqu\u00eates de Silas Robinson","robots":{"index":"index","follow":"follow","max-snippet":"max-snippet:-1","max-image-preview":"max-image-preview:large","max-video-preview":"max-video-preview:-1"},"canonical":"https:\/\/marcelviau.net\/?page_id=2495","og_locale":"fr_FR","og_type":"article","og_title":"Mes autres \u00e9crits - Les Enqu\u00eates de Silas Robinson","og_url":"https:\/\/marcelviau.net\/?page_id=2495","og_site_name":"Les Enqu\u00eates de Silas Robinson","article_modified_time":"2025-07-30T12:18:42+00:00","twitter_card":"summary_large_image","twitter_misc":{"Dur\u00e9e de lecture estim\u00e9e":"1 minute"},"schema":{"@context":"https:\/\/schema.org","@graph":[{"@type":"WebPage","@id":"https:\/\/marcelviau.net\/?page_id=2495","url":"https:\/\/marcelviau.net\/?page_id=2495","name":"Mes autres \u00e9crits - Les Enqu\u00eates de Silas Robinson","isPartOf":{"@id":"https:\/\/marcelviau.net\/#website"},"datePublished":"2025-07-10T12:17:30+00:00","dateModified":"2025-07-30T12:18:42+00:00","breadcrumb":{"@id":"https:\/\/marcelviau.net\/?page_id=2495#breadcrumb"},"inLanguage":"fr-FR","potentialAction":[{"@type":"ReadAction","target":["https:\/\/marcelviau.net\/?page_id=2495"]}]},{"@type":"BreadcrumbList","@id":"https:\/\/marcelviau.net\/?page_id=2495#breadcrumb","itemListElement":[{"@type":"ListItem","position":1,"name":"Accueil","item":"https:\/\/marcelviau.net\/"},{"@type":"ListItem","position":2,"name":"Mes autres \u00e9crits"}]},{"@type":"WebSite","@id":"https:\/\/marcelviau.net\/#website","url":"https:\/\/marcelviau.net\/","name":"Les Enqu\u00eates de Silas Robinson","description":"Romans policiers historiques par Marcel Viau","publisher":{"@id":"https:\/\/marcelviau.net\/#\/schema\/person\/1606b12bb3273c47bb44adc6fbb4de84"},"potentialAction":[{"@type":"SearchAction","target":{"@type":"EntryPoint","urlTemplate":"https:\/\/marcelviau.net\/?s={search_term_string}"},"query-input":{"@type":"PropertyValueSpecification","valueRequired":true,"valueName":"search_term_string"}}],"inLanguage":"fr-FR"},{"@type":["Person","Organization"],"@id":"https:\/\/marcelviau.net\/#\/schema\/person\/1606b12bb3273c47bb44adc6fbb4de84","name":"Marcel Viau","image":{"@type":"ImageObject","inLanguage":"fr-FR","@id":"https:\/\/marcelviau.net\/wp-content\/uploads\/2025\/07\/Viau-2025-scaled.jpg","url":"https:\/\/marcelviau.net\/wp-content\/uploads\/2025\/07\/Viau-2025-scaled.jpg","contentUrl":"https:\/\/marcelviau.net\/wp-content\/uploads\/2025\/07\/Viau-2025-scaled.jpg","width":1920,"height":2560,"caption":"Marcel Viau"},"logo":{"@id":"https:\/\/marcelviau.net\/wp-content\/uploads\/2025\/07\/Viau-2025-scaled.jpg"},"sameAs":["https:\/\/marcelviau.net"]}]}},"jetpack-related-posts":[{"id":1396,"url":"https:\/\/marcelviau.net\/?page_id=1396","url_meta":{"origin":2495,"position":0},"title":"Br\u00e9beuf","author":"Marcel Viau","date":"17 juillet 2023","format":false,"excerpt":"BR\u00c9BEUF. Th\u00e9\u00e2tre op\u00e9ratique (2016) Il serait facile de r\u00e9duire le sujet de cette pi\u00e8ce de th\u00e9\u00e2tre \u00e0 un seul th\u00e8me : le martyre. Or, ce mot aujourd'hui si galvaud\u00e9 \u2014 et si effrayant \u2014 a pourtant une signification tout autre que celle dont on a bien voulu parfois l\u2019affubler. Pourtant,\u2026","rel":"","context":"Article similaire","block_context":{"text":"Article similaire","link":""},"img":{"alt_text":"","src":"https:\/\/i0.wp.com\/marcelviau.net\/wp-content\/uploads\/2020\/10\/Brebeuf-3.jpg?resize=350%2C200&ssl=1","width":350,"height":200},"classes":[]},{"id":1309,"url":"https:\/\/marcelviau.net\/?page_id=1309","url_meta":{"origin":2495,"position":1},"title":"Livres de Marcel Viau (2)","author":"Marcel Viau","date":"15 juillet 2023","format":false,"excerpt":"Les oeuvres de fiction de Marcel Viau sont disponibles dans plusieurs libraires au Canada et en Europe Cliquez sur le titre pour avoir des d\u00e9tails. Les enqu\u00eates de Silas Robinson Turbulence dans Griffintown (2025) La morte du faubourg Saint-Louis (2024) Meurtre \u00e0 la caserne des J\u00e9suites (2023) Un pont sur\u2026","rel":"","context":"Article similaire","block_context":{"text":"Article similaire","link":""},"img":{"alt_text":"","src":"","width":0,"height":0},"classes":[]},{"id":2572,"url":"https:\/\/marcelviau.net\/?page_id=2572","url_meta":{"origin":2495,"position":2},"title":"Br\u00e9beuf (2)","author":"Marcel Viau","date":"14 juillet 2025","format":false,"excerpt":"Br\u00e9beuf. Th\u00e9\u00e2tre op\u00e9ratique - Marcel Viau Br\u00e9beuf. Th\u00e9\u00e2tre op\u00e9ratique (2016) Il serait facile de r\u00e9duire le sujet de cette pi\u00e8ce de th\u00e9\u00e2tre \u00e0 un seul th\u00e8me : le martyre. Or, ce mot aujourd'hui si galvaud\u00e9 \u2014 et si effrayant \u2014 a pourtant une signification tout autre que celle dont on\u2026","rel":"","context":"Article similaire","block_context":{"text":"Article similaire","link":""},"img":{"alt_text":"","src":"https:\/\/i0.wp.com\/marcelviau.net\/wp-content\/uploads\/2020\/10\/Brebeuf-3.jpg?resize=350%2C200&ssl=1","width":350,"height":200},"classes":[]},{"id":2562,"url":"https:\/\/marcelviau.net\/?page_id=2562","url_meta":{"origin":2495,"position":3},"title":"Auteur (2)","author":"Marcel Viau","date":"9 juillet 2025","format":false,"excerpt":"Mon parcours J'ai fait carri\u00e8re comme professeur \u00e0 l'Universit\u00e9 Laval, o\u00f9 j'ai dirig\u00e9 une revue savante et pr\u00e9sid\u00e9 une association internationale. Je me suis int\u00e9ress\u00e9 \u00e0 la philosophie du langage. Depuis une douzaine d'ann\u00e9es, je me consacre \u00e0 ce qui m'attire d\u00e9sormais :\u00a0raconter des histoires. J'ai explor\u00e9 diff\u00e9rents genres avant\u2026","rel":"","context":"Article similaire","block_context":{"text":"Article similaire","link":""},"img":{"alt_text":"","src":"https:\/\/i0.wp.com\/marcelviau.net\/wp-content\/uploads\/2025\/09\/Marcel-Gravatar-2025-1-scaled.jpg?resize=350%2C200&ssl=1","width":350,"height":200,"srcset":"https:\/\/i0.wp.com\/marcelviau.net\/wp-content\/uploads\/2025\/09\/Marcel-Gravatar-2025-1-scaled.jpg?resize=350%2C200&ssl=1 1x, https:\/\/i0.wp.com\/marcelviau.net\/wp-content\/uploads\/2025\/09\/Marcel-Gravatar-2025-1-scaled.jpg?resize=525%2C300&ssl=1 1.5x, https:\/\/i0.wp.com\/marcelviau.net\/wp-content\/uploads\/2025\/09\/Marcel-Gravatar-2025-1-scaled.jpg?resize=700%2C400&ssl=1 2x, https:\/\/i0.wp.com\/marcelviau.net\/wp-content\/uploads\/2025\/09\/Marcel-Gravatar-2025-1-scaled.jpg?resize=1050%2C600&ssl=1 3x, https:\/\/i0.wp.com\/marcelviau.net\/wp-content\/uploads\/2025\/09\/Marcel-Gravatar-2025-1-scaled.jpg?resize=1400%2C800&ssl=1 4x"},"classes":[]},{"id":14,"url":"https:\/\/marcelviau.net\/?page_id=14","url_meta":{"origin":2495,"position":4},"title":"Auteur-2","author":"Marcel Viau","date":"11 ao\u00fbt 2020","format":false,"excerpt":"Marcel Viau Mon parcours J'ai fait carri\u00e8re comme professeur \u00e0 l'Universit\u00e9 Laval, o\u00f9 j'ai dirig\u00e9 une revue savante et pr\u00e9sid\u00e9 une association internationale. Ma sp\u00e9cialit\u00e9 \u00e9tait la philosophie du langage. Depuis une douzaine d'ann\u00e9es, je me consacre \u00e0 ce qui m'attire d\u00e9sormais : raconter des histoires. J'ai explor\u00e9 diff\u00e9rents genres\u2026","rel":"","context":"Article similaire","block_context":{"text":"Article similaire","link":""},"img":{"alt_text":"","src":"https:\/\/i0.wp.com\/marcelviau.net\/wp-content\/uploads\/2020\/08\/Viau-2019-1.jpg?resize=350%2C200&ssl=1","width":350,"height":200,"srcset":"https:\/\/i0.wp.com\/marcelviau.net\/wp-content\/uploads\/2020\/08\/Viau-2019-1.jpg?resize=350%2C200&ssl=1 1x, https:\/\/i0.wp.com\/marcelviau.net\/wp-content\/uploads\/2020\/08\/Viau-2019-1.jpg?resize=525%2C300&ssl=1 1.5x, https:\/\/i0.wp.com\/marcelviau.net\/wp-content\/uploads\/2020\/08\/Viau-2019-1.jpg?resize=700%2C400&ssl=1 2x, https:\/\/i0.wp.com\/marcelviau.net\/wp-content\/uploads\/2020\/08\/Viau-2019-1.jpg?resize=1050%2C600&ssl=1 3x, https:\/\/i0.wp.com\/marcelviau.net\/wp-content\/uploads\/2020\/08\/Viau-2019-1.jpg?resize=1400%2C800&ssl=1 4x"},"classes":[]},{"id":2880,"url":"https:\/\/marcelviau.net\/?page_id=2880","url_meta":{"origin":2495,"position":5},"title":"Avis des lecteurs (Sparks)","author":"Marcel Viau","date":"27 juillet 2025","format":false,"excerpt":"Assassinat dans la rue Sparks (Avis) D\u00e9couvrez ce que pensent les premi\u00e8res lectrices et lecteurs\u00a0\u00a0d'Assassinat dans la rue Sparks, la derni\u00e8re enqu\u00eate de Silas Robinson. \ud83d\udcd6\u00a0Choisissez votre lecture : \ud83d\udcf0 Chroniques approfondies \u2022 Chronique de Manuel - Le monde du polar - Analyse litt\u00e9raire d\u00e9taill\u00e9e (15 min) \u2022 Chronique d'Ottawa\u2026","rel":"","context":"Article similaire","block_context":{"text":"Article similaire","link":""},"img":{"alt_text":"","src":"","width":0,"height":0},"classes":[]}],"jetpack_sharing_enabled":true,"_links":{"self":[{"href":"https:\/\/marcelviau.net\/index.php?rest_route=\/wp\/v2\/pages\/2495","targetHints":{"allow":["GET"]}}],"collection":[{"href":"https:\/\/marcelviau.net\/index.php?rest_route=\/wp\/v2\/pages"}],"about":[{"href":"https:\/\/marcelviau.net\/index.php?rest_route=\/wp\/v2\/types\/page"}],"author":[{"embeddable":true,"href":"https:\/\/marcelviau.net\/index.php?rest_route=\/wp\/v2\/users\/1"}],"replies":[{"embeddable":true,"href":"https:\/\/marcelviau.net\/index.php?rest_route=%2Fwp%2Fv2%2Fcomments&post=2495"}],"version-history":[{"count":20,"href":"https:\/\/marcelviau.net\/index.php?rest_route=\/wp\/v2\/pages\/2495\/revisions"}],"predecessor-version":[{"id":2781,"href":"https:\/\/marcelviau.net\/index.php?rest_route=\/wp\/v2\/pages\/2495\/revisions\/2781"}],"wp:attachment":[{"href":"https:\/\/marcelviau.net\/index.php?rest_route=%2Fwp%2Fv2%2Fmedia&parent=2495"}],"curies":[{"name":"wp","href":"https:\/\/api.w.org\/{rel}","templated":true}]}}