{"id":2576,"date":"2025-07-14T08:40:56","date_gmt":"2025-07-14T12:40:56","guid":{"rendered":"https:\/\/marcelviau.net\/?page_id=2576"},"modified":"2025-07-30T08:40:05","modified_gmt":"2025-07-30T12:40:05","slug":"bracelet-rouge-2","status":"publish","type":"page","link":"https:\/\/marcelviau.net\/?page_id=2576","title":{"rendered":"Bracelet rouge (2)"},"content":{"rendered":"<div class=\"wp-block-image\">\n<figure class=\"aligncenter size-full\"><img loading=\"lazy\" decoding=\"async\" width=\"612\" height=\"792\" src=\"https:\/\/marcelviau.net\/wp-content\/uploads\/2020\/10\/lhomme.png\" alt=\"\" class=\"wp-image-121\" srcset=\"https:\/\/marcelviau.net\/wp-content\/uploads\/2020\/10\/lhomme.png 612w, https:\/\/marcelviau.net\/wp-content\/uploads\/2020\/10\/lhomme-232x300.png 232w\" sizes=\"auto, (max-width: 612px) 100vw, 612px\" \/><\/figure>\n<\/div>\n\n\n<!DOCTYPE html>\n<html lang=\"fr\">\n<head>\n   <meta charset=\"UTF-8\">\n   <meta name=\"viewport\" content=\"width=device-width, initial-scale=1.0\">\n   <title>L&rsquo;homme au bracelet rouge &#8211; Marcel Viau<\/title>\n   <style>\n       * {\n           margin: 0;\n           padding: 0;\n           box-sizing: border-box;\n       }\n\n       body {\n           font-family: 'Georgia', serif;\n           line-height: 1.6;\n           color: #333;\n           background-color: #f8f8f8;\n       }\n\n       .container {\n           max-width: 1200px;\n           margin: 0 auto;\n           padding: 40px 20px;\n       }\n\n       .book-header {\n           text-align: center;\n           margin-bottom: 50px;\n       }\n\n       .book-title {\n           font-size: 2.5em;\n           color: #2c3e50;\n           margin-bottom: 10px;\n           font-weight: normal;\n       }\n\n       .book-content {\n           display: block;\n           margin-bottom: 40px;\n       }\n\n       .book-description {\n           background: white;\n           padding: 30px;\n           border-radius: 10px;\n           box-shadow: 0 5px 15px rgba(0,0,0,0.1);\n           margin-bottom: 30px;\n       }\n\n       .book-description p {\n           font-size: 1.1em;\n           line-height: 1.8;\n           text-align: justify;\n           margin-bottom: 15px;\n       }\n\n       .purchase-section {\n           background: white;\n           padding: 30px;\n           border-radius: 10px;\n           box-shadow: 0 5px 15px rgba(0,0,0,0.1);\n       }\n\n       .canada-flag {\n           color: #e74c3c;\n           margin-right: 10px;\n       }\n\n       .purchase-title {\n           font-size: 1.4em;\n           margin-bottom: 20px;\n           color: #2c3e50;\n           display: flex;\n           align-items: center;\n       }\n\n       .purchase-option {\n           border: 2px solid #e74c3c;\n           border-radius: 10px;\n           padding: 25px;\n           margin-bottom: 20px;\n           background: #ffeaea;\n       }\n\n       .purchase-option.ebook {\n           border: 2px solid #27ae60;\n           background: #eafaf1;\n       }\n\n       .option-title {\n           font-size: 1.2em;\n           font-weight: bold;\n           margin-bottom: 10px;\n           color: #2c3e50;\n       }\n\n       .option-details {\n           margin-bottom: 15px;\n       }\n\n       .option-details p {\n           margin-bottom: 8px;\n           color: #555;\n       }\n\n       .checkmark {\n           color: #27ae60;\n           margin-right: 8px;\n       }\n\n       .purchase-button {\n           background: #e74c3c;\n           color: white;\n           padding: 12px 30px;\n           border: none;\n           border-radius: 25px;\n           font-size: 1.1em;\n           cursor: pointer;\n           transition: background 0.3s;\n           text-decoration: none;\n           display: inline-block;\n           font-weight: bold;\n       }\n\n       .purchase-button.ebook {\n           background: #27ae60;\n       }\n\n       .purchase-button:hover {\n           background: #c0392b;\n       }\n\n       .purchase-button.ebook:hover {\n           background: #229954;\n       }\n\n       .availability-note {\n           font-style: italic;\n           color: #7f8c8d;\n           margin-top: 20px;\n           text-align: center;\n           font-size: 0.95em;\n       }\n\n       @media (max-width: 768px) {\n           .book-title {\n               font-size: 2em;\n           }\n           \n           .container {\n               padding: 20px 10px;\n           }\n       }\n   <\/style>\n<\/head>\n<body>\n   <div class=\"container\">\n       <div class=\"book-header\">\n           <h1 class=\"book-title\">L&rsquo;homme au bracelet rouge. Recueil de nouvelles (2016)<\/h1>\n       <\/div>\n\n       <div class=\"book-content\">\n           <div class=\"book-description\">\n               <p>Qui n&rsquo;a jamais ressenti un jour cette impression qu&rsquo;il y a s\u00fbrement autre chose que notre petit monde ? Cette chose nous semble une r\u00e9alit\u00e9 bien inaccessible toutefois. Les nouvelles pr\u00e9sent\u00e9es dans cet ouvrage traitent toutes, d&rsquo;une fa\u00e7on ou d&rsquo;une autre, de nos tentatives d&rsquo;atteindre une chose si furtive.<\/p>\n           <\/div>\n\n           <div class=\"purchase-section\">\n               <h3 class=\"purchase-title\">\n                   <span class=\"canada-flag\">\ud83c\udde8\ud83c\udde6<\/span>\n                   Commande pour le Canada\n               <\/h3>\n\n               <div class=\"purchase-option\">\n                   <h4 class=\"option-title\">\ud83d\udcd6 Livre papier &#8211; Lulu<\/h4>\n                   <div class=\"option-details\">\n                       <p>Prix automatiquement en dollars canadiens<\/p>\n                       <p>Exp\u00e9dition rapide depuis l&rsquo;Am\u00e9rique du Nord<\/p>\n                       <p><span class=\"checkmark\">\u2713<\/span>D\u00e9lai de livraison : 5-10 jours ouvrables<\/p>\n                       <p><span class=\"checkmark\">\u2713<\/span>Paiement s\u00e9curis\u00e9 PayPal\/carte<\/p>\n                       <p><span class=\"checkmark\">\u2713<\/span>Impression \u00e0 la demande<\/p>\n                       <p><span class=\"checkmark\">\u2713<\/span>Qualit\u00e9 professionnelle<\/p>\n                   <\/div>\n                   <a href= \" https:\/\/www.lulu.com\/shop\/marcel-viau\/lhomme-au-bracelet-rouge-nouvelles\/paperback\/product-1ngmk6qz.html?q=l%27homme+au+bracelet+rouge&#038;page=1&#038;pageSize=4\"class=\"purchase-button\" style=\"color: black; border: 1px solid black; padding: 8px 16px; text-decoration: none;\">Commander sur Lulu<\/a>\n               <\/div>\n\n               <div class=\"purchase-option ebook\">\n                   <h4 class=\"option-title\">\ud83d\udcf1 Livre num\u00e9rique &#8211; Lulu<\/h4>\n                   <div class=\"option-details\">\n                       <p>Prix automatiquement en dollars canadiens<\/p>\n                       <p>T\u00e9l\u00e9chargement imm\u00e9diat apr\u00e8s achat<\/p>\n                       <p><span class=\"checkmark\">\u2713<\/span>Livraison instantan\u00e9e<\/p>\n                       <p><span class=\"checkmark\">\u2713<\/span>Paiement s\u00e9curis\u00e9 PayPal\/carte<\/p>\n                       <p><span class=\"checkmark\">\u2713<\/span>Compatible avec tous les appareils<\/p>\n                       <p><span class=\"checkmark\">\u2713<\/span>Format ePub universel<\/p>\n                   <\/div>\n                  <a href= \" https:\/\/www.lulu.com\/shop\/marcel-viau\/lhomme-au-bracelet-rouge-nouvelles\/ebook\/product-1ngj7ddj.html?q=l%27homme+au+bracelet+rouge&#038;page=1&#038;pageSize=4\"class=\"purchase-button\" style=\"color: black; border: 1px solid black; padding: 8px 16px; text-decoration: none;\">Commander sur Lulu<\/a>\n               <\/div>\n\n               <p class=\"availability-note\">\n                   \u00c9galement disponible dans les principales librairies en ligne.\n               <\/p>\n           <\/div>\n       <\/div>\n   <\/div>\n<\/body>\n<\/html>\n","protected":false},"excerpt":{"rendered":"<p>L&rsquo;homme au bracelet rouge &#8211; Marcel Viau L&rsquo;homme au bracelet rouge. Recueil de nouvelles (2016) Qui n&rsquo;a jamais ressenti un jour cette impression qu&rsquo;il y a s\u00fbrement autre chose que notre petit monde ? Cette chose nous semble une r\u00e9alit\u00e9 bien inaccessible toutefois. Les nouvelles pr\u00e9sent\u00e9es dans cet ouvrage traitent toutes, d&rsquo;une fa\u00e7on ou d&rsquo;une &#8230; <a title=\"Bracelet rouge (2)\" class=\"read-more\" href=\"https:\/\/marcelviau.net\/?page_id=2576\" aria-label=\"En savoir plus sur Bracelet rouge (2)\">Lire la suite<\/a><\/p>\n","protected":false},"author":1,"featured_media":0,"parent":0,"menu_order":0,"comment_status":"closed","ping_status":"closed","template":"","meta":{"footnotes":""},"class_list":["post-2576","page","type-page","status-publish"],"yoast_head":"<!-- This site is optimized with the Yoast SEO plugin v27.4 - https:\/\/yoast.com\/product\/yoast-seo-wordpress\/ -->\n<title>Bracelet rouge (2) - Les Enqu\u00eates de Silas Robinson<\/title>\n<meta name=\"robots\" content=\"index, follow, max-snippet:-1, max-image-preview:large, max-video-preview:-1\" \/>\n<link rel=\"canonical\" href=\"https:\/\/marcelviau.net\/?page_id=2576\" \/>\n<meta property=\"og:locale\" content=\"fr_FR\" \/>\n<meta property=\"og:type\" content=\"article\" \/>\n<meta property=\"og:title\" content=\"Bracelet rouge (2) - Les Enqu\u00eates de Silas Robinson\" \/>\n<meta property=\"og:description\" content=\"L&rsquo;homme au bracelet rouge &#8211; Marcel Viau L&rsquo;homme au bracelet rouge. Recueil de nouvelles (2016) Qui n&rsquo;a jamais ressenti un jour cette impression qu&rsquo;il y a s\u00fbrement autre chose que notre petit monde ? Cette chose nous semble une r\u00e9alit\u00e9 bien inaccessible toutefois. Les nouvelles pr\u00e9sent\u00e9es dans cet ouvrage traitent toutes, d&rsquo;une fa\u00e7on ou d&rsquo;une ... Lire la suite\" \/>\n<meta property=\"og:url\" content=\"https:\/\/marcelviau.net\/?page_id=2576\" \/>\n<meta property=\"og:site_name\" content=\"Les Enqu\u00eates de Silas Robinson\" \/>\n<meta property=\"article:modified_time\" content=\"2025-07-30T12:40:05+00:00\" \/>\n<meta property=\"og:image\" content=\"https:\/\/marcelviau.net\/wp-content\/uploads\/2020\/10\/lhomme.png\" \/>\n<meta name=\"twitter:card\" content=\"summary_large_image\" \/>\n<meta name=\"twitter:label1\" content=\"Dur\u00e9e de lecture estim\u00e9e\" \/>\n\t<meta name=\"twitter:data1\" content=\"1 minute\" \/>\n<script type=\"application\/ld+json\" class=\"yoast-schema-graph\">{\"@context\":\"https:\\\/\\\/schema.org\",\"@graph\":[{\"@type\":\"WebPage\",\"@id\":\"https:\\\/\\\/marcelviau.net\\\/?page_id=2576\",\"url\":\"https:\\\/\\\/marcelviau.net\\\/?page_id=2576\",\"name\":\"Bracelet rouge (2) - Les Enqu\u00eates de Silas Robinson\",\"isPartOf\":{\"@id\":\"https:\\\/\\\/marcelviau.net\\\/#website\"},\"primaryImageOfPage\":{\"@id\":\"https:\\\/\\\/marcelviau.net\\\/?page_id=2576#primaryimage\"},\"image\":{\"@id\":\"https:\\\/\\\/marcelviau.net\\\/?page_id=2576#primaryimage\"},\"thumbnailUrl\":\"https:\\\/\\\/marcelviau.net\\\/wp-content\\\/uploads\\\/2020\\\/10\\\/lhomme.png\",\"datePublished\":\"2025-07-14T12:40:56+00:00\",\"dateModified\":\"2025-07-30T12:40:05+00:00\",\"breadcrumb\":{\"@id\":\"https:\\\/\\\/marcelviau.net\\\/?page_id=2576#breadcrumb\"},\"inLanguage\":\"fr-FR\",\"potentialAction\":[{\"@type\":\"ReadAction\",\"target\":[\"https:\\\/\\\/marcelviau.net\\\/?page_id=2576\"]}]},{\"@type\":\"ImageObject\",\"inLanguage\":\"fr-FR\",\"@id\":\"https:\\\/\\\/marcelviau.net\\\/?page_id=2576#primaryimage\",\"url\":\"https:\\\/\\\/marcelviau.net\\\/wp-content\\\/uploads\\\/2020\\\/10\\\/lhomme.png\",\"contentUrl\":\"https:\\\/\\\/marcelviau.net\\\/wp-content\\\/uploads\\\/2020\\\/10\\\/lhomme.png\",\"width\":612,\"height\":792},{\"@type\":\"BreadcrumbList\",\"@id\":\"https:\\\/\\\/marcelviau.net\\\/?page_id=2576#breadcrumb\",\"itemListElement\":[{\"@type\":\"ListItem\",\"position\":1,\"name\":\"Accueil\",\"item\":\"https:\\\/\\\/marcelviau.net\\\/\"},{\"@type\":\"ListItem\",\"position\":2,\"name\":\"Bracelet rouge (2)\"}]},{\"@type\":\"WebSite\",\"@id\":\"https:\\\/\\\/marcelviau.net\\\/#website\",\"url\":\"https:\\\/\\\/marcelviau.net\\\/\",\"name\":\"Les Enqu\u00eates de Silas Robinson\",\"description\":\"Romans policiers historiques par Marcel Viau\",\"publisher\":{\"@id\":\"https:\\\/\\\/marcelviau.net\\\/#\\\/schema\\\/person\\\/1606b12bb3273c47bb44adc6fbb4de84\"},\"potentialAction\":[{\"@type\":\"SearchAction\",\"target\":{\"@type\":\"EntryPoint\",\"urlTemplate\":\"https:\\\/\\\/marcelviau.net\\\/?s={search_term_string}\"},\"query-input\":{\"@type\":\"PropertyValueSpecification\",\"valueRequired\":true,\"valueName\":\"search_term_string\"}}],\"inLanguage\":\"fr-FR\"},{\"@type\":[\"Person\",\"Organization\"],\"@id\":\"https:\\\/\\\/marcelviau.net\\\/#\\\/schema\\\/person\\\/1606b12bb3273c47bb44adc6fbb4de84\",\"name\":\"Marcel Viau\",\"image\":{\"@type\":\"ImageObject\",\"inLanguage\":\"fr-FR\",\"@id\":\"https:\\\/\\\/marcelviau.net\\\/wp-content\\\/uploads\\\/2025\\\/07\\\/Viau-2025-scaled.jpg\",\"url\":\"https:\\\/\\\/marcelviau.net\\\/wp-content\\\/uploads\\\/2025\\\/07\\\/Viau-2025-scaled.jpg\",\"contentUrl\":\"https:\\\/\\\/marcelviau.net\\\/wp-content\\\/uploads\\\/2025\\\/07\\\/Viau-2025-scaled.jpg\",\"width\":1920,\"height\":2560,\"caption\":\"Marcel Viau\"},\"logo\":{\"@id\":\"https:\\\/\\\/marcelviau.net\\\/wp-content\\\/uploads\\\/2025\\\/07\\\/Viau-2025-scaled.jpg\"},\"sameAs\":[\"https:\\\/\\\/marcelviau.net\"]}]}<\/script>\n<!-- \/ Yoast SEO plugin. -->","yoast_head_json":{"title":"Bracelet rouge (2) - Les Enqu\u00eates de Silas Robinson","robots":{"index":"index","follow":"follow","max-snippet":"max-snippet:-1","max-image-preview":"max-image-preview:large","max-video-preview":"max-video-preview:-1"},"canonical":"https:\/\/marcelviau.net\/?page_id=2576","og_locale":"fr_FR","og_type":"article","og_title":"Bracelet rouge (2) - Les Enqu\u00eates de Silas Robinson","og_description":"L&rsquo;homme au bracelet rouge &#8211; Marcel Viau L&rsquo;homme au bracelet rouge. Recueil de nouvelles (2016) Qui n&rsquo;a jamais ressenti un jour cette impression qu&rsquo;il y a s\u00fbrement autre chose que notre petit monde ? Cette chose nous semble une r\u00e9alit\u00e9 bien inaccessible toutefois. Les nouvelles pr\u00e9sent\u00e9es dans cet ouvrage traitent toutes, d&rsquo;une fa\u00e7on ou d&rsquo;une ... Lire la suite","og_url":"https:\/\/marcelviau.net\/?page_id=2576","og_site_name":"Les Enqu\u00eates de Silas Robinson","article_modified_time":"2025-07-30T12:40:05+00:00","og_image":[{"url":"https:\/\/marcelviau.net\/wp-content\/uploads\/2020\/10\/lhomme.png","type":"","width":"","height":""}],"twitter_card":"summary_large_image","twitter_misc":{"Dur\u00e9e de lecture estim\u00e9e":"1 minute"},"schema":{"@context":"https:\/\/schema.org","@graph":[{"@type":"WebPage","@id":"https:\/\/marcelviau.net\/?page_id=2576","url":"https:\/\/marcelviau.net\/?page_id=2576","name":"Bracelet rouge (2) - Les Enqu\u00eates de Silas Robinson","isPartOf":{"@id":"https:\/\/marcelviau.net\/#website"},"primaryImageOfPage":{"@id":"https:\/\/marcelviau.net\/?page_id=2576#primaryimage"},"image":{"@id":"https:\/\/marcelviau.net\/?page_id=2576#primaryimage"},"thumbnailUrl":"https:\/\/marcelviau.net\/wp-content\/uploads\/2020\/10\/lhomme.png","datePublished":"2025-07-14T12:40:56+00:00","dateModified":"2025-07-30T12:40:05+00:00","breadcrumb":{"@id":"https:\/\/marcelviau.net\/?page_id=2576#breadcrumb"},"inLanguage":"fr-FR","potentialAction":[{"@type":"ReadAction","target":["https:\/\/marcelviau.net\/?page_id=2576"]}]},{"@type":"ImageObject","inLanguage":"fr-FR","@id":"https:\/\/marcelviau.net\/?page_id=2576#primaryimage","url":"https:\/\/marcelviau.net\/wp-content\/uploads\/2020\/10\/lhomme.png","contentUrl":"https:\/\/marcelviau.net\/wp-content\/uploads\/2020\/10\/lhomme.png","width":612,"height":792},{"@type":"BreadcrumbList","@id":"https:\/\/marcelviau.net\/?page_id=2576#breadcrumb","itemListElement":[{"@type":"ListItem","position":1,"name":"Accueil","item":"https:\/\/marcelviau.net\/"},{"@type":"ListItem","position":2,"name":"Bracelet rouge (2)"}]},{"@type":"WebSite","@id":"https:\/\/marcelviau.net\/#website","url":"https:\/\/marcelviau.net\/","name":"Les Enqu\u00eates de Silas Robinson","description":"Romans policiers historiques par Marcel Viau","publisher":{"@id":"https:\/\/marcelviau.net\/#\/schema\/person\/1606b12bb3273c47bb44adc6fbb4de84"},"potentialAction":[{"@type":"SearchAction","target":{"@type":"EntryPoint","urlTemplate":"https:\/\/marcelviau.net\/?s={search_term_string}"},"query-input":{"@type":"PropertyValueSpecification","valueRequired":true,"valueName":"search_term_string"}}],"inLanguage":"fr-FR"},{"@type":["Person","Organization"],"@id":"https:\/\/marcelviau.net\/#\/schema\/person\/1606b12bb3273c47bb44adc6fbb4de84","name":"Marcel Viau","image":{"@type":"ImageObject","inLanguage":"fr-FR","@id":"https:\/\/marcelviau.net\/wp-content\/uploads\/2025\/07\/Viau-2025-scaled.jpg","url":"https:\/\/marcelviau.net\/wp-content\/uploads\/2025\/07\/Viau-2025-scaled.jpg","contentUrl":"https:\/\/marcelviau.net\/wp-content\/uploads\/2025\/07\/Viau-2025-scaled.jpg","width":1920,"height":2560,"caption":"Marcel Viau"},"logo":{"@id":"https:\/\/marcelviau.net\/wp-content\/uploads\/2025\/07\/Viau-2025-scaled.jpg"},"sameAs":["https:\/\/marcelviau.net"]}]}},"jetpack-related-posts":[{"id":2566,"url":"https:\/\/marcelviau.net\/?page_id=2566","url_meta":{"origin":2576,"position":0},"title":"La femme&#8230; froid (2)","author":"Marcel Viau","date":"12 juillet 2025","format":false,"excerpt":"La femme qui aimait le froid - Marcel Viau La femme qui aimait le froid (2018) Perdue dans la toundra bor\u00e9ale, une femme est adoss\u00e9e \u00e0 un inukshuk, la t\u00eate pench\u00e9e en avant enfouie dans son capuchon de peau de phoque. Il fait tr\u00e8s froid. Elle est arriv\u00e9e l\u00e0 o\u00f9\u2026","rel":"","context":"Article similaire","block_context":{"text":"Article similaire","link":""},"img":{"alt_text":"","src":"https:\/\/i0.wp.com\/marcelviau.net\/wp-content\/uploads\/2020\/10\/Femme-froid-nouveau.jpg?resize=350%2C200&ssl=1","width":350,"height":200},"classes":[]},{"id":2572,"url":"https:\/\/marcelviau.net\/?page_id=2572","url_meta":{"origin":2576,"position":1},"title":"Br\u00e9beuf (2)","author":"Marcel Viau","date":"14 juillet 2025","format":false,"excerpt":"Br\u00e9beuf. Th\u00e9\u00e2tre op\u00e9ratique - Marcel Viau Br\u00e9beuf. Th\u00e9\u00e2tre op\u00e9ratique (2016) Il serait facile de r\u00e9duire le sujet de cette pi\u00e8ce de th\u00e9\u00e2tre \u00e0 un seul th\u00e8me : le martyre. Or, ce mot aujourd'hui si galvaud\u00e9 \u2014 et si effrayant \u2014 a pourtant une signification tout autre que celle dont on\u2026","rel":"","context":"Article similaire","block_context":{"text":"Article similaire","link":""},"img":{"alt_text":"","src":"https:\/\/i0.wp.com\/marcelviau.net\/wp-content\/uploads\/2020\/10\/Brebeuf-3.jpg?resize=350%2C200&ssl=1","width":350,"height":200},"classes":[]},{"id":2584,"url":"https:\/\/marcelviau.net\/?page_id=2584","url_meta":{"origin":2576,"position":2},"title":"Une orchid\u00e9e\u2026 (2)","author":"Marcel Viau","date":"14 juillet 2025","format":false,"excerpt":"Une orchid\u00e9e dans le jardin d'hiver - Marcel Viau Une orchid\u00e9e dans le jardin d'hiver (2019) \u00ab Il avait l'air de voler comme un grand oiseau \u00bb. L'univers autour de Peggy a commenc\u00e9 \u00e0 changer \u00e0 partir de cette phrase entendue lors d'une conversation entre sa m\u00e8re et sa tante.\u2026","rel":"","context":"Article similaire","block_context":{"text":"Article similaire","link":""},"img":{"alt_text":"","src":"https:\/\/i0.wp.com\/marcelviau.net\/wp-content\/uploads\/2020\/10\/Orchide%CC%81e-couv..jpeg?resize=350%2C200&ssl=1","width":350,"height":200,"srcset":"https:\/\/i0.wp.com\/marcelviau.net\/wp-content\/uploads\/2020\/10\/Orchide%CC%81e-couv..jpeg?resize=350%2C200&ssl=1 1x, https:\/\/i0.wp.com\/marcelviau.net\/wp-content\/uploads\/2020\/10\/Orchide%CC%81e-couv..jpeg?resize=525%2C300&ssl=1 1.5x"},"classes":[]},{"id":2580,"url":"https:\/\/marcelviau.net\/?page_id=2580","url_meta":{"origin":2576,"position":3},"title":"Les Suppliantes (2)","author":"Marcel Viau","date":"12 juillet 2025","format":false,"excerpt":"Les Suppliantes - Marcel Viau Les Suppliantes. Un roman-feuilleton (2017) Maya, une Syrienne r\u00e9fugi\u00e9e depuis un an au Canada, arrive t\u00f4t le matin dans un poste de police de quartier de Montr\u00e9al. Elle est re\u00e7ue par la sergent d\u00e9tective Anne-Marie Boisvert qui termine son quart de nuit. Les circonstances entourant\u2026","rel":"","context":"Article similaire","block_context":{"text":"Article similaire","link":""},"img":{"alt_text":"","src":"https:\/\/i0.wp.com\/marcelviau.net\/wp-content\/uploads\/2020\/10\/product_thumbnail.php_.jpg?resize=350%2C200&ssl=1","width":350,"height":200,"srcset":"https:\/\/i0.wp.com\/marcelviau.net\/wp-content\/uploads\/2020\/10\/product_thumbnail.php_.jpg?resize=350%2C200&ssl=1 1x, https:\/\/i0.wp.com\/marcelviau.net\/wp-content\/uploads\/2020\/10\/product_thumbnail.php_.jpg?resize=525%2C300&ssl=1 1.5x"},"classes":[]},{"id":2587,"url":"https:\/\/marcelviau.net\/?page_id=2587","url_meta":{"origin":2576,"position":4},"title":"Le legs d&rsquo;Andr\u00e9a (2)","author":"Marcel Viau","date":"12 juillet 2025","format":false,"excerpt":"Le legs d'Andr\u00e9a - Marcel Viau Le legs d'Andr\u00e9a (2019) Zo\u00e9, une jeune fille bless\u00e9e par la vie, est condamn\u00e9e par le tribunal \u00e0 trois mois de travaux communautaires dans une r\u00e9sidence pour personnes \u00e2g\u00e9es. Elle y rencontre Andr\u00e9a, une vieille alcoolique aigrie qui se meurt d'une cirrhose. \u00ab Puisqu'il\u2026","rel":"","context":"Article similaire","block_context":{"text":"Article similaire","link":""},"img":{"alt_text":"","src":"https:\/\/i0.wp.com\/marcelviau.net\/wp-content\/uploads\/2020\/10\/Legs-couverture.jpg?resize=350%2C200&ssl=1","width":350,"height":200,"srcset":"https:\/\/i0.wp.com\/marcelviau.net\/wp-content\/uploads\/2020\/10\/Legs-couverture.jpg?resize=350%2C200&ssl=1 1x, https:\/\/i0.wp.com\/marcelviau.net\/wp-content\/uploads\/2020\/10\/Legs-couverture.jpg?resize=525%2C300&ssl=1 1.5x"},"classes":[]},{"id":3371,"url":"https:\/\/marcelviau.net\/?page_id=3371","url_meta":{"origin":2576,"position":5},"title":"Dame-Promo 2026","author":"Marcel Viau","date":"16 janvier 2026","format":false,"excerpt":"La belle dame de C\u00f4te-Vertu Un polar historique captivant \ud83d\udccd Montr\u00e9al, septembre 1866 Un jeune fermier pr\u00e9tend avoir vu \u00ab la belle dame \u00bb pr\u00e8s d'une source myst\u00e9rieuse. Le lendemain, on d\u00e9couvre le corps d'une femme dans une clairi\u00e8re. \u00c9l\u00e9gamment v\u00eatue. Des souliers vernis aux pieds. Le visage paisible, les\u2026","rel":"","context":"Article similaire","block_context":{"text":"Article similaire","link":""},"img":{"alt_text":"","src":"","width":0,"height":0},"classes":[]}],"jetpack_sharing_enabled":true,"_links":{"self":[{"href":"https:\/\/marcelviau.net\/index.php?rest_route=\/wp\/v2\/pages\/2576","targetHints":{"allow":["GET"]}}],"collection":[{"href":"https:\/\/marcelviau.net\/index.php?rest_route=\/wp\/v2\/pages"}],"about":[{"href":"https:\/\/marcelviau.net\/index.php?rest_route=\/wp\/v2\/types\/page"}],"author":[{"embeddable":true,"href":"https:\/\/marcelviau.net\/index.php?rest_route=\/wp\/v2\/users\/1"}],"replies":[{"embeddable":true,"href":"https:\/\/marcelviau.net\/index.php?rest_route=%2Fwp%2Fv2%2Fcomments&post=2576"}],"version-history":[{"count":9,"href":"https:\/\/marcelviau.net\/index.php?rest_route=\/wp\/v2\/pages\/2576\/revisions"}],"predecessor-version":[{"id":2906,"href":"https:\/\/marcelviau.net\/index.php?rest_route=\/wp\/v2\/pages\/2576\/revisions\/2906"}],"wp:attachment":[{"href":"https:\/\/marcelviau.net\/index.php?rest_route=%2Fwp%2Fv2%2Fmedia&parent=2576"}],"curies":[{"name":"wp","href":"https:\/\/api.w.org\/{rel}","templated":true}]}}