{"id":2790,"date":"2025-07-13T09:07:23","date_gmt":"2025-07-13T13:07:23","guid":{"rendered":"https:\/\/marcelviau.net\/?page_id=2790"},"modified":"2026-01-14T07:14:53","modified_gmt":"2026-01-14T12:14:53","slug":"les-enquetes-de-silas-2-2","status":"publish","type":"page","link":"https:\/\/marcelviau.net\/?page_id=2790","title":{"rendered":"Les enqu\u00eates de Silas (2)"},"content":{"rendered":"\n<h1 class=\"wp-block-heading has-text-align-center\"><strong><mark style=\"background-color:rgba(0, 0, 0, 0)\" class=\"has-inline-color has-accent-color\">Les Enqu\u00eates de Silas Robinson<\/mark><\/strong><\/h1>\n\n\n\n<h3 class=\"wp-block-heading has-text-align-center\"><strong><mark style=\"background-color:rgba(0, 0, 0, 0)\" class=\"has-inline-color has-accent-color\">Collection compl\u00e8te de ses myst\u00e8res et aventures<\/mark><\/strong><\/h3>\n\n\n<div style=\"text-align: center;\"><br \/><a href=\"https:\/\/www.babelio.com\/livres\/Viau-Assassinat-dans-la-rue-Sparks\/1889383#!\"><br \/><br \/><\/a><\/div>\n<hr class=\"wp-block-separator has-alpha-channel-opacity\" \/><!-- \/wp:post-content -->\n<p><!-- wp:paragraph {\"fontSize\":\"large\"} --><\/p>\n<p class=\"has-large-font-size\"><mark class=\"has-inline-color has-contrast-2-color\" style=\"background-color: rgba(0, 0, 0, 0);\"><strong> <em>Les crimes du manoir Debartzch<\/em><\/strong> <em>(2020<\/em>)<\/mark><\/p>\n<p><!-- \/wp:paragraph --><\/p>\n<p><!-- wp:quote --><\/p>\n<blockquote class=\"wp-block-quote\">\n<p><!-- wp:paragraph --><\/p>\n<p>Dans ce premier volume, Silas Robinson intervient comme d\u00e9tective priv\u00e9 dans le village de Saint-Charles-sur-le-Richelieu, \u00e0 la demande du chef de police de Montr\u00e9al. Une affaire \u00e9trange qui met en lumi\u00e8re les tensions sociales et politiques de la r\u00e9gion.<\/p>\n<p><!-- \/wp:paragraph --><\/p>\n<\/blockquote>\n<p><!-- \/wp:quote --><\/p>\n<p class=\"has-medium-font-size\"><strong><mark class=\"has-inline-color has-accent-color\" style=\"background-color: rgba(0, 0, 0, 0);\"><a href=\"https:\/\/marcelviau.net\/?page_id=1249\">Achetez maintenant<\/a><\/mark><\/strong><\/p>\n<p><!-- \/wp:separator --><\/p>\n<p><!-- wp:separator --><\/p>\n<hr class=\"wp-block-separator has-alpha-channel-opacity\" \/><!-- \/wp:separator -->\n<p><!-- wp:paragraph {\"fontSize\":\"large\"} --><\/p>\n<p class=\"has-large-font-size\"><em><mark class=\"has-inline-color has-contrast-2-color\" style=\"background-color: rgba(0, 0, 0, 0);\"><strong> Le Carcajou du Mont-Royal<\/strong> (2021)<\/mark><\/em><\/p>\n<p><!-- \/wp:paragraph --><\/p>\n<p><!-- wp:quote --><\/p>\n<blockquote class=\"wp-block-quote\">\n<p><!-- wp:paragraph --><\/p>\n<p>En 1853, peu apr\u00e8s la cr\u00e9ation de son \u00e9quipe de d\u00e9tectives \u00e0 Montr\u00e9al, Robinson doit r\u00e9soudre le myst\u00e8re d&rsquo;un homme \u00e9mascul\u00e9 retrouv\u00e9 mort dans la for\u00eat du Mont-Royal. L&rsquo;affaire provoque un v\u00e9ritable remous dans la presse locale.<\/p>\n<p><!-- \/wp:paragraph --><\/p>\n<\/blockquote>\n<p><!-- \/wp:quote --><\/p>\n<p><!-- wp:paragraph {\"fontSize\":\"medium\"} --><\/p>\n<p class=\"has-medium-font-size\"><strong><mark class=\"has-inline-color has-accent-color\" style=\"background-color: rgba(0, 0, 0, 0);\"><a href=\"https:\/\/marcelviau.net\/?page_id=1258\" data-type=\"link\" data-id=\"https:\/\/marcelviau.net\/?page_id=1258\">Achetez maintenant<\/a><\/mark><\/strong><\/p>\n<p><!-- \/wp:paragraph --><\/p>\n<p><!-- wp:separator --><\/p>\n<hr class=\"wp-block-separator has-alpha-channel-opacity\" \/><!-- \/wp:separator -->\n<p><!-- wp:paragraph {\"fontSize\":\"large\"} --><\/p>\n<p class=\"has-large-font-size\"><em><strong> Au temps de la peste bleue<\/strong> (2022)<\/em><\/p>\n<p><!-- \/wp:paragraph --><\/p>\n<p><!-- wp:quote --><\/p>\n<blockquote class=\"wp-block-quote\">\n<p><!-- wp:paragraph --><\/p>\n<p>L&rsquo;ann\u00e9e suivante, en 1854, un squelette est retrouv\u00e9 pr\u00e8s du cimeti\u00e8re Notre-Dame. Cette \u00e9nigme macabre plonge Robinson dans les bas-fonds de la ville, o\u00f9 rumeurs et peurs collectives s&rsquo;entrelacent.<\/p>\n<p><!-- \/wp:paragraph --><\/p>\n<\/blockquote>\n<p><!-- \/wp:quote --><\/p>\n<p><!-- wp:paragraph {\"fontSize\":\"medium\"} --><\/p>\n<p class=\"has-medium-font-size\"><strong><mark class=\"has-inline-color has-accent-color\" style=\"background-color: rgba(0, 0, 0, 0);\"><a href=\"https:\/\/marcelviau.net\/?page_id=1263\" data-type=\"link\" data-id=\"https:\/\/marcelviau.net\/?page_id=1263\">Achetez maintenant<\/a><\/mark><\/strong><\/p>\n<p><!-- \/wp:paragraph --><\/p>\n<p><!-- wp:separator --><\/p>\n<hr class=\"wp-block-separator has-alpha-channel-opacity\" \/><!-- \/wp:separator -->\n<p><!-- wp:paragraph {\"fontSize\":\"large\"} --><\/p>\n<p class=\"has-large-font-size\"><strong><em>Un pont sur le Saint-Laurent<\/em><\/strong> (2023)<\/p>\n<p><!-- \/wp:paragraph --><\/p>\n<p><!-- wp:quote --><\/p>\n<blockquote class=\"wp-block-quote\">\n<p><!-- wp:paragraph --><\/p>\n<p>En 1860, \u00e0 la veille de l&rsquo;inauguration du pont Victoria, un cadavre de femme sans t\u00eate est retrouv\u00e9 pr\u00e8s d&rsquo;un des piliers du chantier. Cette affaire complexe donne lieu \u00e0 toutes sortes de sp\u00e9culations, que l&rsquo;enqu\u00eate de Robinson vient d\u00e9m\u00ealer.<\/p>\n<p><!-- \/wp:paragraph --><\/p>\n<\/blockquote>\n<p><!-- \/wp:quote --><\/p>\n<p><!-- wp:paragraph {\"fontSize\":\"medium\"} --><\/p>\n<p class=\"has-medium-font-size\"><strong><mark class=\"has-inline-color has-accent-color\" style=\"background-color: rgba(0, 0, 0, 0);\"><a href=\"https:\/\/marcelviau.net\/?page_id=1269\" data-type=\"link\" data-id=\"https:\/\/marcelviau.net\/?page_id=1269\">Achetez maintenant<\/a><\/mark><\/strong><\/p>\n<p><!-- \/wp:paragraph --><\/p>\n<p><!-- wp:separator --><\/p>\n<hr class=\"wp-block-separator has-alpha-channel-opacity\" \/><!-- \/wp:separator -->\n<p><!-- wp:paragraph {\"fontSize\":\"large\"} --><\/p>\n<p class=\"has-large-font-size\"><mark class=\"has-inline-color has-contrast-2-color\" style=\"background-color: rgba(0, 0, 0, 0);\"><em><strong> Meurtre \u00e0 la Caserne des J\u00e9suites<\/strong> <\/em>(2023)<\/mark><\/p>\n<p><!-- \/wp:paragraph --><\/p>\n<p><!-- wp:quote --><\/p>\n<blockquote class=\"wp-block-quote\">\n<p><!-- wp:paragraph --><\/p>\n<p>En 1861, Robinson est invit\u00e9 \u00e0 Qu\u00e9bec pour enqu\u00eater sur l&rsquo;assassinat d&rsquo;un militaire, dans un contexte politique tendu. C&rsquo;est le Gouverneur g\u00e9n\u00e9ral lui-m\u00eame qui fait appel \u00e0 lui, preuve de sa notori\u00e9t\u00e9 grandissante.<\/p>\n<p><!-- \/wp:paragraph --><\/p>\n<\/blockquote>\n<p><!-- \/wp:quote --><\/p>\n<p><!-- wp:paragraph {\"fontSize\":\"medium\"} --><\/p>\n<p class=\"has-medium-font-size\"><strong><mark class=\"has-inline-color has-accent-color\" style=\"background-color: rgba(0, 0, 0, 0);\"><a href=\"https:\/\/marcelviau.net\/?page_id=1429\" data-type=\"link\" data-id=\"https:\/\/marcelviau.net\/?page_id=1429\">Achetez maintenant<\/a><\/mark><\/strong><\/p>\n<p><!-- \/wp:paragraph --><\/p>\n<p><!-- wp:separator --><\/p>\n<hr class=\"wp-block-separator has-alpha-channel-opacity\" \/><!-- \/wp:separator -->\n<p><!-- wp:paragraph {\"fontSize\":\"large\"} --><\/p>\n<p class=\"has-large-font-size\"><mark class=\"has-inline-color has-contrast-2-color\" style=\"background-color: rgba(0, 0, 0, 0);\"><strong><em> La morte du Faubourg Saint-Louis<\/em><\/strong> (2024)<\/mark><\/p>\n<p><!-- \/wp:paragraph --><\/p>\n<p><!-- wp:quote --><\/p>\n<blockquote class=\"wp-block-quote\">\n<p><!-- wp:paragraph --><\/p>\n<p>L&rsquo;ann\u00e9e suivante, en 1862, Robinson retourne \u00e0 Qu\u00e9bec pour venir en aide \u00e0 un ancien collaborateur. L&rsquo;affaire le m\u00e8ne dans les ruelles et les secrets du faubourg Saint-Louis.<\/p>\n<p><!-- \/wp:paragraph --><\/p>\n<\/blockquote>\n<p><!-- \/wp:quote --><\/p>\n<p><!-- wp:paragraph {\"fontSize\":\"medium\"} --><\/p>\n<p class=\"has-medium-font-size\"><strong><a href=\"https:\/\/marcelviau.net\/?page_id=1768\" data-type=\"link\" data-id=\"https:\/\/marcelviau.net\/?page_id=1768\">Achetez maintenant<\/a><\/strong><\/p>\n<p><!-- \/wp:paragraph --><\/p>\n<p><!-- wp:separator --><\/p>\n<hr class=\"wp-block-separator has-alpha-channel-opacity\" \/><!-- \/wp:separator -->\n<p><!-- wp:paragraph {\"fontSize\":\"large\"} --><\/p>\n<p class=\"has-large-font-size\"><mark class=\"has-inline-color has-contrast-2-color\" style=\"background-color: rgba(0, 0, 0, 0);\"><strong><em>Turbulence dans Griffintown<\/em><\/strong> (2025)<\/mark><\/p>\n<p><!-- \/wp:paragraph --><\/p>\n<p><!-- wp:quote --><\/p>\n<blockquote class=\"wp-block-quote\">\n<p><!-- wp:paragraph --><\/p>\n<p>\u00c0 Montr\u00e9al en 1865, Robinson et sa nouvelle adjointe, Miss Dupuis, sont confront\u00e9s \u00e0 une situation explosive au sein de la communaut\u00e9 irlandaise de Griffintown. Loyaut\u00e9s bris\u00e9es, violences souterraines et v\u00e9rit\u00e9s d\u00e9rangeantes s&rsquo;entrecroisent.<\/p>\n<p><!-- \/wp:paragraph --><\/p>\n<\/blockquote>\n<p><!-- \/wp:quote --><\/p>\n<p><!-- wp:paragraph {\"fontSize\":\"medium\"} --><\/p>\n<p class=\"has-medium-font-size\"><strong><mark class=\"has-inline-color has-accent-color\" style=\"background-color: rgba(0, 0, 0, 0);\"><a href=\"https:\/\/marcelviau.net\/?page_id=2457\" data-type=\"link\" data-id=\"https:\/\/marcelviau.net\/?page_id=2457\">Achetez maintenant<\/a><\/mark><\/strong><\/p>\n<p><!-- \/wp:paragraph --><\/p>\n<p><!-- wp:separator --><\/p>\n<hr class=\"wp-block-separator has-alpha-channel-opacity\" \/><!-- \/wp:separator -->\n<p><!-- wp:paragraph {\"fontSize\":\"large\"} --><\/p>\n<p class=\"has-large-font-size\"><mark class=\"has-inline-color has-contrast-2-color\" style=\"background-color: rgba(0, 0, 0, 0);\"><em><strong> Assassinat dans la rue Sparks<\/strong> <\/em>(2025)<\/mark><\/p>\n<p><!-- \/wp:paragraph --><\/p>\n<p><!-- wp:quote --><\/p>\n<blockquote class=\"wp-block-quote\">\n<p><!-- wp:paragraph --><\/p>\n<p>\u00c0 Ottawa en 1868, Silas Robinson et Miss Dupuis enqu\u00eatent sur un meurtre camoufl\u00e9 en accident. Leur enqu\u00eate les m\u00e8ne \u00e0 \u00e9clairer sous un nouveau jour l&rsquo;assassinat du d\u00e9put\u00e9 Thomas D&rsquo;Arcy McGee, survenu quelques semaines plus t\u00f4t.<\/p>\n<p><!-- \/wp:paragraph --><\/p>\n<\/blockquote>\n<p><!-- \/wp:quote --><\/p>\n<p><!-- wp:paragraph {\"fontSize\":\"medium\"} --><\/p>\n<p class=\"has-medium-font-size\"><strong><mark class=\"has-inline-color has-accent-color\" style=\"background-color: rgba(0, 0, 0, 0);\"><a href=\"https:\/\/marcelviau.net\/?page_id=3303\" data-type=\"link\" data-id=\"https:\/\/marcelviau.net\/?page_id=3303\">Achetez maintenant<\/a><\/mark><\/strong><\/p>\n<p><!-- \/wp:paragraph --><\/p>\n<p><!-- wp:separator --><\/p>\n<hr class=\"wp-block-separator has-alpha-channel-opacity\" \/><!-- \/wp:separator -->\n<p><!-- wp:paragraph {\"fontSize\":\"large\"} --><\/p>\n<p class=\"has-large-font-size\"><mark class=\"has-inline-color has-contrast-2-color\" style=\"background-color: rgba(0, 0, 0, 0);\"><em><strong> La belle dame de C\u00f4te-Vertu<\/strong> <\/em>(2026)<\/mark><\/p>\n<p><!-- \/wp:paragraph --><\/p>\n<p><!-- wp:quote --><\/p>\n<blockquote class=\"wp-block-quote\">\n<p><!-- wp:paragraph --><\/p>\n<p>Montr\u00e9al, septembre 1866. Un jeune fermier de quinze ans pr\u00e9tend avoir vu \u00ab la belle dame \u00bb pr\u00e8s d&rsquo;une source, dans la for\u00eat de C\u00f4te-Vertu. Dans la tradition catholique, cette expression d\u00e9signe la Vierge Marie. Mais cette apparition n&rsquo;a rien de c\u00e9leste. Le lendemain, on d\u00e9couvre le corps d&rsquo;une femme dans une clairi\u00e8re. \u00c9l\u00e9gamment v\u00eatue. Des souliers vernis aux pieds. Le visage paisible, les cheveux dor\u00e9s. Qui \u00e9tait cette myst\u00e9rieuse inconnue? Et pourquoi fallait-il qu&rsquo;elle disparaisse?<\/p>\n<p><!-- \/wp:paragraph --><\/p>\n<\/blockquote>\n<p><!-- \/wp:quote --><\/p>\n<p><!-- wp:paragraph {\"fontSize\":\"medium\"} --><\/p>\n<p class=\"has-medium-font-size\"><strong><mark class=\"has-inline-color has-accent-color\" style=\"background-color: rgba(0, 0, 0, 0);\"><a href=\"https:\/\/marcelviau.net\/?page_id=3343\" data-type=\"link\" data-id=\"https:\/\/marcelviau.net\/?page_id=3343\">Achetez maintenant<\/a><\/mark><\/strong><\/p>\n<p><!-- \/wp:paragraph --><\/p>","protected":false},"excerpt":{"rendered":"<p>Les Enqu\u00eates de Silas Robinson Collection compl\u00e8te de ses myst\u00e8res et aventures Les crimes du manoir Debartzch (2020) Dans ce premier volume, Silas Robinson intervient comme d\u00e9tective priv\u00e9 dans le village de Saint-Charles-sur-le-Richelieu, \u00e0 la demande du chef de police de Montr\u00e9al. Une affaire \u00e9trange qui met en lumi\u00e8re les tensions sociales et politiques de &#8230; <a title=\"Les enqu\u00eates de Silas (2)\" class=\"read-more\" href=\"https:\/\/marcelviau.net\/?page_id=2790\" aria-label=\"En savoir plus sur Les enqu\u00eates de Silas (2)\">Lire la suite<\/a><\/p>\n","protected":false},"author":1,"featured_media":0,"parent":0,"menu_order":0,"comment_status":"closed","ping_status":"closed","template":"","meta":{"footnotes":""},"class_list":["post-2790","page","type-page","status-publish"],"yoast_head":"<!-- This site is optimized with the Yoast SEO plugin v27.4 - https:\/\/yoast.com\/product\/yoast-seo-wordpress\/ -->\n<title>Les enqu\u00eates de Silas (2) - Les Enqu\u00eates de Silas Robinson<\/title>\n<meta name=\"robots\" content=\"index, follow, max-snippet:-1, max-image-preview:large, max-video-preview:-1\" \/>\n<link rel=\"canonical\" href=\"https:\/\/marcelviau.net\/?page_id=2790\" \/>\n<meta property=\"og:locale\" content=\"fr_FR\" \/>\n<meta property=\"og:type\" content=\"article\" \/>\n<meta property=\"og:title\" content=\"Les enqu\u00eates de Silas (2) - Les Enqu\u00eates de Silas Robinson\" \/>\n<meta property=\"og:description\" content=\"Les Enqu\u00eates de Silas Robinson Collection compl\u00e8te de ses myst\u00e8res et aventures Les crimes du manoir Debartzch (2020) Dans ce premier volume, Silas Robinson intervient comme d\u00e9tective priv\u00e9 dans le village de Saint-Charles-sur-le-Richelieu, \u00e0 la demande du chef de police de Montr\u00e9al. Une affaire \u00e9trange qui met en lumi\u00e8re les tensions sociales et politiques de ... Lire la suite\" \/>\n<meta property=\"og:url\" content=\"https:\/\/marcelviau.net\/?page_id=2790\" \/>\n<meta property=\"og:site_name\" content=\"Les Enqu\u00eates de Silas Robinson\" \/>\n<meta property=\"article:modified_time\" content=\"2026-01-14T12:14:53+00:00\" \/>\n<meta name=\"twitter:card\" content=\"summary_large_image\" \/>\n<meta name=\"twitter:label1\" content=\"Dur\u00e9e de lecture estim\u00e9e\" \/>\n\t<meta name=\"twitter:data1\" content=\"1 minute\" \/>\n<script type=\"application\/ld+json\" class=\"yoast-schema-graph\">{\"@context\":\"https:\\\/\\\/schema.org\",\"@graph\":[{\"@type\":\"WebPage\",\"@id\":\"https:\\\/\\\/marcelviau.net\\\/?page_id=2790\",\"url\":\"https:\\\/\\\/marcelviau.net\\\/?page_id=2790\",\"name\":\"Les enqu\u00eates de Silas (2) - Les Enqu\u00eates de Silas Robinson\",\"isPartOf\":{\"@id\":\"https:\\\/\\\/marcelviau.net\\\/#website\"},\"datePublished\":\"2025-07-13T13:07:23+00:00\",\"dateModified\":\"2026-01-14T12:14:53+00:00\",\"breadcrumb\":{\"@id\":\"https:\\\/\\\/marcelviau.net\\\/?page_id=2790#breadcrumb\"},\"inLanguage\":\"fr-FR\",\"potentialAction\":[{\"@type\":\"ReadAction\",\"target\":[\"https:\\\/\\\/marcelviau.net\\\/?page_id=2790\"]}]},{\"@type\":\"BreadcrumbList\",\"@id\":\"https:\\\/\\\/marcelviau.net\\\/?page_id=2790#breadcrumb\",\"itemListElement\":[{\"@type\":\"ListItem\",\"position\":1,\"name\":\"Accueil\",\"item\":\"https:\\\/\\\/marcelviau.net\\\/\"},{\"@type\":\"ListItem\",\"position\":2,\"name\":\"Les enqu\u00eates de Silas (2)\"}]},{\"@type\":\"WebSite\",\"@id\":\"https:\\\/\\\/marcelviau.net\\\/#website\",\"url\":\"https:\\\/\\\/marcelviau.net\\\/\",\"name\":\"Les Enqu\u00eates de Silas Robinson\",\"description\":\"Romans policiers historiques par Marcel Viau\",\"publisher\":{\"@id\":\"https:\\\/\\\/marcelviau.net\\\/#\\\/schema\\\/person\\\/1606b12bb3273c47bb44adc6fbb4de84\"},\"potentialAction\":[{\"@type\":\"SearchAction\",\"target\":{\"@type\":\"EntryPoint\",\"urlTemplate\":\"https:\\\/\\\/marcelviau.net\\\/?s={search_term_string}\"},\"query-input\":{\"@type\":\"PropertyValueSpecification\",\"valueRequired\":true,\"valueName\":\"search_term_string\"}}],\"inLanguage\":\"fr-FR\"},{\"@type\":[\"Person\",\"Organization\"],\"@id\":\"https:\\\/\\\/marcelviau.net\\\/#\\\/schema\\\/person\\\/1606b12bb3273c47bb44adc6fbb4de84\",\"name\":\"Marcel Viau\",\"image\":{\"@type\":\"ImageObject\",\"inLanguage\":\"fr-FR\",\"@id\":\"https:\\\/\\\/marcelviau.net\\\/wp-content\\\/uploads\\\/2025\\\/07\\\/Viau-2025-scaled.jpg\",\"url\":\"https:\\\/\\\/marcelviau.net\\\/wp-content\\\/uploads\\\/2025\\\/07\\\/Viau-2025-scaled.jpg\",\"contentUrl\":\"https:\\\/\\\/marcelviau.net\\\/wp-content\\\/uploads\\\/2025\\\/07\\\/Viau-2025-scaled.jpg\",\"width\":1920,\"height\":2560,\"caption\":\"Marcel Viau\"},\"logo\":{\"@id\":\"https:\\\/\\\/marcelviau.net\\\/wp-content\\\/uploads\\\/2025\\\/07\\\/Viau-2025-scaled.jpg\"},\"sameAs\":[\"https:\\\/\\\/marcelviau.net\"]}]}<\/script>\n<!-- \/ Yoast SEO plugin. -->","yoast_head_json":{"title":"Les enqu\u00eates de Silas (2) - Les Enqu\u00eates de Silas Robinson","robots":{"index":"index","follow":"follow","max-snippet":"max-snippet:-1","max-image-preview":"max-image-preview:large","max-video-preview":"max-video-preview:-1"},"canonical":"https:\/\/marcelviau.net\/?page_id=2790","og_locale":"fr_FR","og_type":"article","og_title":"Les enqu\u00eates de Silas (2) - Les Enqu\u00eates de Silas Robinson","og_description":"Les Enqu\u00eates de Silas Robinson Collection compl\u00e8te de ses myst\u00e8res et aventures Les crimes du manoir Debartzch (2020) Dans ce premier volume, Silas Robinson intervient comme d\u00e9tective priv\u00e9 dans le village de Saint-Charles-sur-le-Richelieu, \u00e0 la demande du chef de police de Montr\u00e9al. Une affaire \u00e9trange qui met en lumi\u00e8re les tensions sociales et politiques de ... Lire la suite","og_url":"https:\/\/marcelviau.net\/?page_id=2790","og_site_name":"Les Enqu\u00eates de Silas Robinson","article_modified_time":"2026-01-14T12:14:53+00:00","twitter_card":"summary_large_image","twitter_misc":{"Dur\u00e9e de lecture estim\u00e9e":"1 minute"},"schema":{"@context":"https:\/\/schema.org","@graph":[{"@type":"WebPage","@id":"https:\/\/marcelviau.net\/?page_id=2790","url":"https:\/\/marcelviau.net\/?page_id=2790","name":"Les enqu\u00eates de Silas (2) - Les Enqu\u00eates de Silas Robinson","isPartOf":{"@id":"https:\/\/marcelviau.net\/#website"},"datePublished":"2025-07-13T13:07:23+00:00","dateModified":"2026-01-14T12:14:53+00:00","breadcrumb":{"@id":"https:\/\/marcelviau.net\/?page_id=2790#breadcrumb"},"inLanguage":"fr-FR","potentialAction":[{"@type":"ReadAction","target":["https:\/\/marcelviau.net\/?page_id=2790"]}]},{"@type":"BreadcrumbList","@id":"https:\/\/marcelviau.net\/?page_id=2790#breadcrumb","itemListElement":[{"@type":"ListItem","position":1,"name":"Accueil","item":"https:\/\/marcelviau.net\/"},{"@type":"ListItem","position":2,"name":"Les enqu\u00eates de Silas (2)"}]},{"@type":"WebSite","@id":"https:\/\/marcelviau.net\/#website","url":"https:\/\/marcelviau.net\/","name":"Les Enqu\u00eates de Silas Robinson","description":"Romans policiers historiques par Marcel Viau","publisher":{"@id":"https:\/\/marcelviau.net\/#\/schema\/person\/1606b12bb3273c47bb44adc6fbb4de84"},"potentialAction":[{"@type":"SearchAction","target":{"@type":"EntryPoint","urlTemplate":"https:\/\/marcelviau.net\/?s={search_term_string}"},"query-input":{"@type":"PropertyValueSpecification","valueRequired":true,"valueName":"search_term_string"}}],"inLanguage":"fr-FR"},{"@type":["Person","Organization"],"@id":"https:\/\/marcelviau.net\/#\/schema\/person\/1606b12bb3273c47bb44adc6fbb4de84","name":"Marcel Viau","image":{"@type":"ImageObject","inLanguage":"fr-FR","@id":"https:\/\/marcelviau.net\/wp-content\/uploads\/2025\/07\/Viau-2025-scaled.jpg","url":"https:\/\/marcelviau.net\/wp-content\/uploads\/2025\/07\/Viau-2025-scaled.jpg","contentUrl":"https:\/\/marcelviau.net\/wp-content\/uploads\/2025\/07\/Viau-2025-scaled.jpg","width":1920,"height":2560,"caption":"Marcel Viau"},"logo":{"@id":"https:\/\/marcelviau.net\/wp-content\/uploads\/2025\/07\/Viau-2025-scaled.jpg"},"sameAs":["https:\/\/marcelviau.net"]}]}},"jetpack-related-posts":[{"id":2506,"url":"https:\/\/marcelviau.net\/?page_id=2506","url_meta":{"origin":2790,"position":0},"title":"Les enqu\u00eates de Silas (test)","author":"Marcel Viau","date":"12 juillet 2025","format":false,"excerpt":"Les Enqu\u00eates de Silas Robinson Collection compl\u00e8te des myst\u00e8res et aventures du d\u00e9tective priv\u00e9 Tome 1(2020) Les crimes du manoir Debartzch Dans ce premier volume, Silas Robinson intervient comme d\u00e9tective priv\u00e9 dans le village de Saint-Charles-sur-le-Richelieu, \u00e0 la demande du chef de police de Montr\u00e9al. Une affaire \u00e9trange qui met\u2026","rel":"","context":"Article similaire","block_context":{"text":"Article similaire","link":""},"img":{"alt_text":"","src":"","width":0,"height":0},"classes":[]},{"id":1249,"url":"https:\/\/marcelviau.net\/?page_id=1249","url_meta":{"origin":2790,"position":1},"title":"Les crimes&#8230;","author":"Marcel Viau","date":"13 juillet 2023","format":false,"excerpt":"Les crimes du manoir Debartzch (2020) Une enqu\u00eate de Silas Robinson \ud83c\udde8\ud83c\udde6 Achat facile pour le Canada \ud83d\udcda Livre papier ET num\u00e9rique - Bookelis T\u00e9l\u00e9chargement imm\u00e9diat pour le num\u00e9rique \u2022 Formats PDF et ePub \u2022 Exp\u00e9dition papier vers le Canada \u2713 Livre num\u00e9rique : livraison imm\u00e9diate \u2713 Livre papier :\u2026","rel":"","context":"Article similaire","block_context":{"text":"Article similaire","link":""},"img":{"alt_text":"","src":"https:\/\/i0.wp.com\/marcelviau.net\/wp-content\/uploads\/2023\/07\/cover.jpg?resize=350%2C200&ssl=1","width":350,"height":200,"srcset":"https:\/\/i0.wp.com\/marcelviau.net\/wp-content\/uploads\/2023\/07\/cover.jpg?resize=350%2C200&ssl=1 1x, https:\/\/i0.wp.com\/marcelviau.net\/wp-content\/uploads\/2023\/07\/cover.jpg?resize=525%2C300&ssl=1 1.5x, https:\/\/i0.wp.com\/marcelviau.net\/wp-content\/uploads\/2023\/07\/cover.jpg?resize=700%2C400&ssl=1 2x"},"classes":[]},{"id":2230,"url":"https:\/\/marcelviau.net\/?page_id=2230","url_meta":{"origin":2790,"position":2},"title":"T\u00e9l\u00e9charger roman gratuit","author":"Marcel Viau","date":"20 juin 2025","format":false,"excerpt":"T\u00e9l\u00e9charger gratuitement le pdf de \"Meurtre \u00e0 la caserne des J\u00e9suites\"! \ud83d\udcd6 Roman complet \u2022 \u23f1\ufe0f T\u00e9l\u00e9chargement imm\u00e9diat \u2022 \ud83c\udf81 Gratuit Pr\u00e9parez-vous \u00e0 plonger dans une enqu\u00eate captivante aux c\u00f4t\u00e9s de notre d\u00e9tective Silas Robinson. T\u00e9l\u00e9charger le roman PDF Vous avez aim\u00e9 ce roman ? Recevez les prochaines enqu\u00eates de\u2026","rel":"","context":"Article similaire","block_context":{"text":"Article similaire","link":""},"img":{"alt_text":"","src":"","width":0,"height":0},"classes":[]},{"id":2553,"url":"https:\/\/marcelviau.net\/?page_id=2553","url_meta":{"origin":2790,"position":3},"title":"Qui est Silas","author":"Marcel Viau","date":"9 juillet 2025","format":false,"excerpt":"Imaginez un homme de\u00a01m85, imposant sans \u00eatre intimidant, qui arpente les rues de Montr\u00e9al au milieu du XIXe si\u00e8cle avec son \u00e9ternel\u00a0chapeau melon\u00a0et sa moustache en guidon de v\u00e9lo soigneusement cir\u00e9e. Silas Robinson n'est pas un d\u00e9tective ordinaire. Premier chef du bureau des d\u00e9tectives de Montr\u00e9al, il applique des m\u00e9thodes\u2026","rel":"","context":"Article similaire","block_context":{"text":"Article similaire","link":""},"img":{"alt_text":"","src":"https:\/\/i0.wp.com\/marcelviau.net\/wp-content\/uploads\/2024\/03\/portrait_silas4-757x1024-2.jpg?resize=350%2C200&ssl=1","width":350,"height":200,"srcset":"https:\/\/i0.wp.com\/marcelviau.net\/wp-content\/uploads\/2024\/03\/portrait_silas4-757x1024-2.jpg?resize=350%2C200&ssl=1 1x, https:\/\/i0.wp.com\/marcelviau.net\/wp-content\/uploads\/2024\/03\/portrait_silas4-757x1024-2.jpg?resize=525%2C300&ssl=1 1.5x, https:\/\/i0.wp.com\/marcelviau.net\/wp-content\/uploads\/2024\/03\/portrait_silas4-757x1024-2.jpg?resize=700%2C400&ssl=1 2x"},"classes":[]},{"id":1019,"url":"https:\/\/marcelviau.net\/?page_id=1019","url_meta":{"origin":2790,"position":4},"title":"Pr\u00e9sentation","author":"Marcel Viau","date":"26 ao\u00fbt 2022","format":false,"excerpt":"Quand le Canada se construisait dans le sang et les secrets... Les enqu\u00eates de Silas Robinson Silas Robinson, d\u00e9tective au XIXe si\u00e8cle \u00e0 Montr\u00e9al Polars historiques captivants. Silas Robinson devient le premier chef des d\u00e9tectives \u00e0 Montr\u00e9al en 1851. Ancien de Scotland Yard, cet homme aust\u00e8re et m\u00e9thodique va d\u00e9m\u00ealer\u2026","rel":"","context":"Article similaire","block_context":{"text":"Article similaire","link":""},"img":{"alt_text":"","src":"","width":0,"height":0},"classes":[]},{"id":2200,"url":"https:\/\/marcelviau.net\/?page_id=2200","url_meta":{"origin":2790,"position":5},"title":"Dossier 2025: Enqu\u00eates de Silas Robinson","author":"Marcel Viau","date":"14 juin 2025","format":false,"excerpt":"DOSSIER DE PR\u00c9SENTATION Titre de la s\u00e9rie\u00a0: Les enqu\u00eates de Silas Robinson Auteur\u00a0: Marcel Viau\u00a0 Format\u00a0: Romans policiers historiques Nombre de volumes\u00a0: 8 romans complets (auto\u00e9dit\u00e9s) PR\u00c9SENTATION G\u00c9N\u00c9RALE Les enqu\u00eates de Silas Robinson forment une s\u00e9rie de romans policiers historiques situ\u00e9s au Canada dans la deuxi\u00e8me moiti\u00e9 du XIXe si\u00e8cle.\u2026","rel":"","context":"Article similaire","block_context":{"text":"Article similaire","link":""},"img":{"alt_text":"","src":"","width":0,"height":0},"classes":[]}],"jetpack_sharing_enabled":true,"_links":{"self":[{"href":"https:\/\/marcelviau.net\/index.php?rest_route=\/wp\/v2\/pages\/2790","targetHints":{"allow":["GET"]}}],"collection":[{"href":"https:\/\/marcelviau.net\/index.php?rest_route=\/wp\/v2\/pages"}],"about":[{"href":"https:\/\/marcelviau.net\/index.php?rest_route=\/wp\/v2\/types\/page"}],"author":[{"embeddable":true,"href":"https:\/\/marcelviau.net\/index.php?rest_route=\/wp\/v2\/users\/1"}],"replies":[{"embeddable":true,"href":"https:\/\/marcelviau.net\/index.php?rest_route=%2Fwp%2Fv2%2Fcomments&post=2790"}],"version-history":[{"count":53,"href":"https:\/\/marcelviau.net\/index.php?rest_route=\/wp\/v2\/pages\/2790\/revisions"}],"predecessor-version":[{"id":3370,"href":"https:\/\/marcelviau.net\/index.php?rest_route=\/wp\/v2\/pages\/2790\/revisions\/3370"}],"wp:attachment":[{"href":"https:\/\/marcelviau.net\/index.php?rest_route=%2Fwp%2Fv2%2Fmedia&parent=2790"}],"curies":[{"name":"wp","href":"https:\/\/api.w.org\/{rel}","templated":true}]}}