{"id":2875,"date":"2025-07-26T10:39:18","date_gmt":"2025-07-26T14:39:18","guid":{"rendered":"https:\/\/marcelviau.net\/?page_id=2875"},"modified":"2025-08-04T08:16:49","modified_gmt":"2025-08-04T12:16:49","slug":"abonnement-club-silas","status":"publish","type":"page","link":"https:\/\/marcelviau.net\/?page_id=2875","title":{"rendered":"Abonnement Club Silas"},"content":{"rendered":"\n<h1 class=\"wp-block-heading\">Abonnement Club Silas<\/h1>\n\n\n\n<script>(function() {\n\twindow.mc4wp = window.mc4wp || {\n\t\tlisteners: [],\n\t\tforms: {\n\t\t\ton: function(evt, cb) {\n\t\t\t\twindow.mc4wp.listeners.push(\n\t\t\t\t\t{\n\t\t\t\t\t\tevent   : evt,\n\t\t\t\t\t\tcallback: cb\n\t\t\t\t\t}\n\t\t\t\t);\n\t\t\t}\n\t\t}\n\t}\n})();\n<\/script><!-- Mailchimp for WordPress v4.12.2 - https:\/\/wordpress.org\/plugins\/mailchimp-for-wp\/ --><form id=\"mc4wp-form-1\" class=\"mc4wp-form mc4wp-form-2311\" method=\"post\" data-id=\"2311\" data-name=\"Formulaire Roman Gratuit\" ><div class=\"mc4wp-form-fields\"><p>\r\n    <label>Pr\u00e9nom<\/label>\r\n    <input type=\"text\" name=\"FNAME\">\r\n<\/p>\r\n<p>\r\n    <label>Nom<\/label>\r\n    <input type=\"text\" name=\"LNAME\">\r\n<\/p>\r\n<p>\r\n\t<label for=\"email\">Adresse e-mail: \r\n\t\t<input type=\"email\" id=\"email\" name=\"EMAIL\" placeholder=\"Votre adresse e-mail\" required>\r\n\t<\/label>\r\n<\/p>\r\n\r\n<p>\r\n\t<input type=\"submit\" value=\"Abonnez-vous\">\r\n<\/p><\/div><label style=\"display: none !important;\">Laissez ce champ vide si vous \u00eates humain\u00a0: <input type=\"text\" name=\"_mc4wp_honeypot\" value=\"\" tabindex=\"-1\" autocomplete=\"off\" \/><\/label><input type=\"hidden\" name=\"_mc4wp_timestamp\" value=\"1777267573\" \/><input type=\"hidden\" name=\"_mc4wp_form_id\" value=\"2311\" \/><input type=\"hidden\" name=\"_mc4wp_form_element_id\" value=\"mc4wp-form-1\" \/><div class=\"mc4wp-response\"><\/div><\/form><!-- \/ Mailchimp for WordPress Plugin -->\n","protected":false},"excerpt":{"rendered":"<p>Abonnement Club Silas<\/p>\n","protected":false},"author":1,"featured_media":0,"parent":0,"menu_order":0,"comment_status":"closed","ping_status":"closed","template":"","meta":{"footnotes":""},"class_list":["post-2875","page","type-page","status-publish"],"yoast_head":"<!-- This site is optimized with the Yoast SEO plugin v27.4 - https:\/\/yoast.com\/product\/yoast-seo-wordpress\/ -->\n<title>Abonnement Club Silas - Les Enqu\u00eates de Silas Robinson<\/title>\n<meta name=\"robots\" content=\"index, follow, max-snippet:-1, max-image-preview:large, max-video-preview:-1\" \/>\n<link rel=\"canonical\" href=\"https:\/\/marcelviau.net\/?page_id=2875\" \/>\n<meta property=\"og:locale\" content=\"fr_FR\" \/>\n<meta property=\"og:type\" content=\"article\" \/>\n<meta property=\"og:title\" content=\"Abonnement Club Silas - Les Enqu\u00eates de Silas Robinson\" \/>\n<meta property=\"og:description\" content=\"Abonnement Club Silas\" \/>\n<meta property=\"og:url\" content=\"https:\/\/marcelviau.net\/?page_id=2875\" \/>\n<meta property=\"og:site_name\" content=\"Les Enqu\u00eates de Silas Robinson\" \/>\n<meta property=\"article:modified_time\" content=\"2025-08-04T12:16:49+00:00\" \/>\n<meta name=\"twitter:card\" content=\"summary_large_image\" \/>\n<meta name=\"twitter:label1\" content=\"Dur\u00e9e de lecture estim\u00e9e\" \/>\n\t<meta name=\"twitter:data1\" content=\"1 minute\" \/>\n<script type=\"application\/ld+json\" class=\"yoast-schema-graph\">{\"@context\":\"https:\\\/\\\/schema.org\",\"@graph\":[{\"@type\":\"WebPage\",\"@id\":\"https:\\\/\\\/marcelviau.net\\\/?page_id=2875\",\"url\":\"https:\\\/\\\/marcelviau.net\\\/?page_id=2875\",\"name\":\"Abonnement Club Silas - Les Enqu\u00eates de Silas Robinson\",\"isPartOf\":{\"@id\":\"https:\\\/\\\/marcelviau.net\\\/#website\"},\"datePublished\":\"2025-07-26T14:39:18+00:00\",\"dateModified\":\"2025-08-04T12:16:49+00:00\",\"breadcrumb\":{\"@id\":\"https:\\\/\\\/marcelviau.net\\\/?page_id=2875#breadcrumb\"},\"inLanguage\":\"fr-FR\",\"potentialAction\":[{\"@type\":\"ReadAction\",\"target\":[\"https:\\\/\\\/marcelviau.net\\\/?page_id=2875\"]}]},{\"@type\":\"BreadcrumbList\",\"@id\":\"https:\\\/\\\/marcelviau.net\\\/?page_id=2875#breadcrumb\",\"itemListElement\":[{\"@type\":\"ListItem\",\"position\":1,\"name\":\"Accueil\",\"item\":\"https:\\\/\\\/marcelviau.net\\\/\"},{\"@type\":\"ListItem\",\"position\":2,\"name\":\"Abonnement Club Silas\"}]},{\"@type\":\"WebSite\",\"@id\":\"https:\\\/\\\/marcelviau.net\\\/#website\",\"url\":\"https:\\\/\\\/marcelviau.net\\\/\",\"name\":\"Les Enqu\u00eates de Silas Robinson\",\"description\":\"Romans policiers historiques par Marcel Viau\",\"publisher\":{\"@id\":\"https:\\\/\\\/marcelviau.net\\\/#\\\/schema\\\/person\\\/1606b12bb3273c47bb44adc6fbb4de84\"},\"potentialAction\":[{\"@type\":\"SearchAction\",\"target\":{\"@type\":\"EntryPoint\",\"urlTemplate\":\"https:\\\/\\\/marcelviau.net\\\/?s={search_term_string}\"},\"query-input\":{\"@type\":\"PropertyValueSpecification\",\"valueRequired\":true,\"valueName\":\"search_term_string\"}}],\"inLanguage\":\"fr-FR\"},{\"@type\":[\"Person\",\"Organization\"],\"@id\":\"https:\\\/\\\/marcelviau.net\\\/#\\\/schema\\\/person\\\/1606b12bb3273c47bb44adc6fbb4de84\",\"name\":\"Marcel Viau\",\"image\":{\"@type\":\"ImageObject\",\"inLanguage\":\"fr-FR\",\"@id\":\"https:\\\/\\\/marcelviau.net\\\/wp-content\\\/uploads\\\/2025\\\/07\\\/Viau-2025-scaled.jpg\",\"url\":\"https:\\\/\\\/marcelviau.net\\\/wp-content\\\/uploads\\\/2025\\\/07\\\/Viau-2025-scaled.jpg\",\"contentUrl\":\"https:\\\/\\\/marcelviau.net\\\/wp-content\\\/uploads\\\/2025\\\/07\\\/Viau-2025-scaled.jpg\",\"width\":1920,\"height\":2560,\"caption\":\"Marcel Viau\"},\"logo\":{\"@id\":\"https:\\\/\\\/marcelviau.net\\\/wp-content\\\/uploads\\\/2025\\\/07\\\/Viau-2025-scaled.jpg\"},\"sameAs\":[\"https:\\\/\\\/marcelviau.net\"]}]}<\/script>\n<!-- \/ Yoast SEO plugin. -->","yoast_head_json":{"title":"Abonnement Club Silas - Les Enqu\u00eates de Silas Robinson","robots":{"index":"index","follow":"follow","max-snippet":"max-snippet:-1","max-image-preview":"max-image-preview:large","max-video-preview":"max-video-preview:-1"},"canonical":"https:\/\/marcelviau.net\/?page_id=2875","og_locale":"fr_FR","og_type":"article","og_title":"Abonnement Club Silas - Les Enqu\u00eates de Silas Robinson","og_description":"Abonnement Club Silas","og_url":"https:\/\/marcelviau.net\/?page_id=2875","og_site_name":"Les Enqu\u00eates de Silas Robinson","article_modified_time":"2025-08-04T12:16:49+00:00","twitter_card":"summary_large_image","twitter_misc":{"Dur\u00e9e de lecture estim\u00e9e":"1 minute"},"schema":{"@context":"https:\/\/schema.org","@graph":[{"@type":"WebPage","@id":"https:\/\/marcelviau.net\/?page_id=2875","url":"https:\/\/marcelviau.net\/?page_id=2875","name":"Abonnement Club Silas - Les Enqu\u00eates de Silas Robinson","isPartOf":{"@id":"https:\/\/marcelviau.net\/#website"},"datePublished":"2025-07-26T14:39:18+00:00","dateModified":"2025-08-04T12:16:49+00:00","breadcrumb":{"@id":"https:\/\/marcelviau.net\/?page_id=2875#breadcrumb"},"inLanguage":"fr-FR","potentialAction":[{"@type":"ReadAction","target":["https:\/\/marcelviau.net\/?page_id=2875"]}]},{"@type":"BreadcrumbList","@id":"https:\/\/marcelviau.net\/?page_id=2875#breadcrumb","itemListElement":[{"@type":"ListItem","position":1,"name":"Accueil","item":"https:\/\/marcelviau.net\/"},{"@type":"ListItem","position":2,"name":"Abonnement Club Silas"}]},{"@type":"WebSite","@id":"https:\/\/marcelviau.net\/#website","url":"https:\/\/marcelviau.net\/","name":"Les Enqu\u00eates de Silas Robinson","description":"Romans policiers historiques par Marcel Viau","publisher":{"@id":"https:\/\/marcelviau.net\/#\/schema\/person\/1606b12bb3273c47bb44adc6fbb4de84"},"potentialAction":[{"@type":"SearchAction","target":{"@type":"EntryPoint","urlTemplate":"https:\/\/marcelviau.net\/?s={search_term_string}"},"query-input":{"@type":"PropertyValueSpecification","valueRequired":true,"valueName":"search_term_string"}}],"inLanguage":"fr-FR"},{"@type":["Person","Organization"],"@id":"https:\/\/marcelviau.net\/#\/schema\/person\/1606b12bb3273c47bb44adc6fbb4de84","name":"Marcel Viau","image":{"@type":"ImageObject","inLanguage":"fr-FR","@id":"https:\/\/marcelviau.net\/wp-content\/uploads\/2025\/07\/Viau-2025-scaled.jpg","url":"https:\/\/marcelviau.net\/wp-content\/uploads\/2025\/07\/Viau-2025-scaled.jpg","contentUrl":"https:\/\/marcelviau.net\/wp-content\/uploads\/2025\/07\/Viau-2025-scaled.jpg","width":1920,"height":2560,"caption":"Marcel Viau"},"logo":{"@id":"https:\/\/marcelviau.net\/wp-content\/uploads\/2025\/07\/Viau-2025-scaled.jpg"},"sameAs":["https:\/\/marcelviau.net"]}]}},"jetpack-related-posts":[{"id":3316,"url":"https:\/\/marcelviau.net\/?page_id=3316","url_meta":{"origin":2875,"position":0},"title":"Belle Dame-Pub","author":"Marcel Viau","date":"23 d\u00e9cembre 2025","format":false,"excerpt":"La belle dame de C\u00f4te-Vertu Plongez dans le myst\u00e8re de Montr\u00e9al en 1866 Ch\u00e8res lectrices et chers lecteurs, Je vous invite \u00e0 d\u00e9couvrir la bande-annonce de mon roman policier historique \u00ab La belle dame de C\u00f4te-Vertu \u00bb, une nouvelle enqu\u00eate de Silas Robinson et de son adjointe Miss Dupuis. \u00c0\u2026","rel":"","context":"Article similaire","block_context":{"text":"Article similaire","link":""},"img":{"alt_text":"","src":"","width":0,"height":0},"classes":[]},{"id":3259,"url":"https:\/\/marcelviau.net\/?page_id=3259","url_meta":{"origin":2875,"position":1},"title":"No\u00ebl en famille","author":"Marcel Viau","date":"10 d\u00e9cembre 2025","format":false,"excerpt":"\u2744\u2728\u2744 No\u00ebl chez le chef Robinson En ce temps des F\u00eates, Silas Robinson et sa belle-fille, Miss Th\u00e9r\u00e8se Dupuis, ont rang\u00e9 carnets de notes et intrigues dans un tiroir pour c\u00e9l\u00e9brer No\u00ebl en famille. Autour d\u2019un r\u00f4ti fumant et de conversations sereines, chacun a savour\u00e9 un rare moment de paix.\u2026","rel":"","context":"Article similaire","block_context":{"text":"Article similaire","link":""},"img":{"alt_text":"","src":"https:\/\/i0.wp.com\/marcelviau.net\/wp-content\/uploads\/2025\/12\/Noel-en-famille-2.png?resize=350%2C200&ssl=1","width":350,"height":200,"srcset":"https:\/\/i0.wp.com\/marcelviau.net\/wp-content\/uploads\/2025\/12\/Noel-en-famille-2.png?resize=350%2C200&ssl=1 1x, https:\/\/i0.wp.com\/marcelviau.net\/wp-content\/uploads\/2025\/12\/Noel-en-famille-2.png?resize=525%2C300&ssl=1 1.5x, https:\/\/i0.wp.com\/marcelviau.net\/wp-content\/uploads\/2025\/12\/Noel-en-famille-2.png?resize=700%2C400&ssl=1 2x"},"classes":[]},{"id":3330,"url":"https:\/\/marcelviau.net\/","url_meta":{"origin":2875,"position":2},"title":"Accueil 2026","author":"Marcel Viau","date":"11 janvier 2026","format":false,"excerpt":"La belle dame de C\u00f4te-Vertu Un roman policier historique \u2014 Montr\u00e9al, 1866 L'histoire compl\u00e8te est disponible d\u00e8s maintenant en livre num\u00e9rique et en papier. \ud83d\udc49 Voir toutes les options d'achat Also available in English: The Fair Lady of C\u00f4te-Vertu \ud83d\udcc5 Vous pouvez aussi d\u00e9couvrir l'histoire chapitre par chapitre, chaque mercredi\u2026","rel":"","context":"Article similaire","block_context":{"text":"Article similaire","link":""},"img":{"alt_text":"","src":"","width":0,"height":0},"classes":[]},{"id":1019,"url":"https:\/\/marcelviau.net\/?page_id=1019","url_meta":{"origin":2875,"position":3},"title":"Pr\u00e9sentation","author":"Marcel Viau","date":"26 ao\u00fbt 2022","format":false,"excerpt":"Quand le Canada se construisait dans le sang et les secrets... Les enqu\u00eates de Silas Robinson Silas Robinson, d\u00e9tective au XIXe si\u00e8cle \u00e0 Montr\u00e9al Polars historiques captivants. Silas Robinson devient le premier chef des d\u00e9tectives \u00e0 Montr\u00e9al en 1851. Ancien de Scotland Yard, cet homme aust\u00e8re et m\u00e9thodique va d\u00e9m\u00ealer\u2026","rel":"","context":"Article similaire","block_context":{"text":"Article similaire","link":""},"img":{"alt_text":"","src":"","width":0,"height":0},"classes":[]},{"id":4,"url":"https:\/\/marcelviau.net\/?page_id=4","url_meta":{"origin":2875,"position":4},"title":"Qui est Silas Robinson?","author":"Marcel Viau","date":"3 ao\u00fbt 2020","format":false,"excerpt":"Portrait de Silas Robinson Silas Robinson s\u2019expatrie au Canada en 1844 en provenance de Londres o\u00f9 il fut policier \u00e0 la c\u00e9l\u00e8bre\u00a0London Metropolitan Police\u00a0(Scotland Yard). Il ouvre un bureau de d\u00e9tective priv\u00e9 \u00e0 Montr\u00e9al et se fait remarquer par ses succ\u00e8s. En 1851, on lui demande de cr\u00e9er\u00a0un nouveau poste\u2026","rel":"","context":"Article similaire","block_context":{"text":"Article similaire","link":""},"img":{"alt_text":"Portrait de Silas Robinson","src":"https:\/\/i0.wp.com\/marcelviau.net\/wp-content\/uploads\/2020\/10\/portrait_silas4.jpg?resize=350%2C200&ssl=1","width":350,"height":200,"srcset":"https:\/\/i0.wp.com\/marcelviau.net\/wp-content\/uploads\/2020\/10\/portrait_silas4.jpg?resize=350%2C200&ssl=1 1x, https:\/\/i0.wp.com\/marcelviau.net\/wp-content\/uploads\/2020\/10\/portrait_silas4.jpg?resize=525%2C300&ssl=1 1.5x, https:\/\/i0.wp.com\/marcelviau.net\/wp-content\/uploads\/2020\/10\/portrait_silas4.jpg?resize=700%2C400&ssl=1 2x, https:\/\/i0.wp.com\/marcelviau.net\/wp-content\/uploads\/2020\/10\/portrait_silas4.jpg?resize=1050%2C600&ssl=1 3x, https:\/\/i0.wp.com\/marcelviau.net\/wp-content\/uploads\/2020\/10\/portrait_silas4.jpg?resize=1400%2C800&ssl=1 4x"},"classes":[]},{"id":1975,"url":"https:\/\/marcelviau.net\/?page_id=1975","url_meta":{"origin":2875,"position":5},"title":"Dossier de presse","author":"Marcel Viau","date":"22 septembre 2024","format":false,"excerpt":"LA SIXI\u00c8ME ENQU\u00caTE DE SILAS ROBINSON La terrasse Durham \u00e0 Qu\u00e9bec Dans sa derni\u00e8re enqu\u00eate, on retrouve Silas Robinson, le chef des d\u00e9tectives de la ville de Montr\u00e9al. Il est venu \u00e0 Qu\u00e9bec pour enqu\u00eater sur la mort de l\u2019\u00e9pouse de son coll\u00e8gue Patrick O\u2019Connell, lui-m\u00eame d\u00e9tective \u00e0 la ville\u2026","rel":"","context":"Article similaire","block_context":{"text":"Article similaire","link":""},"img":{"alt_text":"","src":"https:\/\/i0.wp.com\/marcelviau.net\/wp-content\/uploads\/2024\/09\/Chap-6-Terrasse-Durham-1860.jpg?resize=350%2C200&ssl=1","width":350,"height":200,"srcset":"https:\/\/i0.wp.com\/marcelviau.net\/wp-content\/uploads\/2024\/09\/Chap-6-Terrasse-Durham-1860.jpg?resize=350%2C200&ssl=1 1x, https:\/\/i0.wp.com\/marcelviau.net\/wp-content\/uploads\/2024\/09\/Chap-6-Terrasse-Durham-1860.jpg?resize=525%2C300&ssl=1 1.5x, https:\/\/i0.wp.com\/marcelviau.net\/wp-content\/uploads\/2024\/09\/Chap-6-Terrasse-Durham-1860.jpg?resize=700%2C400&ssl=1 2x"},"classes":[]}],"jetpack_sharing_enabled":true,"_links":{"self":[{"href":"https:\/\/marcelviau.net\/index.php?rest_route=\/wp\/v2\/pages\/2875","targetHints":{"allow":["GET"]}}],"collection":[{"href":"https:\/\/marcelviau.net\/index.php?rest_route=\/wp\/v2\/pages"}],"about":[{"href":"https:\/\/marcelviau.net\/index.php?rest_route=\/wp\/v2\/types\/page"}],"author":[{"embeddable":true,"href":"https:\/\/marcelviau.net\/index.php?rest_route=\/wp\/v2\/users\/1"}],"replies":[{"embeddable":true,"href":"https:\/\/marcelviau.net\/index.php?rest_route=%2Fwp%2Fv2%2Fcomments&post=2875"}],"version-history":[{"count":1,"href":"https:\/\/marcelviau.net\/index.php?rest_route=\/wp\/v2\/pages\/2875\/revisions"}],"predecessor-version":[{"id":2876,"href":"https:\/\/marcelviau.net\/index.php?rest_route=\/wp\/v2\/pages\/2875\/revisions\/2876"}],"wp:attachment":[{"href":"https:\/\/marcelviau.net\/index.php?rest_route=%2Fwp%2Fv2%2Fmedia&parent=2875"}],"curies":[{"name":"wp","href":"https:\/\/api.w.org\/{rel}","templated":true}]}}