{"id":2949,"date":"2025-08-07T09:15:09","date_gmt":"2025-08-07T13:15:09","guid":{"rendered":"https:\/\/marcelviau.net\/?page_id=2949"},"modified":"2025-12-06T08:07:27","modified_gmt":"2025-12-06T13:07:27","slug":"nouvelle-enquete","status":"publish","type":"page","link":"https:\/\/marcelviau.net\/?page_id=2949","title":{"rendered":"Nouvelle enqu\u00eate"},"content":{"rendered":"\n<h1 class=\"wp-block-heading has-text-align-center\"><strong> Assassinat dans la rue Sparks <\/strong><\/h1>\n\n\n\n<h3 class=\"wp-block-heading has-text-align-center\"><strong> Plongez dans le myst\u00e8re d&rsquo;Ottawa en 1868<\/strong><\/h3>\n\n\n\n<p>Ch\u00e8res lectrices et chers lecteurs,<\/p>\n\n\n\n<p>Voyez la\u00a0<strong>bande -annonce\u00a0<\/strong>de mon roman policier historique,\u00a0<strong>\u00ab\u00a0Assassinat dans la rue Sparks\u00a0\u00bb<\/strong>, le huiti\u00e8me tome de la s\u00e9rie \u00ab\u00a0Les enqu\u00eates de Silas Robinson\u00a0\u00bb.<\/p>\n\n\n\n<p><strong>\ud83d\udcfa<\/strong><strong>&nbsp;D\u00e9couvrez la bande-annonce<\/strong><\/p>\n\n\n\n<figure class=\"wp-block-embed is-type-video is-provider-youtube wp-block-embed-youtube wp-embed-aspect-16-9 wp-has-aspect-ratio\"><div class=\"wp-block-embed__wrapper\">\n<iframe loading=\"lazy\" title=\"Assassinat dans la rue Sparks-Book Trailer | Roman policier qu\u00e9b\u00e9cois\" width=\"563\" height=\"1000\" src=\"https:\/\/www.youtube.com\/embed\/eGszbGxhRxI?feature=oembed\" frameborder=\"0\" allow=\"accelerometer; autoplay; clipboard-write; encrypted-media; gyroscope; picture-in-picture; web-share\" referrerpolicy=\"strict-origin-when-cross-origin\" allowfullscreen><\/iframe>\n<\/div><\/figure>\n\n\n\n<p><em>Dur\u00e9e : 45 secondes &#8211; Un voyage au c\u0153ur d&rsquo;Ottawa en 1868<\/em><\/p>\n\n\n\n<p><strong>\ud83d\udd0d<\/strong><strong>&nbsp;L&rsquo;histoire qui vous attend<\/strong><\/p>\n\n\n\n<p>Ottawa, avril 1868. La jeune capitale canadienne peine encore \u00e0 se remettre de l&rsquo;assassinat brutal de Thomas D&rsquo;Arcy McGee dans la rue Sparks. Mais voil\u00e0 qu&rsquo;un nouveau myst\u00e8re vient troubler la ville naissante : deux semaines plus tard,&nbsp;<strong>Andrew Leamy<\/strong>, riche et influent entrepreneur forestier, est retrouv\u00e9 mort dans des circonstances pour le moins suspectes.<\/p>\n\n\n\n<p>D\u00e9p\u00each\u00e9 depuis Montr\u00e9al \u00e0 la demande expresse de la veuve \u00e9plor\u00e9e de&nbsp;<strong>Leamy<\/strong>, le d\u00e9tective&nbsp;<strong>Silas Robinson<\/strong>, accompagn\u00e9 de sa brillante adjointe&nbsp;<strong>Miss Dupuis<\/strong>, se lance dans une enqu\u00eate qui s&rsquo;av\u00e9rera plus p\u00e9rilleuse et complexe qu&rsquo;ils ne l&rsquo;imaginaient.<\/p>\n\n\n\n<p><strong>\ud83c\udfdb\ufe0f<\/strong><strong>&nbsp;Entre Histoire et Fiction<\/strong><\/p>\n\n\n\n<p>Cette nouvelle aventure nous plonge au c\u0153ur des intrigues politiques et \u00e9conomiques du Canada naissant.&nbsp;<strong>Entre les scieries prosp\u00e8res de Hull et les couloirs feutr\u00e9s du Parlement<\/strong>, nos enqu\u00eateurs d\u00e9couvriront que dans cette \u00e9poque de grands bouleversements, certains secrets valent effectivement la peine de tuer.<\/p>\n\n\n\n<p>Le roman explore les tensions de l&rsquo;\u00e9poque :<\/p>\n\n\n\n<ul class=\"wp-block-list\">\n<li>Les rivalit\u00e9s \u00e9conomiques dans l&rsquo;industrie foresti\u00e8re<\/li>\n\n\n\n<li>Les ramifications politiques de l&rsquo;assassinat de D&rsquo;Arcy McGee<\/li>\n\n\n\n<li>Les d\u00e9fis d&rsquo;une capitale encore fragile<\/li>\n\n\n\n<li>L&rsquo;atmosph\u00e8re unique d&rsquo;Ottawa en 1868<\/li>\n<\/ul>\n\n\n\n<p><strong>\ud83d\udcda<\/strong><strong>&nbsp;La s\u00e9rie \u00ab&nbsp;Les enqu\u00eates de Silas Robinson&nbsp;\u00bb<\/strong><\/p>\n\n\n\n<p>\u00ab&nbsp;Assassinat dans la rue Sparks&nbsp;\u00bb est le&nbsp;<strong>8e tome<\/strong>&nbsp;d&rsquo;une s\u00e9rie qui explore les myst\u00e8res du Canada du XIXe si\u00e8cle. Chaque volume peut se lire ind\u00e9pendamment, tout en enrichissant la compr\u00e9hension d&rsquo;ensemble de cette \u00e9poque fascinante.<\/p>\n\n\n\n<p><strong>\ud83d\uded2<\/strong><strong>&nbsp;O\u00f9 se procurer le livre ?<\/strong><\/p>\n\n\n\n<p><strong>\u00ab\u00a0Assassinat dans la rue Sparks\u00a0\u00bb est disponible d\u00e8s maintenant :<\/strong><\/p>\n\n\n\n<ul class=\"wp-block-list\">\n<li><strong>Format num\u00e9rique (ePub)<\/strong>&nbsp;:&nbsp;<a href=\"https:\/\/payhip.com\/b\/wAS9M\">payhip.com\/b\/wAS9M<\/a><\/li>\n\n\n\n<li><strong>Format papier&nbsp;:<\/strong>&nbsp;<a href=\"https:\/\/payhip.com\/b\/Nezwn\">https:\/\/payhip.com\/b\/Nezwn<\/a><\/li>\n\n\n\n<li><strong>Tous les volumes de la s\u00e9rie<\/strong>&nbsp;: Consultez la&nbsp;<a href=\"https:\/\/marcelviau.net\/?page_id=2790\">page d\u00e9di\u00e9e<\/a>&nbsp;sur ce site<\/li>\n\n\n\n<li><strong>\u00c9galement disponible en anglais<\/strong>: <em>The murder in Sparks Street<\/em>. Voir: <a href=\"https:\/\/www.kobo.com\/ca\/en\/ebook\/the-murder-in-sparks-street\">https:\/\/www.kobo.com\/ca\/en\/ebook\/the-murder-in-sparks-street<\/a>.<\/li>\n\n\n\n<li><\/li>\n<\/ul>\n\n\n\n<p><strong>Merci de votre fid\u00e9lit\u00e9 et bonne lecture !<\/strong><\/p>\n\n\n\n<p><em>Marcel Viau<\/em><br><em>Le Dr Watson de Silas<\/em><\/p>\n\n\n\n<hr class=\"wp-block-separator has-alpha-channel-opacity\"\/>\n\n\n\n<p><strong>\ud83c\udff7\ufe0f<\/strong><strong>&nbsp;Mots-cl\u00e9s<\/strong><\/p>\n\n\n\n<p>#RomanPolicier #HistoireCanadienne #Ottawa1868 #BandeAnnonce #PolarHistorique #SilasRobinson #Litt\u00e9ratureQu\u00e9b\u00e9coise #AutoEdition<\/p>\n","protected":false},"excerpt":{"rendered":"<p>Assassinat dans la rue Sparks Plongez dans le myst\u00e8re d&rsquo;Ottawa en 1868 Ch\u00e8res lectrices et chers lecteurs, Voyez la\u00a0bande -annonce\u00a0de mon roman policier historique,\u00a0\u00ab\u00a0Assassinat dans la rue Sparks\u00a0\u00bb, le huiti\u00e8me tome de la s\u00e9rie \u00ab\u00a0Les enqu\u00eates de Silas Robinson\u00a0\u00bb. \ud83d\udcfa&nbsp;D\u00e9couvrez la bande-annonce Dur\u00e9e : 45 secondes &#8211; Un voyage au c\u0153ur d&rsquo;Ottawa en 1868 \ud83d\udd0d&nbsp;L&rsquo;histoire &#8230; <a title=\"Nouvelle enqu\u00eate\" class=\"read-more\" href=\"https:\/\/marcelviau.net\/?page_id=2949\" aria-label=\"En savoir plus sur Nouvelle enqu\u00eate\">Lire la suite<\/a><\/p>\n","protected":false},"author":1,"featured_media":0,"parent":0,"menu_order":0,"comment_status":"closed","ping_status":"closed","template":"","meta":{"footnotes":""},"class_list":["post-2949","page","type-page","status-publish"],"yoast_head":"<!-- This site is optimized with the Yoast SEO plugin v27.4 - https:\/\/yoast.com\/product\/yoast-seo-wordpress\/ -->\n<title>Nouvelle enqu\u00eate - Les Enqu\u00eates de Silas Robinson<\/title>\n<meta name=\"robots\" content=\"index, follow, max-snippet:-1, max-image-preview:large, max-video-preview:-1\" \/>\n<link rel=\"canonical\" href=\"https:\/\/marcelviau.net\/?page_id=2949\" \/>\n<meta property=\"og:locale\" content=\"fr_FR\" \/>\n<meta property=\"og:type\" content=\"article\" \/>\n<meta property=\"og:title\" content=\"Nouvelle enqu\u00eate - Les Enqu\u00eates de Silas Robinson\" \/>\n<meta property=\"og:description\" content=\"Assassinat dans la rue Sparks Plongez dans le myst\u00e8re d&rsquo;Ottawa en 1868 Ch\u00e8res lectrices et chers lecteurs, Voyez la\u00a0bande -annonce\u00a0de mon roman policier historique,\u00a0\u00ab\u00a0Assassinat dans la rue Sparks\u00a0\u00bb, le huiti\u00e8me tome de la s\u00e9rie \u00ab\u00a0Les enqu\u00eates de Silas Robinson\u00a0\u00bb. \ud83d\udcfa&nbsp;D\u00e9couvrez la bande-annonce Dur\u00e9e : 45 secondes &#8211; Un voyage au c\u0153ur d&rsquo;Ottawa en 1868 \ud83d\udd0d&nbsp;L&rsquo;histoire ... Lire la suite\" \/>\n<meta property=\"og:url\" content=\"https:\/\/marcelviau.net\/?page_id=2949\" \/>\n<meta property=\"og:site_name\" content=\"Les Enqu\u00eates de Silas Robinson\" \/>\n<meta property=\"article:modified_time\" content=\"2025-12-06T13:07:27+00:00\" \/>\n<meta name=\"twitter:card\" content=\"summary_large_image\" \/>\n<meta name=\"twitter:label1\" content=\"Dur\u00e9e de lecture estim\u00e9e\" \/>\n\t<meta name=\"twitter:data1\" content=\"2 minutes\" \/>\n<script type=\"application\/ld+json\" class=\"yoast-schema-graph\">{\"@context\":\"https:\\\/\\\/schema.org\",\"@graph\":[{\"@type\":\"WebPage\",\"@id\":\"https:\\\/\\\/marcelviau.net\\\/?page_id=2949\",\"url\":\"https:\\\/\\\/marcelviau.net\\\/?page_id=2949\",\"name\":\"Nouvelle enqu\u00eate - Les Enqu\u00eates de Silas Robinson\",\"isPartOf\":{\"@id\":\"https:\\\/\\\/marcelviau.net\\\/#website\"},\"datePublished\":\"2025-08-07T13:15:09+00:00\",\"dateModified\":\"2025-12-06T13:07:27+00:00\",\"breadcrumb\":{\"@id\":\"https:\\\/\\\/marcelviau.net\\\/?page_id=2949#breadcrumb\"},\"inLanguage\":\"fr-FR\",\"potentialAction\":[{\"@type\":\"ReadAction\",\"target\":[\"https:\\\/\\\/marcelviau.net\\\/?page_id=2949\"]}]},{\"@type\":\"BreadcrumbList\",\"@id\":\"https:\\\/\\\/marcelviau.net\\\/?page_id=2949#breadcrumb\",\"itemListElement\":[{\"@type\":\"ListItem\",\"position\":1,\"name\":\"Accueil\",\"item\":\"https:\\\/\\\/marcelviau.net\\\/\"},{\"@type\":\"ListItem\",\"position\":2,\"name\":\"Nouvelle enqu\u00eate\"}]},{\"@type\":\"WebSite\",\"@id\":\"https:\\\/\\\/marcelviau.net\\\/#website\",\"url\":\"https:\\\/\\\/marcelviau.net\\\/\",\"name\":\"Les Enqu\u00eates de Silas Robinson\",\"description\":\"Romans policiers historiques par Marcel Viau\",\"publisher\":{\"@id\":\"https:\\\/\\\/marcelviau.net\\\/#\\\/schema\\\/person\\\/1606b12bb3273c47bb44adc6fbb4de84\"},\"potentialAction\":[{\"@type\":\"SearchAction\",\"target\":{\"@type\":\"EntryPoint\",\"urlTemplate\":\"https:\\\/\\\/marcelviau.net\\\/?s={search_term_string}\"},\"query-input\":{\"@type\":\"PropertyValueSpecification\",\"valueRequired\":true,\"valueName\":\"search_term_string\"}}],\"inLanguage\":\"fr-FR\"},{\"@type\":[\"Person\",\"Organization\"],\"@id\":\"https:\\\/\\\/marcelviau.net\\\/#\\\/schema\\\/person\\\/1606b12bb3273c47bb44adc6fbb4de84\",\"name\":\"Marcel Viau\",\"image\":{\"@type\":\"ImageObject\",\"inLanguage\":\"fr-FR\",\"@id\":\"https:\\\/\\\/marcelviau.net\\\/wp-content\\\/uploads\\\/2025\\\/07\\\/Viau-2025-scaled.jpg\",\"url\":\"https:\\\/\\\/marcelviau.net\\\/wp-content\\\/uploads\\\/2025\\\/07\\\/Viau-2025-scaled.jpg\",\"contentUrl\":\"https:\\\/\\\/marcelviau.net\\\/wp-content\\\/uploads\\\/2025\\\/07\\\/Viau-2025-scaled.jpg\",\"width\":1920,\"height\":2560,\"caption\":\"Marcel Viau\"},\"logo\":{\"@id\":\"https:\\\/\\\/marcelviau.net\\\/wp-content\\\/uploads\\\/2025\\\/07\\\/Viau-2025-scaled.jpg\"},\"sameAs\":[\"https:\\\/\\\/marcelviau.net\"]}]}<\/script>\n<!-- \/ Yoast SEO plugin. -->","yoast_head_json":{"title":"Nouvelle enqu\u00eate - Les Enqu\u00eates de Silas Robinson","robots":{"index":"index","follow":"follow","max-snippet":"max-snippet:-1","max-image-preview":"max-image-preview:large","max-video-preview":"max-video-preview:-1"},"canonical":"https:\/\/marcelviau.net\/?page_id=2949","og_locale":"fr_FR","og_type":"article","og_title":"Nouvelle enqu\u00eate - Les Enqu\u00eates de Silas Robinson","og_description":"Assassinat dans la rue Sparks Plongez dans le myst\u00e8re d&rsquo;Ottawa en 1868 Ch\u00e8res lectrices et chers lecteurs, Voyez la\u00a0bande -annonce\u00a0de mon roman policier historique,\u00a0\u00ab\u00a0Assassinat dans la rue Sparks\u00a0\u00bb, le huiti\u00e8me tome de la s\u00e9rie \u00ab\u00a0Les enqu\u00eates de Silas Robinson\u00a0\u00bb. \ud83d\udcfa&nbsp;D\u00e9couvrez la bande-annonce Dur\u00e9e : 45 secondes &#8211; Un voyage au c\u0153ur d&rsquo;Ottawa en 1868 \ud83d\udd0d&nbsp;L&rsquo;histoire ... Lire la suite","og_url":"https:\/\/marcelviau.net\/?page_id=2949","og_site_name":"Les Enqu\u00eates de Silas Robinson","article_modified_time":"2025-12-06T13:07:27+00:00","twitter_card":"summary_large_image","twitter_misc":{"Dur\u00e9e de lecture estim\u00e9e":"2 minutes"},"schema":{"@context":"https:\/\/schema.org","@graph":[{"@type":"WebPage","@id":"https:\/\/marcelviau.net\/?page_id=2949","url":"https:\/\/marcelviau.net\/?page_id=2949","name":"Nouvelle enqu\u00eate - Les Enqu\u00eates de Silas Robinson","isPartOf":{"@id":"https:\/\/marcelviau.net\/#website"},"datePublished":"2025-08-07T13:15:09+00:00","dateModified":"2025-12-06T13:07:27+00:00","breadcrumb":{"@id":"https:\/\/marcelviau.net\/?page_id=2949#breadcrumb"},"inLanguage":"fr-FR","potentialAction":[{"@type":"ReadAction","target":["https:\/\/marcelviau.net\/?page_id=2949"]}]},{"@type":"BreadcrumbList","@id":"https:\/\/marcelviau.net\/?page_id=2949#breadcrumb","itemListElement":[{"@type":"ListItem","position":1,"name":"Accueil","item":"https:\/\/marcelviau.net\/"},{"@type":"ListItem","position":2,"name":"Nouvelle enqu\u00eate"}]},{"@type":"WebSite","@id":"https:\/\/marcelviau.net\/#website","url":"https:\/\/marcelviau.net\/","name":"Les Enqu\u00eates de Silas Robinson","description":"Romans policiers historiques par Marcel Viau","publisher":{"@id":"https:\/\/marcelviau.net\/#\/schema\/person\/1606b12bb3273c47bb44adc6fbb4de84"},"potentialAction":[{"@type":"SearchAction","target":{"@type":"EntryPoint","urlTemplate":"https:\/\/marcelviau.net\/?s={search_term_string}"},"query-input":{"@type":"PropertyValueSpecification","valueRequired":true,"valueName":"search_term_string"}}],"inLanguage":"fr-FR"},{"@type":["Person","Organization"],"@id":"https:\/\/marcelviau.net\/#\/schema\/person\/1606b12bb3273c47bb44adc6fbb4de84","name":"Marcel Viau","image":{"@type":"ImageObject","inLanguage":"fr-FR","@id":"https:\/\/marcelviau.net\/wp-content\/uploads\/2025\/07\/Viau-2025-scaled.jpg","url":"https:\/\/marcelviau.net\/wp-content\/uploads\/2025\/07\/Viau-2025-scaled.jpg","contentUrl":"https:\/\/marcelviau.net\/wp-content\/uploads\/2025\/07\/Viau-2025-scaled.jpg","width":1920,"height":2560,"caption":"Marcel Viau"},"logo":{"@id":"https:\/\/marcelviau.net\/wp-content\/uploads\/2025\/07\/Viau-2025-scaled.jpg"},"sameAs":["https:\/\/marcelviau.net"]}]}},"jetpack-related-posts":[{"id":3303,"url":"https:\/\/marcelviau.net\/?page_id=3303","url_meta":{"origin":2949,"position":0},"title":"Sparks-Livre(2)","author":"Marcel Viau","date":"21 d\u00e9cembre 2025","format":false,"excerpt":"Assassinat dans la rue Sparks (2025) Une enqu\u00eate de Silas Robinson \ud83c\udde8\ud83c\udde6 Achat pour le Canada \ud83d\udcf1 Format num\u00e9rique (ePub) T\u00e9l\u00e9chargement imm\u00e9diat \u279c Commander le format num\u00e9rique \ud83d\udcda Format papier Livre broch\u00e9 de qualit\u00e9 \u2022 Exp\u00e9dition gratuite au Canada \u279c Commander le format papier \ud83d\udcd6 \u00c9galement disponible en anglais en\u2026","rel":"","context":"Article similaire","block_context":{"text":"Article similaire","link":""},"img":{"alt_text":"","src":"","width":0,"height":0},"classes":[]},{"id":2880,"url":"https:\/\/marcelviau.net\/?page_id=2880","url_meta":{"origin":2949,"position":1},"title":"Avis des lecteurs (Sparks)","author":"Marcel Viau","date":"27 juillet 2025","format":false,"excerpt":"Assassinat dans la rue Sparks (Avis) D\u00e9couvrez ce que pensent les premi\u00e8res lectrices et lecteurs\u00a0\u00a0d'Assassinat dans la rue Sparks, la derni\u00e8re enqu\u00eate de Silas Robinson. \ud83d\udcd6\u00a0Choisissez votre lecture : \ud83d\udcf0 Chroniques approfondies \u2022 Chronique de Manuel - Le monde du polar - Analyse litt\u00e9raire d\u00e9taill\u00e9e (15 min) \u2022 Chronique d'Ottawa\u2026","rel":"","context":"Article similaire","block_context":{"text":"Article similaire","link":""},"img":{"alt_text":"","src":"","width":0,"height":0},"classes":[]},{"id":3224,"url":"https:\/\/marcelviau.net\/?page_id=3224","url_meta":{"origin":2949,"position":2},"title":"Fin de Sparks","author":"Marcel Viau","date":"4 d\u00e9cembre 2025","format":false,"excerpt":"\ud83d\udd0d Le myst\u00e8re est r\u00e9solu Assassinat dans la rue Sparks Ottawa, 1868. Un meurtre brutal secoue la capitale. Le d\u00e9tective Silas Robinson et son adjointe, Miss Dupuis, traquent la v\u00e9rit\u00e9 depuis des semaines. Le myst\u00e8re est enfin r\u00e9solu. Vous voulez d\u00e9crouvrir l'enqu\u00eate compl\u00e8te? Le roman est d\u00e9j\u00e0 disponible. Plongez dans\u2026","rel":"","context":"Article similaire","block_context":{"text":"Article similaire","link":""},"img":{"alt_text":"","src":"","width":0,"height":0},"classes":[]},{"id":3316,"url":"https:\/\/marcelviau.net\/?page_id=3316","url_meta":{"origin":2949,"position":3},"title":"Belle Dame-Pub","author":"Marcel Viau","date":"23 d\u00e9cembre 2025","format":false,"excerpt":"La belle dame de C\u00f4te-Vertu Plongez dans le myst\u00e8re de Montr\u00e9al en 1866 Ch\u00e8res lectrices et chers lecteurs, Je vous invite \u00e0 d\u00e9couvrir la bande-annonce de mon roman policier historique \u00ab La belle dame de C\u00f4te-Vertu \u00bb, une nouvelle enqu\u00eate de Silas Robinson et de son adjointe Miss Dupuis. \u00c0\u2026","rel":"","context":"Article similaire","block_context":{"text":"Article similaire","link":""},"img":{"alt_text":"","src":"","width":0,"height":0},"classes":[]},{"id":2506,"url":"https:\/\/marcelviau.net\/?page_id=2506","url_meta":{"origin":2949,"position":4},"title":"Les enqu\u00eates de Silas (test)","author":"Marcel Viau","date":"12 juillet 2025","format":false,"excerpt":"Les Enqu\u00eates de Silas Robinson Collection compl\u00e8te des myst\u00e8res et aventures du d\u00e9tective priv\u00e9 Tome 1(2020) Les crimes du manoir Debartzch Dans ce premier volume, Silas Robinson intervient comme d\u00e9tective priv\u00e9 dans le village de Saint-Charles-sur-le-Richelieu, \u00e0 la demande du chef de police de Montr\u00e9al. Une affaire \u00e9trange qui met\u2026","rel":"","context":"Article similaire","block_context":{"text":"Article similaire","link":""},"img":{"alt_text":"","src":"","width":0,"height":0},"classes":[]},{"id":2790,"url":"https:\/\/marcelviau.net\/?page_id=2790","url_meta":{"origin":2949,"position":5},"title":"Les enqu\u00eates de Silas (2)","author":"Marcel Viau","date":"13 juillet 2025","format":false,"excerpt":"Les Enqu\u00eates de Silas Robinson Collection compl\u00e8te de ses myst\u00e8res et aventures Les crimes du manoir Debartzch (2020) Dans ce premier volume, Silas Robinson intervient comme d\u00e9tective priv\u00e9 dans le village de Saint-Charles-sur-le-Richelieu, \u00e0 la demande du chef de police de Montr\u00e9al. Une affaire \u00e9trange qui met en lumi\u00e8re les\u2026","rel":"","context":"Article similaire","block_context":{"text":"Article similaire","link":""},"img":{"alt_text":"","src":"","width":0,"height":0},"classes":[]}],"jetpack_sharing_enabled":true,"_links":{"self":[{"href":"https:\/\/marcelviau.net\/index.php?rest_route=\/wp\/v2\/pages\/2949","targetHints":{"allow":["GET"]}}],"collection":[{"href":"https:\/\/marcelviau.net\/index.php?rest_route=\/wp\/v2\/pages"}],"about":[{"href":"https:\/\/marcelviau.net\/index.php?rest_route=\/wp\/v2\/types\/page"}],"author":[{"embeddable":true,"href":"https:\/\/marcelviau.net\/index.php?rest_route=\/wp\/v2\/users\/1"}],"replies":[{"embeddable":true,"href":"https:\/\/marcelviau.net\/index.php?rest_route=%2Fwp%2Fv2%2Fcomments&post=2949"}],"version-history":[{"count":19,"href":"https:\/\/marcelviau.net\/index.php?rest_route=\/wp\/v2\/pages\/2949\/revisions"}],"predecessor-version":[{"id":3255,"href":"https:\/\/marcelviau.net\/index.php?rest_route=\/wp\/v2\/pages\/2949\/revisions\/3255"}],"wp:attachment":[{"href":"https:\/\/marcelviau.net\/index.php?rest_route=%2Fwp%2Fv2%2Fmedia&parent=2949"}],"curies":[{"name":"wp","href":"https:\/\/api.w.org\/{rel}","templated":true}]}}