{"id":3303,"date":"2025-12-21T10:46:40","date_gmt":"2025-12-21T15:46:40","guid":{"rendered":"https:\/\/marcelviau.net\/?page_id=3303"},"modified":"2025-12-21T11:03:10","modified_gmt":"2025-12-21T16:03:10","slug":"sparks-livre2","status":"publish","type":"page","link":"https:\/\/marcelviau.net\/?page_id=3303","title":{"rendered":"Sparks-Livre(2)"},"content":{"rendered":"\n<div style=\"max-width: 800px; margin: 0 auto; padding: 20px; font-family: -apple-system, BlinkMacSystemFont, 'Segoe UI', Roboto, sans-serif;\">\n    \n    <h1 style=\"font-size: 2rem; color: #000; margin-bottom: 5px; font-weight: 600; text-align: center;\">Assassinat dans la rue Sparks (2025)<\/h1>\n    \n    <h3 style=\"font-size: 1.2rem; color: #666; font-weight: 300; font-style: italic; margin-bottom: 40px; text-align: center;\"><em>Une enqu\u00eate de Silas Robinson<\/em><\/h3>\n    \n    <img decoding=\"async\" src=\"https:\/\/marcelviau.net\/wp-content\/uploads\/2025\/12\/cover_min1400px.jpg\" alt=\"Couverture - Assassinat dans la rue Sparks\" style=\"max-width: 500px; width: 100%; height: auto; display: block; margin: 0 auto 40px auto;\">\n    \n    <!-- Section Canada -->\n    <div style=\"background-color: #fff; padding: 25px; margin: 30px 0; border-radius: 10px; box-shadow: 0 2px 8px rgba(0,0,0,0.1); border: 3px solid #0066cc;\">\n        \n        <h3 style=\"font-size: 1.4rem; color: #000; font-weight: 600; margin: 0 0 20px 0; padding-bottom: 10px; border-bottom: 2px solid #0066cc;\">\ud83c\udde8\ud83c\udde6 Achat pour le Canada<\/h3>\n        \n        <div style=\"background-color: #f8f9fa; padding: 20px; margin: 15px 0; border-radius: 8px; border-left: 4px solid #0066cc;\">\n            <h4 style=\"font-size: 1.2rem; color: #000; margin: 0 0 10px 0; font-weight: 500;\">\ud83d\udcf1 Format num\u00e9rique (ePub)<\/h4>\n            <p style=\"margin: 10px 0; line-height: 1.8; color: #333;\">T\u00e9l\u00e9chargement imm\u00e9diat<\/p>\n            <p style=\"margin: 15px 0;\"><strong>\u279c <a href=\"https:\/\/payhip.com\/b\/wAS9M\" target=\"_blank\">Commander le format num\u00e9rique<\/a><\/strong><\/p>\n        <\/div>\n        \n        <div style=\"background-color: #f8f9fa; padding: 20px; margin: 15px 0; border-radius: 8px; border-left: 4px solid #0066cc;\">\n            <h4 style=\"font-size: 1.2rem; color: #000; margin: 0 0 10px 0; font-weight: 500;\">\ud83d\udcda Format papier<\/h4>\n            <p style=\"margin: 10px 0; line-height: 1.8; color: #333;\">Livre broch\u00e9 de qualit\u00e9 \u2022 Exp\u00e9dition gratuite au Canada<\/p>\n            <p style=\"margin: 15px 0;\"><strong>\u279c <a href=\"https:\/\/payhip.com\/b\/Nezwn\" target=\"_blank\">Commander le format papier<\/a><\/strong><\/p>\n        <\/div>\n        \n        <div style=\"background-color: #f8f9fa; padding: 20px; margin: 15px 0; border-radius: 8px; border-left: 4px solid #0066cc;\">\n            <h4 style=\"font-size: 1.2rem; color: #000; margin: 0 0 10px 0; font-weight: 500;\">\ud83d\udcd6 \u00c9galement disponible en anglais en format num\u00e9rique<\/h4>\n            <p style=\"margin: 10px 0; line-height: 1.8; color: #333;\"><em>The murder in Sparks Street<\/em><\/p>\n            <p style=\"margin: 15px 0;\"><strong>\u279c <a href=\"https:\/\/www.kobo.com\/ca\/en\/ebook\/the-murder-in-sparks-street\" target=\"_blank\">Voir sur Kobo<\/a><\/strong><\/p>\n        <\/div>\n        \n    <\/div>\n    \n    <!-- Section Europe -->\n    <div style=\"background-color: #fff; padding: 25px; margin: 30px 0; border-radius: 10px; box-shadow: 0 2px 8px rgba(0,0,0,0.1); border: 3px solid #003399;\">\n        \n        <h3 style=\"font-size: 1.4rem; color: #000; font-weight: 600; margin: 0 0 20px 0; padding-bottom: 10px; border-bottom: 2px solid #003399;\">\ud83c\uddea\ud83c\uddfa Achat pour l&rsquo;Europe<\/h3>\n        \n        <div style=\"background-color: #f8f9fa; padding: 20px; margin: 15px 0; border-radius: 8px; border-left: 4px solid #003399;\">\n            <h4 style=\"font-size: 1.2rem; color: #000; margin: 0 0 10px 0; font-weight: 500;\">\ud83d\udcda Format papier<\/h4>\n            <p style=\"margin: 10px 0; line-height: 1.8; color: #333;\">Disponible chez Bookelis \u2022 Exp\u00e9dition dans toute l&rsquo;Europe<\/p>\n            <p style=\"margin: 15px 0;\"><strong>\u279c <a href=\"https:\/\/livres.bookelis.com\/policier\/69759-Assassinat-dans-la-rue-Sparks.html\" target=\"_blank\">Commander le format papier<\/a><\/strong><\/p>\n        <\/div>\n        \n        <div style=\"background-color: #f8f9fa; padding: 20px; margin: 15px 0; border-radius: 8px; border-left: 4px solid #003399;\">\n            <h4 style=\"font-size: 1.2rem; color: #000; margin: 0 0 10px 0; font-weight: 500;\">\ud83d\udcf1 Format num\u00e9rique (ePub)<\/h4>\n            <p style=\"margin: 10px 0; line-height: 1.8; color: #333;\">T\u00e9l\u00e9chargement imm\u00e9diat<\/p>\n            <p style=\"margin: 15px 0;\"><strong>\u279c <a href=\"https:\/\/livres.bookelis.com\/policier\/69807-Assassinat-dans-la-rue-Sparks.html\" target=\"_blank\">Commander le format num\u00e9rique<\/a><\/strong><\/p>\n        <\/div>\n        \n    <\/div>\n    \n<\/div>\n","protected":false},"excerpt":{"rendered":"<p>Assassinat dans la rue Sparks (2025) Une enqu\u00eate de Silas Robinson \ud83c\udde8\ud83c\udde6 Achat pour le Canada \ud83d\udcf1 Format num\u00e9rique (ePub) T\u00e9l\u00e9chargement imm\u00e9diat \u279c Commander le format num\u00e9rique \ud83d\udcda Format papier Livre broch\u00e9 de qualit\u00e9 \u2022 Exp\u00e9dition gratuite au Canada \u279c Commander le format papier \ud83d\udcd6 \u00c9galement disponible en anglais en format num\u00e9rique The murder in &#8230; <a title=\"Sparks-Livre(2)\" class=\"read-more\" href=\"https:\/\/marcelviau.net\/?page_id=3303\" aria-label=\"En savoir plus sur Sparks-Livre(2)\">Lire la suite<\/a><\/p>\n","protected":false},"author":1,"featured_media":0,"parent":0,"menu_order":0,"comment_status":"closed","ping_status":"closed","template":"","meta":{"footnotes":""},"class_list":["post-3303","page","type-page","status-publish"],"yoast_head":"<!-- This site is optimized with the Yoast SEO plugin v27.4 - https:\/\/yoast.com\/product\/yoast-seo-wordpress\/ -->\n<title>Sparks-Livre(2) - Les Enqu\u00eates de Silas Robinson<\/title>\n<meta name=\"robots\" content=\"index, follow, max-snippet:-1, max-image-preview:large, max-video-preview:-1\" \/>\n<link rel=\"canonical\" href=\"https:\/\/marcelviau.net\/?page_id=3303\" \/>\n<meta property=\"og:locale\" content=\"fr_FR\" \/>\n<meta property=\"og:type\" content=\"article\" \/>\n<meta property=\"og:title\" content=\"Sparks-Livre(2) - Les Enqu\u00eates de Silas Robinson\" \/>\n<meta property=\"og:description\" content=\"Assassinat dans la rue Sparks (2025) Une enqu\u00eate de Silas Robinson \ud83c\udde8\ud83c\udde6 Achat pour le Canada \ud83d\udcf1 Format num\u00e9rique (ePub) T\u00e9l\u00e9chargement imm\u00e9diat \u279c Commander le format num\u00e9rique \ud83d\udcda Format papier Livre broch\u00e9 de qualit\u00e9 \u2022 Exp\u00e9dition gratuite au Canada \u279c Commander le format papier \ud83d\udcd6 \u00c9galement disponible en anglais en format num\u00e9rique The murder in ... Lire la suite\" \/>\n<meta property=\"og:url\" content=\"https:\/\/marcelviau.net\/?page_id=3303\" \/>\n<meta property=\"og:site_name\" content=\"Les Enqu\u00eates de Silas Robinson\" \/>\n<meta property=\"article:modified_time\" content=\"2025-12-21T16:03:10+00:00\" \/>\n<meta property=\"og:image\" content=\"https:\/\/marcelviau.net\/wp-content\/uploads\/2025\/12\/cover_min1400px.jpg\" \/>\n<meta name=\"twitter:card\" content=\"summary_large_image\" \/>\n<meta name=\"twitter:label1\" content=\"Dur\u00e9e de lecture estim\u00e9e\" \/>\n\t<meta name=\"twitter:data1\" content=\"1 minute\" \/>\n<script type=\"application\/ld+json\" class=\"yoast-schema-graph\">{\"@context\":\"https:\\\/\\\/schema.org\",\"@graph\":[{\"@type\":\"WebPage\",\"@id\":\"https:\\\/\\\/marcelviau.net\\\/?page_id=3303\",\"url\":\"https:\\\/\\\/marcelviau.net\\\/?page_id=3303\",\"name\":\"Sparks-Livre(2) - Les Enqu\u00eates de Silas Robinson\",\"isPartOf\":{\"@id\":\"https:\\\/\\\/marcelviau.net\\\/#website\"},\"primaryImageOfPage\":{\"@id\":\"https:\\\/\\\/marcelviau.net\\\/?page_id=3303#primaryimage\"},\"image\":{\"@id\":\"https:\\\/\\\/marcelviau.net\\\/?page_id=3303#primaryimage\"},\"thumbnailUrl\":\"https:\\\/\\\/marcelviau.net\\\/wp-content\\\/uploads\\\/2025\\\/12\\\/cover_min1400px.jpg\",\"datePublished\":\"2025-12-21T15:46:40+00:00\",\"dateModified\":\"2025-12-21T16:03:10+00:00\",\"breadcrumb\":{\"@id\":\"https:\\\/\\\/marcelviau.net\\\/?page_id=3303#breadcrumb\"},\"inLanguage\":\"fr-FR\",\"potentialAction\":[{\"@type\":\"ReadAction\",\"target\":[\"https:\\\/\\\/marcelviau.net\\\/?page_id=3303\"]}]},{\"@type\":\"ImageObject\",\"inLanguage\":\"fr-FR\",\"@id\":\"https:\\\/\\\/marcelviau.net\\\/?page_id=3303#primaryimage\",\"url\":\"https:\\\/\\\/marcelviau.net\\\/wp-content\\\/uploads\\\/2025\\\/12\\\/cover_min1400px.jpg\",\"contentUrl\":\"https:\\\/\\\/marcelviau.net\\\/wp-content\\\/uploads\\\/2025\\\/12\\\/cover_min1400px.jpg\",\"width\":1400,\"height\":1986},{\"@type\":\"BreadcrumbList\",\"@id\":\"https:\\\/\\\/marcelviau.net\\\/?page_id=3303#breadcrumb\",\"itemListElement\":[{\"@type\":\"ListItem\",\"position\":1,\"name\":\"Accueil\",\"item\":\"https:\\\/\\\/marcelviau.net\\\/\"},{\"@type\":\"ListItem\",\"position\":2,\"name\":\"Sparks-Livre(2)\"}]},{\"@type\":\"WebSite\",\"@id\":\"https:\\\/\\\/marcelviau.net\\\/#website\",\"url\":\"https:\\\/\\\/marcelviau.net\\\/\",\"name\":\"Les Enqu\u00eates de Silas Robinson\",\"description\":\"Romans policiers historiques par Marcel Viau\",\"publisher\":{\"@id\":\"https:\\\/\\\/marcelviau.net\\\/#\\\/schema\\\/person\\\/1606b12bb3273c47bb44adc6fbb4de84\"},\"potentialAction\":[{\"@type\":\"SearchAction\",\"target\":{\"@type\":\"EntryPoint\",\"urlTemplate\":\"https:\\\/\\\/marcelviau.net\\\/?s={search_term_string}\"},\"query-input\":{\"@type\":\"PropertyValueSpecification\",\"valueRequired\":true,\"valueName\":\"search_term_string\"}}],\"inLanguage\":\"fr-FR\"},{\"@type\":[\"Person\",\"Organization\"],\"@id\":\"https:\\\/\\\/marcelviau.net\\\/#\\\/schema\\\/person\\\/1606b12bb3273c47bb44adc6fbb4de84\",\"name\":\"Marcel Viau\",\"image\":{\"@type\":\"ImageObject\",\"inLanguage\":\"fr-FR\",\"@id\":\"https:\\\/\\\/marcelviau.net\\\/wp-content\\\/uploads\\\/2025\\\/07\\\/Viau-2025-scaled.jpg\",\"url\":\"https:\\\/\\\/marcelviau.net\\\/wp-content\\\/uploads\\\/2025\\\/07\\\/Viau-2025-scaled.jpg\",\"contentUrl\":\"https:\\\/\\\/marcelviau.net\\\/wp-content\\\/uploads\\\/2025\\\/07\\\/Viau-2025-scaled.jpg\",\"width\":1920,\"height\":2560,\"caption\":\"Marcel Viau\"},\"logo\":{\"@id\":\"https:\\\/\\\/marcelviau.net\\\/wp-content\\\/uploads\\\/2025\\\/07\\\/Viau-2025-scaled.jpg\"},\"sameAs\":[\"https:\\\/\\\/marcelviau.net\"]}]}<\/script>\n<!-- \/ Yoast SEO plugin. -->","yoast_head_json":{"title":"Sparks-Livre(2) - Les Enqu\u00eates de Silas Robinson","robots":{"index":"index","follow":"follow","max-snippet":"max-snippet:-1","max-image-preview":"max-image-preview:large","max-video-preview":"max-video-preview:-1"},"canonical":"https:\/\/marcelviau.net\/?page_id=3303","og_locale":"fr_FR","og_type":"article","og_title":"Sparks-Livre(2) - Les Enqu\u00eates de Silas Robinson","og_description":"Assassinat dans la rue Sparks (2025) Une enqu\u00eate de Silas Robinson \ud83c\udde8\ud83c\udde6 Achat pour le Canada \ud83d\udcf1 Format num\u00e9rique (ePub) T\u00e9l\u00e9chargement imm\u00e9diat \u279c Commander le format num\u00e9rique \ud83d\udcda Format papier Livre broch\u00e9 de qualit\u00e9 \u2022 Exp\u00e9dition gratuite au Canada \u279c Commander le format papier \ud83d\udcd6 \u00c9galement disponible en anglais en format num\u00e9rique The murder in ... Lire la suite","og_url":"https:\/\/marcelviau.net\/?page_id=3303","og_site_name":"Les Enqu\u00eates de Silas Robinson","article_modified_time":"2025-12-21T16:03:10+00:00","og_image":[{"url":"https:\/\/marcelviau.net\/wp-content\/uploads\/2025\/12\/cover_min1400px.jpg","type":"","width":"","height":""}],"twitter_card":"summary_large_image","twitter_misc":{"Dur\u00e9e de lecture estim\u00e9e":"1 minute"},"schema":{"@context":"https:\/\/schema.org","@graph":[{"@type":"WebPage","@id":"https:\/\/marcelviau.net\/?page_id=3303","url":"https:\/\/marcelviau.net\/?page_id=3303","name":"Sparks-Livre(2) - Les Enqu\u00eates de Silas Robinson","isPartOf":{"@id":"https:\/\/marcelviau.net\/#website"},"primaryImageOfPage":{"@id":"https:\/\/marcelviau.net\/?page_id=3303#primaryimage"},"image":{"@id":"https:\/\/marcelviau.net\/?page_id=3303#primaryimage"},"thumbnailUrl":"https:\/\/marcelviau.net\/wp-content\/uploads\/2025\/12\/cover_min1400px.jpg","datePublished":"2025-12-21T15:46:40+00:00","dateModified":"2025-12-21T16:03:10+00:00","breadcrumb":{"@id":"https:\/\/marcelviau.net\/?page_id=3303#breadcrumb"},"inLanguage":"fr-FR","potentialAction":[{"@type":"ReadAction","target":["https:\/\/marcelviau.net\/?page_id=3303"]}]},{"@type":"ImageObject","inLanguage":"fr-FR","@id":"https:\/\/marcelviau.net\/?page_id=3303#primaryimage","url":"https:\/\/marcelviau.net\/wp-content\/uploads\/2025\/12\/cover_min1400px.jpg","contentUrl":"https:\/\/marcelviau.net\/wp-content\/uploads\/2025\/12\/cover_min1400px.jpg","width":1400,"height":1986},{"@type":"BreadcrumbList","@id":"https:\/\/marcelviau.net\/?page_id=3303#breadcrumb","itemListElement":[{"@type":"ListItem","position":1,"name":"Accueil","item":"https:\/\/marcelviau.net\/"},{"@type":"ListItem","position":2,"name":"Sparks-Livre(2)"}]},{"@type":"WebSite","@id":"https:\/\/marcelviau.net\/#website","url":"https:\/\/marcelviau.net\/","name":"Les Enqu\u00eates de Silas Robinson","description":"Romans policiers historiques par Marcel Viau","publisher":{"@id":"https:\/\/marcelviau.net\/#\/schema\/person\/1606b12bb3273c47bb44adc6fbb4de84"},"potentialAction":[{"@type":"SearchAction","target":{"@type":"EntryPoint","urlTemplate":"https:\/\/marcelviau.net\/?s={search_term_string}"},"query-input":{"@type":"PropertyValueSpecification","valueRequired":true,"valueName":"search_term_string"}}],"inLanguage":"fr-FR"},{"@type":["Person","Organization"],"@id":"https:\/\/marcelviau.net\/#\/schema\/person\/1606b12bb3273c47bb44adc6fbb4de84","name":"Marcel Viau","image":{"@type":"ImageObject","inLanguage":"fr-FR","@id":"https:\/\/marcelviau.net\/wp-content\/uploads\/2025\/07\/Viau-2025-scaled.jpg","url":"https:\/\/marcelviau.net\/wp-content\/uploads\/2025\/07\/Viau-2025-scaled.jpg","contentUrl":"https:\/\/marcelviau.net\/wp-content\/uploads\/2025\/07\/Viau-2025-scaled.jpg","width":1920,"height":2560,"caption":"Marcel Viau"},"logo":{"@id":"https:\/\/marcelviau.net\/wp-content\/uploads\/2025\/07\/Viau-2025-scaled.jpg"},"sameAs":["https:\/\/marcelviau.net"]}]}},"jetpack-related-posts":[{"id":2949,"url":"https:\/\/marcelviau.net\/?page_id=2949","url_meta":{"origin":3303,"position":0},"title":"Nouvelle enqu\u00eate","author":"Marcel Viau","date":"7 ao\u00fbt 2025","format":false,"excerpt":"Assassinat dans la rue Sparks Plongez dans le myst\u00e8re d'Ottawa en 1868 Ch\u00e8res lectrices et chers lecteurs, Voyez la\u00a0bande -annonce\u00a0de mon roman policier historique,\u00a0\"Assassinat dans la rue Sparks\", le huiti\u00e8me tome de la s\u00e9rie \"Les enqu\u00eates de Silas Robinson\". \ud83d\udcfa\u00a0D\u00e9couvrez la bande-annonce https:\/\/www.youtube.com\/shorts\/eGszbGxhRxI Dur\u00e9e : 45 secondes - Un voyage\u2026","rel":"","context":"Article similaire","block_context":{"text":"Article similaire","link":""},"img":{"alt_text":"","src":"https:\/\/i0.wp.com\/img.youtube.com\/vi\/eGszbGxhRxI\/0.jpg?resize=350%2C200","width":350,"height":200},"classes":[]},{"id":2880,"url":"https:\/\/marcelviau.net\/?page_id=2880","url_meta":{"origin":3303,"position":1},"title":"Avis des lecteurs (Sparks)","author":"Marcel Viau","date":"27 juillet 2025","format":false,"excerpt":"Assassinat dans la rue Sparks (Avis) D\u00e9couvrez ce que pensent les premi\u00e8res lectrices et lecteurs\u00a0\u00a0d'Assassinat dans la rue Sparks, la derni\u00e8re enqu\u00eate de Silas Robinson. \ud83d\udcd6\u00a0Choisissez votre lecture : \ud83d\udcf0 Chroniques approfondies \u2022 Chronique de Manuel - Le monde du polar - Analyse litt\u00e9raire d\u00e9taill\u00e9e (15 min) \u2022 Chronique d'Ottawa\u2026","rel":"","context":"Article similaire","block_context":{"text":"Article similaire","link":""},"img":{"alt_text":"","src":"","width":0,"height":0},"classes":[]},{"id":3224,"url":"https:\/\/marcelviau.net\/?page_id=3224","url_meta":{"origin":3303,"position":2},"title":"Fin de Sparks","author":"Marcel Viau","date":"4 d\u00e9cembre 2025","format":false,"excerpt":"\ud83d\udd0d Le myst\u00e8re est r\u00e9solu Assassinat dans la rue Sparks Ottawa, 1868. Un meurtre brutal secoue la capitale. Le d\u00e9tective Silas Robinson et son adjointe, Miss Dupuis, traquent la v\u00e9rit\u00e9 depuis des semaines. Le myst\u00e8re est enfin r\u00e9solu. Vous voulez d\u00e9crouvrir l'enqu\u00eate compl\u00e8te? Le roman est d\u00e9j\u00e0 disponible. Plongez dans\u2026","rel":"","context":"Article similaire","block_context":{"text":"Article similaire","link":""},"img":{"alt_text":"","src":"","width":0,"height":0},"classes":[]},{"id":2506,"url":"https:\/\/marcelviau.net\/?page_id=2506","url_meta":{"origin":3303,"position":3},"title":"Les enqu\u00eates de Silas (test)","author":"Marcel Viau","date":"12 juillet 2025","format":false,"excerpt":"Les Enqu\u00eates de Silas Robinson Collection compl\u00e8te des myst\u00e8res et aventures du d\u00e9tective priv\u00e9 Tome 1(2020) Les crimes du manoir Debartzch Dans ce premier volume, Silas Robinson intervient comme d\u00e9tective priv\u00e9 dans le village de Saint-Charles-sur-le-Richelieu, \u00e0 la demande du chef de police de Montr\u00e9al. Une affaire \u00e9trange qui met\u2026","rel":"","context":"Article similaire","block_context":{"text":"Article similaire","link":""},"img":{"alt_text":"","src":"","width":0,"height":0},"classes":[]},{"id":2790,"url":"https:\/\/marcelviau.net\/?page_id=2790","url_meta":{"origin":3303,"position":4},"title":"Les enqu\u00eates de Silas (2)","author":"Marcel Viau","date":"13 juillet 2025","format":false,"excerpt":"Les Enqu\u00eates de Silas Robinson Collection compl\u00e8te de ses myst\u00e8res et aventures Les crimes du manoir Debartzch (2020) Dans ce premier volume, Silas Robinson intervient comme d\u00e9tective priv\u00e9 dans le village de Saint-Charles-sur-le-Richelieu, \u00e0 la demande du chef de police de Montr\u00e9al. Une affaire \u00e9trange qui met en lumi\u00e8re les\u2026","rel":"","context":"Article similaire","block_context":{"text":"Article similaire","link":""},"img":{"alt_text":"","src":"","width":0,"height":0},"classes":[]},{"id":1019,"url":"https:\/\/marcelviau.net\/?page_id=1019","url_meta":{"origin":3303,"position":5},"title":"Pr\u00e9sentation","author":"Marcel Viau","date":"26 ao\u00fbt 2022","format":false,"excerpt":"Quand le Canada se construisait dans le sang et les secrets... Les enqu\u00eates de Silas Robinson Silas Robinson, d\u00e9tective au XIXe si\u00e8cle \u00e0 Montr\u00e9al Polars historiques captivants. Silas Robinson devient le premier chef des d\u00e9tectives \u00e0 Montr\u00e9al en 1851. Ancien de Scotland Yard, cet homme aust\u00e8re et m\u00e9thodique va d\u00e9m\u00ealer\u2026","rel":"","context":"Article similaire","block_context":{"text":"Article similaire","link":""},"img":{"alt_text":"","src":"","width":0,"height":0},"classes":[]}],"jetpack_sharing_enabled":true,"_links":{"self":[{"href":"https:\/\/marcelviau.net\/index.php?rest_route=\/wp\/v2\/pages\/3303","targetHints":{"allow":["GET"]}}],"collection":[{"href":"https:\/\/marcelviau.net\/index.php?rest_route=\/wp\/v2\/pages"}],"about":[{"href":"https:\/\/marcelviau.net\/index.php?rest_route=\/wp\/v2\/types\/page"}],"author":[{"embeddable":true,"href":"https:\/\/marcelviau.net\/index.php?rest_route=\/wp\/v2\/users\/1"}],"replies":[{"embeddable":true,"href":"https:\/\/marcelviau.net\/index.php?rest_route=%2Fwp%2Fv2%2Fcomments&post=3303"}],"version-history":[{"count":2,"href":"https:\/\/marcelviau.net\/index.php?rest_route=\/wp\/v2\/pages\/3303\/revisions"}],"predecessor-version":[{"id":3305,"href":"https:\/\/marcelviau.net\/index.php?rest_route=\/wp\/v2\/pages\/3303\/revisions\/3305"}],"wp:attachment":[{"href":"https:\/\/marcelviau.net\/index.php?rest_route=%2Fwp%2Fv2%2Fmedia&parent=3303"}],"curies":[{"name":"wp","href":"https:\/\/api.w.org\/{rel}","templated":true}]}}