{"id":3330,"date":"2026-01-11T10:42:16","date_gmt":"2026-01-11T15:42:16","guid":{"rendered":"https:\/\/marcelviau.net\/?page_id=3330"},"modified":"2026-04-13T07:37:31","modified_gmt":"2026-04-13T11:37:31","slug":"accueil-2026","status":"publish","type":"page","link":"https:\/\/marcelviau.net\/","title":{"rendered":"Accueil 2026"},"content":{"rendered":"\n\n\n<h1><strong>La belle dame de C\u00f4te-Vertu<\/strong><\/h1>\n<h3><strong>Un roman policier historique \u2014 Montr\u00e9al, 1866<\/strong><\/h3>\n\n<div style=\"border-left:5px solid #8b1a1a;background-color:#f9f3ee;padding:18px 24px;margin:16px 0 24px 0;border-radius:0 6px 6px 0;\">\n  <p style=\"font-size:1em;color:#2a2a2a;margin:0 0 10px 0;line-height:1.6;\">\n    L&rsquo;histoire compl\u00e8te est disponible <strong>d\u00e8s maintenant<\/strong> en livre num\u00e9rique et en papier.\n  <\/p>\n  <p style=\"margin:0 0 8px 0;\">\n    \ud83d\udc49 <a href=\"https:\/\/marcelviau.net\/?page_id=3343\"><strong>Voir toutes les options d&rsquo;achat<\/strong><\/a>\n  <\/p>\n  <p style=\"margin:0;font-size:0.9em;color:#555;\">\n    <em>Also available in English:<\/em> <a href=\"https:\/\/www.kobo.com\/ca\/en\/ebook\/the-fair-lady-of-cote-vertu?sId=71059571-86e1-4cf2-8e81-a5898ffd4e04&#038;ssId=cl1d_Me7HmxRnnCqCFobQ&#038;cPos=1\">The Fair Lady of C\u00f4te-Vertu<\/a>\n  <\/p>\n<\/div>\n\n<hr>\n<p>\ud83d\udcc5 <em>Vous pouvez aussi d\u00e9couvrir l&rsquo;histoire chapitre par chapitre, chaque mercredi de 2026, gratuitement sur ce site.<\/em><\/p>\n<hr>\n<h2><strong>\ud83d\udd0d Le myst\u00e8re<\/strong><\/h2>\n<p><strong>Montr\u00e9al, septembre 1866.<\/strong> Un jeune fermier de quinze ans pr\u00e9tend avoir vu \u00ab la belle dame \u00bb pr\u00e8s d&rsquo;une source, dans la for\u00eat de C\u00f4te-Vertu. Dans la tradition catholique, cette expression d\u00e9signe la Vierge Marie. Mais cette apparition n&rsquo;a rien de c\u00e9leste.<\/p>\n<p>Le lendemain, on d\u00e9couvre le corps d&rsquo;une femme dans une clairi\u00e8re. \u00c9l\u00e9gamment v\u00eatue. Des souliers vernis aux pieds. Le visage paisible, les cheveux dor\u00e9s. Qui \u00e9tait cette myst\u00e9rieuse inconnue? Et pourquoi fallait-il qu&rsquo;elle disparaisse?<\/p>\n<hr>\n<h2><strong>\ud83d\udcfa Bande-annonce<\/strong><\/h2>\n<iframe loading=\"lazy\" width=\"560\" height=\"315\"\n  src=\"https:\/\/www.youtube.com\/embed\/ZaBAWQz6sgk\"\n  title=\"Bande-annonce \u2014 La belle dame de C\u00f4te-Vertu\"\n  frameborder=\"0\"\n  allow=\"accelerometer; autoplay; clipboard-write; encrypted-media; gyroscope; picture-in-picture; web-share\"\n  allowfullscreen><\/iframe>\n<p><strong>Si la vid\u00e9o ne s&rsquo;affiche pas :<\/strong>\n<a href=\"https:\/\/youtube.com\/shorts\/ZaBAWQz6sgk?feature=share\" target=\"_blank\" rel=\"noopener\">voir sur YouTube<\/a>.\n<\/p>\n<hr>\n<h2><strong>\ud83c\udfdb\ufe0f Histoire et fiction<\/strong><\/h2>\n<p>L&rsquo;enqu\u00eate se d\u00e9roule dans le Montr\u00e9al de 1866, en pleine transformation. La ville d\u00e9bat du projet de Conf\u00e9d\u00e9ration canadienne, accueille des r\u00e9fugi\u00e9s sudistes fuyant les cons\u00e9quences de la guerre de S\u00e9cession, et bruisse de rumeurs sur des r\u00e9seaux d&rsquo;espionnage. Dans ces temps troubl\u00e9s, certains secrets peuvent co\u00fbter la vie.<\/p>\n<hr>\n<h2><strong>\ud83d\udcda La s\u00e9rie <em>Les enqu\u00eates de Silas Robinson<\/em><\/strong><\/h2>\n<p>\u00ab La belle dame de C\u00f4te-Vertu \u00bb est une nouvelle enqu\u00eate de la s\u00e9rie. Chaque volume se lit ind\u00e9pendamment.<\/p>\n<p><a href=\"https:\/\/marcelviau.net\/?page_id=2790\">D\u00e9couvrir tous les volumes<\/a><\/p>\n<hr>\n<h2><strong>\u2709\ufe0f Ne manquez aucun chapitre<\/strong><\/h2>\n<p>Recevez une notification chaque mercredi lors de la publication d&rsquo;un nouveau chapitre.<\/p>\n<p><a href=\"https:\/\/marcelviau.net\/?page_id=2875\"><strong>\u2192 S&rsquo;inscrire au Club Silas<\/strong><\/a><\/p>\n<hr>\n<p><strong>Bonne lecture!<\/strong><\/p>\n<p><em>Marcel Viau<\/em><br>\n<em>Le Dr Watson de Silas<\/em><\/p>\n\n","protected":false},"excerpt":{"rendered":"<p>La belle dame de C\u00f4te-Vertu Un roman policier historique \u2014 Montr\u00e9al, 1866 L&rsquo;histoire compl\u00e8te est disponible d\u00e8s maintenant en livre num\u00e9rique et en papier. \ud83d\udc49 Voir toutes les options d&rsquo;achat Also available in English: The Fair Lady of C\u00f4te-Vertu \ud83d\udcc5 Vous pouvez aussi d\u00e9couvrir l&rsquo;histoire chapitre par chapitre, chaque mercredi de 2026, gratuitement sur ce &#8230; <a title=\"Accueil 2026\" class=\"read-more\" href=\"https:\/\/marcelviau.net\/\" aria-label=\"En savoir plus sur Accueil 2026\">Lire la suite<\/a><\/p>\n","protected":false},"author":1,"featured_media":0,"parent":0,"menu_order":0,"comment_status":"closed","ping_status":"closed","template":"","meta":{"footnotes":""},"class_list":["post-3330","page","type-page","status-publish"],"yoast_head":"<!-- This site is optimized with the Yoast SEO plugin v27.4 - https:\/\/yoast.com\/product\/yoast-seo-wordpress\/ -->\n<title>Accueil 2026 - Les Enqu\u00eates de Silas Robinson<\/title>\n<meta name=\"robots\" content=\"index, follow, max-snippet:-1, max-image-preview:large, max-video-preview:-1\" \/>\n<link rel=\"canonical\" href=\"https:\/\/marcelviau.net\/\" \/>\n<meta property=\"og:locale\" content=\"fr_FR\" \/>\n<meta property=\"og:type\" content=\"article\" \/>\n<meta property=\"og:title\" content=\"Accueil 2026 - Les Enqu\u00eates de Silas Robinson\" \/>\n<meta property=\"og:description\" content=\"La belle dame de C\u00f4te-Vertu Un roman policier historique \u2014 Montr\u00e9al, 1866 L&rsquo;histoire compl\u00e8te est disponible d\u00e8s maintenant en livre num\u00e9rique et en papier. \ud83d\udc49 Voir toutes les options d&rsquo;achat Also available in English: The Fair Lady of C\u00f4te-Vertu \ud83d\udcc5 Vous pouvez aussi d\u00e9couvrir l&rsquo;histoire chapitre par chapitre, chaque mercredi de 2026, gratuitement sur ce ... Lire la suite\" \/>\n<meta property=\"og:url\" content=\"https:\/\/marcelviau.net\/\" \/>\n<meta property=\"og:site_name\" content=\"Les Enqu\u00eates de Silas Robinson\" \/>\n<meta property=\"article:modified_time\" content=\"2026-04-13T11:37:31+00:00\" \/>\n<meta name=\"twitter:card\" content=\"summary_large_image\" \/>\n<meta name=\"twitter:label1\" content=\"Dur\u00e9e de lecture estim\u00e9e\" \/>\n\t<meta name=\"twitter:data1\" content=\"2 minutes\" \/>\n<script type=\"application\/ld+json\" class=\"yoast-schema-graph\">{\"@context\":\"https:\\\/\\\/schema.org\",\"@graph\":[{\"@type\":\"WebPage\",\"@id\":\"https:\\\/\\\/marcelviau.net\\\/\",\"url\":\"https:\\\/\\\/marcelviau.net\\\/\",\"name\":\"Accueil 2026 - Les Enqu\u00eates de Silas Robinson\",\"isPartOf\":{\"@id\":\"https:\\\/\\\/marcelviau.net\\\/#website\"},\"datePublished\":\"2026-01-11T15:42:16+00:00\",\"dateModified\":\"2026-04-13T11:37:31+00:00\",\"breadcrumb\":{\"@id\":\"https:\\\/\\\/marcelviau.net\\\/#breadcrumb\"},\"inLanguage\":\"fr-FR\",\"potentialAction\":[{\"@type\":\"ReadAction\",\"target\":[\"https:\\\/\\\/marcelviau.net\\\/\"]}]},{\"@type\":\"BreadcrumbList\",\"@id\":\"https:\\\/\\\/marcelviau.net\\\/#breadcrumb\",\"itemListElement\":[{\"@type\":\"ListItem\",\"position\":1,\"name\":\"Accueil\",\"item\":\"https:\\\/\\\/marcelviau.net\\\/\"},{\"@type\":\"ListItem\",\"position\":2,\"name\":\"Accueil 2026\"}]},{\"@type\":\"WebSite\",\"@id\":\"https:\\\/\\\/marcelviau.net\\\/#website\",\"url\":\"https:\\\/\\\/marcelviau.net\\\/\",\"name\":\"Les Enqu\u00eates de Silas Robinson\",\"description\":\"Romans policiers historiques par Marcel Viau\",\"publisher\":{\"@id\":\"https:\\\/\\\/marcelviau.net\\\/#\\\/schema\\\/person\\\/1606b12bb3273c47bb44adc6fbb4de84\"},\"potentialAction\":[{\"@type\":\"SearchAction\",\"target\":{\"@type\":\"EntryPoint\",\"urlTemplate\":\"https:\\\/\\\/marcelviau.net\\\/?s={search_term_string}\"},\"query-input\":{\"@type\":\"PropertyValueSpecification\",\"valueRequired\":true,\"valueName\":\"search_term_string\"}}],\"inLanguage\":\"fr-FR\"},{\"@type\":[\"Person\",\"Organization\"],\"@id\":\"https:\\\/\\\/marcelviau.net\\\/#\\\/schema\\\/person\\\/1606b12bb3273c47bb44adc6fbb4de84\",\"name\":\"Marcel Viau\",\"image\":{\"@type\":\"ImageObject\",\"inLanguage\":\"fr-FR\",\"@id\":\"https:\\\/\\\/marcelviau.net\\\/wp-content\\\/uploads\\\/2025\\\/07\\\/Viau-2025-scaled.jpg\",\"url\":\"https:\\\/\\\/marcelviau.net\\\/wp-content\\\/uploads\\\/2025\\\/07\\\/Viau-2025-scaled.jpg\",\"contentUrl\":\"https:\\\/\\\/marcelviau.net\\\/wp-content\\\/uploads\\\/2025\\\/07\\\/Viau-2025-scaled.jpg\",\"width\":1920,\"height\":2560,\"caption\":\"Marcel Viau\"},\"logo\":{\"@id\":\"https:\\\/\\\/marcelviau.net\\\/wp-content\\\/uploads\\\/2025\\\/07\\\/Viau-2025-scaled.jpg\"},\"sameAs\":[\"https:\\\/\\\/marcelviau.net\"]}]}<\/script>\n<!-- \/ Yoast SEO plugin. -->","yoast_head_json":{"title":"Accueil 2026 - Les Enqu\u00eates de Silas Robinson","robots":{"index":"index","follow":"follow","max-snippet":"max-snippet:-1","max-image-preview":"max-image-preview:large","max-video-preview":"max-video-preview:-1"},"canonical":"https:\/\/marcelviau.net\/","og_locale":"fr_FR","og_type":"article","og_title":"Accueil 2026 - Les Enqu\u00eates de Silas Robinson","og_description":"La belle dame de C\u00f4te-Vertu Un roman policier historique \u2014 Montr\u00e9al, 1866 L&rsquo;histoire compl\u00e8te est disponible d\u00e8s maintenant en livre num\u00e9rique et en papier. \ud83d\udc49 Voir toutes les options d&rsquo;achat Also available in English: The Fair Lady of C\u00f4te-Vertu \ud83d\udcc5 Vous pouvez aussi d\u00e9couvrir l&rsquo;histoire chapitre par chapitre, chaque mercredi de 2026, gratuitement sur ce ... Lire la suite","og_url":"https:\/\/marcelviau.net\/","og_site_name":"Les Enqu\u00eates de Silas Robinson","article_modified_time":"2026-04-13T11:37:31+00:00","twitter_card":"summary_large_image","twitter_misc":{"Dur\u00e9e de lecture estim\u00e9e":"2 minutes"},"schema":{"@context":"https:\/\/schema.org","@graph":[{"@type":"WebPage","@id":"https:\/\/marcelviau.net\/","url":"https:\/\/marcelviau.net\/","name":"Accueil 2026 - Les Enqu\u00eates de Silas Robinson","isPartOf":{"@id":"https:\/\/marcelviau.net\/#website"},"datePublished":"2026-01-11T15:42:16+00:00","dateModified":"2026-04-13T11:37:31+00:00","breadcrumb":{"@id":"https:\/\/marcelviau.net\/#breadcrumb"},"inLanguage":"fr-FR","potentialAction":[{"@type":"ReadAction","target":["https:\/\/marcelviau.net\/"]}]},{"@type":"BreadcrumbList","@id":"https:\/\/marcelviau.net\/#breadcrumb","itemListElement":[{"@type":"ListItem","position":1,"name":"Accueil","item":"https:\/\/marcelviau.net\/"},{"@type":"ListItem","position":2,"name":"Accueil 2026"}]},{"@type":"WebSite","@id":"https:\/\/marcelviau.net\/#website","url":"https:\/\/marcelviau.net\/","name":"Les Enqu\u00eates de Silas Robinson","description":"Romans policiers historiques par Marcel Viau","publisher":{"@id":"https:\/\/marcelviau.net\/#\/schema\/person\/1606b12bb3273c47bb44adc6fbb4de84"},"potentialAction":[{"@type":"SearchAction","target":{"@type":"EntryPoint","urlTemplate":"https:\/\/marcelviau.net\/?s={search_term_string}"},"query-input":{"@type":"PropertyValueSpecification","valueRequired":true,"valueName":"search_term_string"}}],"inLanguage":"fr-FR"},{"@type":["Person","Organization"],"@id":"https:\/\/marcelviau.net\/#\/schema\/person\/1606b12bb3273c47bb44adc6fbb4de84","name":"Marcel Viau","image":{"@type":"ImageObject","inLanguage":"fr-FR","@id":"https:\/\/marcelviau.net\/wp-content\/uploads\/2025\/07\/Viau-2025-scaled.jpg","url":"https:\/\/marcelviau.net\/wp-content\/uploads\/2025\/07\/Viau-2025-scaled.jpg","contentUrl":"https:\/\/marcelviau.net\/wp-content\/uploads\/2025\/07\/Viau-2025-scaled.jpg","width":1920,"height":2560,"caption":"Marcel Viau"},"logo":{"@id":"https:\/\/marcelviau.net\/wp-content\/uploads\/2025\/07\/Viau-2025-scaled.jpg"},"sameAs":["https:\/\/marcelviau.net"]}]}},"jetpack-related-posts":[{"id":3483,"url":"https:\/\/marcelviau.net\/?page_id=3483","url_meta":{"origin":3330,"position":0},"title":"Avis des lecteurs (Belle Dame)","author":"Marcel Viau","date":"4 mars 2026","format":false,"excerpt":"La belle dame de C\u00f4te-Vertu (Avis) D\u00e9couvrez ce que pensent les premi\u00e8res lectrices et lecteurs de La Belle Dame de C\u00f4te-Vertu, la derni\u00e8re enqu\u00eate de Silas Robinson. \ud83d\udcd6\u00a0Choisissez votre lecture : \ud83d\udcf0 Chronique approfondie \u2022 Chronique de Manuel - Le monde du polar \u2014 Espionnage et crime historique (20 min)\u2026","rel":"","context":"Article similaire","block_context":{"text":"Article similaire","link":""},"img":{"alt_text":"","src":"","width":0,"height":0},"classes":[]},{"id":3224,"url":"https:\/\/marcelviau.net\/?page_id=3224","url_meta":{"origin":3330,"position":1},"title":"Fin de Sparks","author":"Marcel Viau","date":"4 d\u00e9cembre 2025","format":false,"excerpt":"\ud83d\udd0d Le myst\u00e8re est r\u00e9solu Assassinat dans la rue Sparks Ottawa, 1868. Un meurtre brutal secoue la capitale. Le d\u00e9tective Silas Robinson et son adjointe, Miss Dupuis, traquent la v\u00e9rit\u00e9 depuis des semaines. Le myst\u00e8re est enfin r\u00e9solu. Vous voulez d\u00e9crouvrir l'enqu\u00eate compl\u00e8te? Le roman est d\u00e9j\u00e0 disponible. Plongez dans\u2026","rel":"","context":"Article similaire","block_context":{"text":"Article similaire","link":""},"img":{"alt_text":"","src":"","width":0,"height":0},"classes":[]},{"id":3343,"url":"https:\/\/marcelviau.net\/?page_id=3343","url_meta":{"origin":3330,"position":2},"title":"Dame-Livre","author":"Marcel Viau","date":"12 janvier 2026","format":false,"excerpt":"","rel":"","context":"Article similaire","block_context":{"text":"Article similaire","link":""},"img":{"alt_text":"","src":"","width":0,"height":0},"classes":[]},{"id":3316,"url":"https:\/\/marcelviau.net\/?page_id=3316","url_meta":{"origin":3330,"position":3},"title":"Belle Dame-Pub","author":"Marcel Viau","date":"23 d\u00e9cembre 2025","format":false,"excerpt":"La belle dame de C\u00f4te-Vertu Plongez dans le myst\u00e8re de Montr\u00e9al en 1866 Ch\u00e8res lectrices et chers lecteurs, Je vous invite \u00e0 d\u00e9couvrir la bande-annonce de mon roman policier historique \u00ab La belle dame de C\u00f4te-Vertu \u00bb, une nouvelle enqu\u00eate de Silas Robinson et de son adjointe Miss Dupuis. \u00c0\u2026","rel":"","context":"Article similaire","block_context":{"text":"Article similaire","link":""},"img":{"alt_text":"","src":"","width":0,"height":0},"classes":[]},{"id":3371,"url":"https:\/\/marcelviau.net\/?page_id=3371","url_meta":{"origin":3330,"position":4},"title":"Dame-Promo 2026","author":"Marcel Viau","date":"16 janvier 2026","format":false,"excerpt":"La belle dame de C\u00f4te-Vertu Un polar historique captivant \ud83d\udccd Montr\u00e9al, septembre 1866 Un jeune fermier pr\u00e9tend avoir vu \u00ab la belle dame \u00bb pr\u00e8s d'une source myst\u00e9rieuse. Le lendemain, on d\u00e9couvre le corps d'une femme dans une clairi\u00e8re. \u00c9l\u00e9gamment v\u00eatue. Des souliers vernis aux pieds. Le visage paisible, les\u2026","rel":"","context":"Article similaire","block_context":{"text":"Article similaire","link":""},"img":{"alt_text":"","src":"","width":0,"height":0},"classes":[]},{"id":2790,"url":"https:\/\/marcelviau.net\/?page_id=2790","url_meta":{"origin":3330,"position":5},"title":"Les enqu\u00eates de Silas (2)","author":"Marcel Viau","date":"13 juillet 2025","format":false,"excerpt":"Les Enqu\u00eates de Silas Robinson Collection compl\u00e8te de ses myst\u00e8res et aventures Les crimes du manoir Debartzch (2020) Dans ce premier volume, Silas Robinson intervient comme d\u00e9tective priv\u00e9 dans le village de Saint-Charles-sur-le-Richelieu, \u00e0 la demande du chef de police de Montr\u00e9al. Une affaire \u00e9trange qui met en lumi\u00e8re les\u2026","rel":"","context":"Article similaire","block_context":{"text":"Article similaire","link":""},"img":{"alt_text":"","src":"","width":0,"height":0},"classes":[]}],"jetpack_sharing_enabled":true,"_links":{"self":[{"href":"https:\/\/marcelviau.net\/index.php?rest_route=\/wp\/v2\/pages\/3330","targetHints":{"allow":["GET"]}}],"collection":[{"href":"https:\/\/marcelviau.net\/index.php?rest_route=\/wp\/v2\/pages"}],"about":[{"href":"https:\/\/marcelviau.net\/index.php?rest_route=\/wp\/v2\/types\/page"}],"author":[{"embeddable":true,"href":"https:\/\/marcelviau.net\/index.php?rest_route=\/wp\/v2\/users\/1"}],"replies":[{"embeddable":true,"href":"https:\/\/marcelviau.net\/index.php?rest_route=%2Fwp%2Fv2%2Fcomments&post=3330"}],"version-history":[{"count":29,"href":"https:\/\/marcelviau.net\/index.php?rest_route=\/wp\/v2\/pages\/3330\/revisions"}],"predecessor-version":[{"id":3671,"href":"https:\/\/marcelviau.net\/index.php?rest_route=\/wp\/v2\/pages\/3330\/revisions\/3671"}],"wp:attachment":[{"href":"https:\/\/marcelviau.net\/index.php?rest_route=%2Fwp%2Fv2%2Fmedia&parent=3330"}],"curies":[{"name":"wp","href":"https:\/\/api.w.org\/{rel}","templated":true}]}}