{"id":3343,"date":"2026-01-12T07:24:19","date_gmt":"2026-01-12T12:24:19","guid":{"rendered":"https:\/\/marcelviau.net\/?page_id=3343"},"modified":"2026-04-10T14:24:31","modified_gmt":"2026-04-10T18:24:31","slug":"dame-livre","status":"publish","type":"page","link":"https:\/\/marcelviau.net\/?page_id=3343","title":{"rendered":"Dame-Livre"},"content":{"rendered":"<\n<div style=\"max-width: 800px; margin: 0 auto; padding: 20px; font-family: -apple-system, BlinkMacSystemFont, 'Segoe UI', Roboto, sans-serif;\">\n    \n    <h1 style=\"font-size: 2rem; color: #000; margin-bottom: 5px; font-weight: 600; text-align: center;\">La belle dame de C\u00f4te-Vertu (2026)<\/h1>\n    \n    <h3 style=\"font-size: 1.2rem; color: #666; font-weight: 300; font-style: italic; margin-bottom: 40px; text-align: center;\"><em>Une enqu\u00eate de Silas Robinson<\/em><\/h3>\n    \n    <img src=https:\/\/marcelviau.net\/wp-content\/uploads\/2026\/01\/cover-1.jpg alt=\"Couverture - La belle dame de C\u00f4te-Vertu\" style=\"max-width: 500px; width: 100%; height: auto; display: block; margin: 0 auto 40px auto;\">\n\n    <!-- Section Qu\u00e9bec -->\n    <div style=\"background-color: #fff; padding: 25px; margin: 30px 0; border-radius: 10px; box-shadow: 0 2px 8px rgba(0,0,0,0.1); border: 3px solid #003399;\">\n        \n        <h3 style=\"font-size: 1.4rem; color: #000; font-weight: 600; margin: 0 0 20px 0; padding-bottom: 10px; border-bottom: 2px solid #003399;\">\ud83c\udfd9\ufe0f Achat en librairie \u2014 Ville de Qu\u00e9bec<\/h3>\n\n        <p style=\"margin: 0 0 20px 0; line-height: 1.8; color: #333;\">Vous pr\u00e9f\u00e9rez bouquiner en personne ? <em>La belle dame de C\u00f4te-Vertu<\/em> est disponible en consignation dans les librairies suivantes :<\/p>\n        \n        <div style=\"background-color: #f8f9fa; padding: 20px; margin: 15px 0; border-radius: 8px; border-left: 4px solid #003399;\">\n            <h4 style=\"font-size: 1.2rem; color: #000; margin: 0 0 10px 0; font-weight: 500;\">\ud83d\udcda Librairie La Libert\u00e9<\/h4>\n            <p style=\"margin: 5px 0; line-height: 1.8; color: #333;\">3020, ch. Sainte-Foy, Qu\u00e9bec (QC) G1X 1P6<\/p>\n            <p style=\"margin: 5px 0; line-height: 1.8; color: #333;\">T\u00e9l. : <a href=\"tel:+14186583764\">418 658-3764<\/a><\/p>\n        <\/div>\n        \n        <div style=\"background-color: #f8f9fa; padding: 20px; margin: 15px 0; border-radius: 8px; border-left: 4px solid #003399;\">\n            <h4 style=\"font-size: 1.2rem; color: #000; margin: 0 0 10px 0; font-weight: 500;\">\ud83d\udcda Librairie Pantoute \u2014 Vieux-Qu\u00e9bec<\/h4>\n            <p style=\"margin: 5px 0; line-height: 1.8; color: #333;\">1100, rue Saint-Jean, Qu\u00e9bec (QC) G1R 1S5<\/p>\n            <p style=\"margin: 5px 0; line-height: 1.8; color: #333;\">T\u00e9l. : <a href=\"tel:+14186949748\">418 694-9748<\/a><\/p>\n        <\/div>\n\n        <div style=\"background-color: #f8f9fa; padding: 20px; margin: 15px 0; border-radius: 8px; border-left: 4px solid #003399;\">\n            <h4 style=\"font-size: 1.2rem; color: #000; margin: 0 0 10px 0; font-weight: 500;\">\ud83d\udcda Librairie Pantoute \u2014 Saint-Roch<\/h4>\n            <p style=\"margin: 5px 0; line-height: 1.8; color: #333;\">286, rue Saint-Joseph Est, Qu\u00e9bec (QC) G1K 3A9<\/p>\n            <p style=\"margin: 5px 0; line-height: 1.8; color: #333;\">T\u00e9l. : <a href=\"tel:+14186921175\">418 692-1175<\/a><\/p>\n        <\/div>\n        \n    <\/div>\n    \n    <!-- Section Canada -->\n    <div style=\"background-color: #fff; padding: 25px; margin: 30px 0; border-radius: 10px; box-shadow: 0 2px 8px rgba(0,0,0,0.1); border: 3px solid #0066cc;\">\n        \n        <h3 style=\"font-size: 1.4rem; color: #000; font-weight: 600; margin: 0 0 20px 0; padding-bottom: 10px; border-bottom: 2px solid #0066cc;\">\ud83c\udde8\ud83c\udde6 Achat pour le Canada<\/h3>\n        \n        <div style=\"background-color: #f8f9fa; padding: 20px; margin: 15px 0; border-radius: 8px; border-left: 4px solid #0066cc;\">\n            <h4 style=\"font-size: 1.2rem; color: #000; margin: 0 0 10px 0; font-weight: 500;\">\ud83d\udcf1 Format num\u00e9rique (ePub)<\/h4>\n            <p style=\"margin: 10px 0; line-height: 1.8; color: #333;\">T\u00e9l\u00e9chargement imm\u00e9diat<\/p>\n            <p style=\"margin: 15px 0;\"><strong>\u279c <a href=\"https:\/\/payhip.com\/b\/BZuz7\" target=\"_blank\">Commandez le format num\u00e9rique<\/a><\/strong><\/p>\n        <\/div>\n        \n        <div style=\"background-color: #f8f9fa; padding: 20px; margin: 15px 0; border-radius: 8px; border-left: 4px solid #0066cc;\">\n            <h4 style=\"font-size: 1.2rem; color: #000; margin: 0 0 10px 0; font-weight: 500;\">\ud83d\udcda Format papier<\/h4>\n            <p style=\"margin: 10px 0; line-height: 1.8; color: #333;\">Livre broch\u00e9 de qualit\u00e9 \u2022 Exp\u00e9dition gratuite au Canada<\/p>\n            <p style=\"margin: 15px 0;\"><strong>\u279c <a href=\"https:\/\/payhip.com\/b\/PNcnS\" target=\"_blank\">Commandez le format papier<\/a><\/strong><\/p>\n        <\/div>\n        \n        <div style=\"background-color: #f8f9fa; padding: 20px; margin: 15px 0; border-radius: 8px; border-left: 4px solid #0066cc;\">\n            <h4 style=\"font-size: 1.2rem; color: #000; margin: 0 0 10px 0; font-weight: 500;\">\ud83d\udcd6 \u00c9galement disponible en anglais<\/h4>\n            <p style=\"margin: 10px 0; line-height: 1.8; color: #333;\"><em>The Fair Lady of C\u00f4te-Vertu<\/em><\/p>\n            <p style=\"margin: 10px 0; line-height: 1.8; color: #333; font-style: italic;\"><a href=https:\/\/payhip.com\/b\/xg8L7>Commandez le format num\u00e9rique<\/a><\/p>\n        <\/div>\n        \n    <\/div>\n    \n    <!-- Section Europe -->\n    <div style=\"background-color: #fff; padding: 25px; margin: 30px 0; border-radius: 10px; box-shadow: 0 2px 8px rgba(0,0,0,0.1); border: 3px solid #003399;\">\n        \n        <h3 style=\"font-size: 1.4rem; color: #000; font-weight: 600; margin: 0 0 20px 0; padding-bottom: 10px; border-bottom: 2px solid #003399;\">\ud83c\uddea\ud83c\uddfa Achat pour l&rsquo;Europe<\/h3>\n        \n        <div style=\"background-color: #f8f9fa; padding: 20px; margin: 15px 0; border-radius: 8px; border-left: 4px solid #003399;\">\n            <h4 style=\"font-size: 1.2rem; color: #000; margin: 0 0 10px 0; font-weight: 500;\">\ud83d\udcda Format papier<\/h4>\n            <p style=\"margin: 10px 0; line-height: 1.8; color: #333;\">Disponible chez Bookelis \u2022 Exp\u00e9dition dans toute l&rsquo;Europe<\/p>\n            <p style=\"margin: 15px 0;\"><strong>\u279c <a href=\"https:\/\/livres.bookelis.com\/policier\/73155-La-belle-dame-de-Cote-Vertu.html\" target=\"_blank\">Commander le format papier<\/a><\/strong><\/p>\n        <\/div>\n        \n        <div style=\"background-color: #f8f9fa; padding: 20px; margin: 15px 0; border-radius: 8px; border-left: 4px solid #003399;\">\n            <h4 style=\"font-size: 1.2rem; color: #000; margin: 0 0 10px 0; font-weight: 500;\">\ud83d\udcf1 Format num\u00e9rique (ePub)<\/h4>\n            <p style=\"margin: 10px 0; line-height: 1.8; color: #333;\">T\u00e9l\u00e9chargement imm\u00e9diat<\/p>\n            <p style=\"margin: 15px 0;\"><strong>\u279c <a href=\"https:\/\/livres.bookelis.com\/policier\/73155-La-belle-dame-de-Cote-Vertu.html#\/65-type_livre-epub\" target=\"_blank\">Commandez le format num\u00e9rique<\/a><\/strong><\/p>\n        <\/div>\n        \n    <\/div>\n    \n<\/div>\n","protected":false},"excerpt":{"rendered":"<p>< La belle dame de C\u00f4te-Vertu (2026) Une enqu\u00eate de Silas Robinson \ud83c\udfd9\ufe0f Achat en librairie \u2014 Ville de Qu\u00e9bec Vous pr\u00e9f\u00e9rez bouquiner en personne ? La belle dame de C\u00f4te-Vertu est disponible en consignation dans les librairies suivantes : \ud83d\udcda Librairie La Libert\u00e9 3020, ch. Sainte-Foy, Qu\u00e9bec (QC) G1X 1P6 T\u00e9l. : 418 658-3764 ... <a title=\"Dame-Livre\" class=\"read-more\" href=\"https:\/\/marcelviau.net\/?page_id=3343\" aria-label=\"En savoir plus sur Dame-Livre\">Lire la suite<\/a><\/p>\n","protected":false},"author":1,"featured_media":0,"parent":0,"menu_order":0,"comment_status":"closed","ping_status":"closed","template":"","meta":{"footnotes":""},"class_list":["post-3343","page","type-page","status-publish"],"yoast_head":"<!-- This site is optimized with the Yoast SEO plugin v27.4 - https:\/\/yoast.com\/product\/yoast-seo-wordpress\/ -->\n<title>Dame-Livre - Les Enqu\u00eates de Silas Robinson<\/title>\n<meta name=\"robots\" content=\"index, follow, max-snippet:-1, max-image-preview:large, max-video-preview:-1\" \/>\n<link rel=\"canonical\" href=\"https:\/\/marcelviau.net\/?page_id=3343\" \/>\n<meta property=\"og:locale\" content=\"fr_FR\" \/>\n<meta property=\"og:type\" content=\"article\" \/>\n<meta property=\"og:title\" content=\"Dame-Livre - Les Enqu\u00eates de Silas Robinson\" \/>\n<meta property=\"og:description\" content=\"&lt; La belle dame de C\u00f4te-Vertu (2026) Une enqu\u00eate de Silas Robinson \ud83c\udfd9\ufe0f Achat en librairie \u2014 Ville de Qu\u00e9bec Vous pr\u00e9f\u00e9rez bouquiner en personne ? La belle dame de C\u00f4te-Vertu est disponible en consignation dans les librairies suivantes : \ud83d\udcda Librairie La Libert\u00e9 3020, ch. Sainte-Foy, Qu\u00e9bec (QC) G1X 1P6 T\u00e9l. : 418 658-3764 ... Lire la suite\" \/>\n<meta property=\"og:url\" content=\"https:\/\/marcelviau.net\/?page_id=3343\" \/>\n<meta property=\"og:site_name\" content=\"Les Enqu\u00eates de Silas Robinson\" \/>\n<meta property=\"article:modified_time\" content=\"2026-04-10T18:24:31+00:00\" \/>\n<meta name=\"twitter:card\" content=\"summary_large_image\" \/>\n<meta name=\"twitter:label1\" content=\"Dur\u00e9e de lecture estim\u00e9e\" \/>\n\t<meta name=\"twitter:data1\" content=\"2 minutes\" \/>\n<script type=\"application\/ld+json\" class=\"yoast-schema-graph\">{\"@context\":\"https:\\\/\\\/schema.org\",\"@graph\":[{\"@type\":\"WebPage\",\"@id\":\"https:\\\/\\\/marcelviau.net\\\/?page_id=3343\",\"url\":\"https:\\\/\\\/marcelviau.net\\\/?page_id=3343\",\"name\":\"Dame-Livre - Les Enqu\u00eates de Silas Robinson\",\"isPartOf\":{\"@id\":\"https:\\\/\\\/marcelviau.net\\\/#website\"},\"datePublished\":\"2026-01-12T12:24:19+00:00\",\"dateModified\":\"2026-04-10T18:24:31+00:00\",\"breadcrumb\":{\"@id\":\"https:\\\/\\\/marcelviau.net\\\/?page_id=3343#breadcrumb\"},\"inLanguage\":\"fr-FR\",\"potentialAction\":[{\"@type\":\"ReadAction\",\"target\":[\"https:\\\/\\\/marcelviau.net\\\/?page_id=3343\"]}]},{\"@type\":\"BreadcrumbList\",\"@id\":\"https:\\\/\\\/marcelviau.net\\\/?page_id=3343#breadcrumb\",\"itemListElement\":[{\"@type\":\"ListItem\",\"position\":1,\"name\":\"Accueil\",\"item\":\"https:\\\/\\\/marcelviau.net\\\/\"},{\"@type\":\"ListItem\",\"position\":2,\"name\":\"Dame-Livre\"}]},{\"@type\":\"WebSite\",\"@id\":\"https:\\\/\\\/marcelviau.net\\\/#website\",\"url\":\"https:\\\/\\\/marcelviau.net\\\/\",\"name\":\"Les Enqu\u00eates de Silas Robinson\",\"description\":\"Romans policiers historiques par Marcel Viau\",\"publisher\":{\"@id\":\"https:\\\/\\\/marcelviau.net\\\/#\\\/schema\\\/person\\\/1606b12bb3273c47bb44adc6fbb4de84\"},\"potentialAction\":[{\"@type\":\"SearchAction\",\"target\":{\"@type\":\"EntryPoint\",\"urlTemplate\":\"https:\\\/\\\/marcelviau.net\\\/?s={search_term_string}\"},\"query-input\":{\"@type\":\"PropertyValueSpecification\",\"valueRequired\":true,\"valueName\":\"search_term_string\"}}],\"inLanguage\":\"fr-FR\"},{\"@type\":[\"Person\",\"Organization\"],\"@id\":\"https:\\\/\\\/marcelviau.net\\\/#\\\/schema\\\/person\\\/1606b12bb3273c47bb44adc6fbb4de84\",\"name\":\"Marcel Viau\",\"image\":{\"@type\":\"ImageObject\",\"inLanguage\":\"fr-FR\",\"@id\":\"https:\\\/\\\/marcelviau.net\\\/wp-content\\\/uploads\\\/2025\\\/07\\\/Viau-2025-scaled.jpg\",\"url\":\"https:\\\/\\\/marcelviau.net\\\/wp-content\\\/uploads\\\/2025\\\/07\\\/Viau-2025-scaled.jpg\",\"contentUrl\":\"https:\\\/\\\/marcelviau.net\\\/wp-content\\\/uploads\\\/2025\\\/07\\\/Viau-2025-scaled.jpg\",\"width\":1920,\"height\":2560,\"caption\":\"Marcel Viau\"},\"logo\":{\"@id\":\"https:\\\/\\\/marcelviau.net\\\/wp-content\\\/uploads\\\/2025\\\/07\\\/Viau-2025-scaled.jpg\"},\"sameAs\":[\"https:\\\/\\\/marcelviau.net\"]}]}<\/script>\n<!-- \/ Yoast SEO plugin. -->","yoast_head_json":{"title":"Dame-Livre - Les Enqu\u00eates de Silas Robinson","robots":{"index":"index","follow":"follow","max-snippet":"max-snippet:-1","max-image-preview":"max-image-preview:large","max-video-preview":"max-video-preview:-1"},"canonical":"https:\/\/marcelviau.net\/?page_id=3343","og_locale":"fr_FR","og_type":"article","og_title":"Dame-Livre - Les Enqu\u00eates de Silas Robinson","og_description":"< La belle dame de C\u00f4te-Vertu (2026) Une enqu\u00eate de Silas Robinson \ud83c\udfd9\ufe0f Achat en librairie \u2014 Ville de Qu\u00e9bec Vous pr\u00e9f\u00e9rez bouquiner en personne ? La belle dame de C\u00f4te-Vertu est disponible en consignation dans les librairies suivantes : \ud83d\udcda Librairie La Libert\u00e9 3020, ch. Sainte-Foy, Qu\u00e9bec (QC) G1X 1P6 T\u00e9l. : 418 658-3764 ... Lire la suite","og_url":"https:\/\/marcelviau.net\/?page_id=3343","og_site_name":"Les Enqu\u00eates de Silas Robinson","article_modified_time":"2026-04-10T18:24:31+00:00","twitter_card":"summary_large_image","twitter_misc":{"Dur\u00e9e de lecture estim\u00e9e":"2 minutes"},"schema":{"@context":"https:\/\/schema.org","@graph":[{"@type":"WebPage","@id":"https:\/\/marcelviau.net\/?page_id=3343","url":"https:\/\/marcelviau.net\/?page_id=3343","name":"Dame-Livre - Les Enqu\u00eates de Silas Robinson","isPartOf":{"@id":"https:\/\/marcelviau.net\/#website"},"datePublished":"2026-01-12T12:24:19+00:00","dateModified":"2026-04-10T18:24:31+00:00","breadcrumb":{"@id":"https:\/\/marcelviau.net\/?page_id=3343#breadcrumb"},"inLanguage":"fr-FR","potentialAction":[{"@type":"ReadAction","target":["https:\/\/marcelviau.net\/?page_id=3343"]}]},{"@type":"BreadcrumbList","@id":"https:\/\/marcelviau.net\/?page_id=3343#breadcrumb","itemListElement":[{"@type":"ListItem","position":1,"name":"Accueil","item":"https:\/\/marcelviau.net\/"},{"@type":"ListItem","position":2,"name":"Dame-Livre"}]},{"@type":"WebSite","@id":"https:\/\/marcelviau.net\/#website","url":"https:\/\/marcelviau.net\/","name":"Les Enqu\u00eates de Silas Robinson","description":"Romans policiers historiques par Marcel Viau","publisher":{"@id":"https:\/\/marcelviau.net\/#\/schema\/person\/1606b12bb3273c47bb44adc6fbb4de84"},"potentialAction":[{"@type":"SearchAction","target":{"@type":"EntryPoint","urlTemplate":"https:\/\/marcelviau.net\/?s={search_term_string}"},"query-input":{"@type":"PropertyValueSpecification","valueRequired":true,"valueName":"search_term_string"}}],"inLanguage":"fr-FR"},{"@type":["Person","Organization"],"@id":"https:\/\/marcelviau.net\/#\/schema\/person\/1606b12bb3273c47bb44adc6fbb4de84","name":"Marcel Viau","image":{"@type":"ImageObject","inLanguage":"fr-FR","@id":"https:\/\/marcelviau.net\/wp-content\/uploads\/2025\/07\/Viau-2025-scaled.jpg","url":"https:\/\/marcelviau.net\/wp-content\/uploads\/2025\/07\/Viau-2025-scaled.jpg","contentUrl":"https:\/\/marcelviau.net\/wp-content\/uploads\/2025\/07\/Viau-2025-scaled.jpg","width":1920,"height":2560,"caption":"Marcel Viau"},"logo":{"@id":"https:\/\/marcelviau.net\/wp-content\/uploads\/2025\/07\/Viau-2025-scaled.jpg"},"sameAs":["https:\/\/marcelviau.net"]}]}},"jetpack-related-posts":[{"id":3316,"url":"https:\/\/marcelviau.net\/?page_id=3316","url_meta":{"origin":3343,"position":0},"title":"Belle Dame-Pub","author":"Marcel Viau","date":"23 d\u00e9cembre 2025","format":false,"excerpt":"La belle dame de C\u00f4te-Vertu Plongez dans le myst\u00e8re de Montr\u00e9al en 1866 Ch\u00e8res lectrices et chers lecteurs, Je vous invite \u00e0 d\u00e9couvrir la bande-annonce de mon roman policier historique \u00ab La belle dame de C\u00f4te-Vertu \u00bb, une nouvelle enqu\u00eate de Silas Robinson et de son adjointe Miss Dupuis. \u00c0\u2026","rel":"","context":"Article similaire","block_context":{"text":"Article similaire","link":""},"img":{"alt_text":"","src":"","width":0,"height":0},"classes":[]},{"id":3330,"url":"https:\/\/marcelviau.net\/","url_meta":{"origin":3343,"position":1},"title":"Accueil 2026","author":"Marcel Viau","date":"11 janvier 2026","format":false,"excerpt":"La belle dame de C\u00f4te-Vertu Un roman policier historique \u2014 Montr\u00e9al, 1866 L'histoire compl\u00e8te est disponible d\u00e8s maintenant en livre num\u00e9rique et en papier. \ud83d\udc49 Voir toutes les options d'achat Also available in English: The Fair Lady of C\u00f4te-Vertu \ud83d\udcc5 Vous pouvez aussi d\u00e9couvrir l'histoire chapitre par chapitre, chaque mercredi\u2026","rel":"","context":"Article similaire","block_context":{"text":"Article similaire","link":""},"img":{"alt_text":"","src":"","width":0,"height":0},"classes":[]},{"id":3224,"url":"https:\/\/marcelviau.net\/?page_id=3224","url_meta":{"origin":3343,"position":2},"title":"Fin de Sparks","author":"Marcel Viau","date":"4 d\u00e9cembre 2025","format":false,"excerpt":"\ud83d\udd0d Le myst\u00e8re est r\u00e9solu Assassinat dans la rue Sparks Ottawa, 1868. Un meurtre brutal secoue la capitale. Le d\u00e9tective Silas Robinson et son adjointe, Miss Dupuis, traquent la v\u00e9rit\u00e9 depuis des semaines. Le myst\u00e8re est enfin r\u00e9solu. Vous voulez d\u00e9crouvrir l'enqu\u00eate compl\u00e8te? Le roman est d\u00e9j\u00e0 disponible. Plongez dans\u2026","rel":"","context":"Article similaire","block_context":{"text":"Article similaire","link":""},"img":{"alt_text":"","src":"","width":0,"height":0},"classes":[]},{"id":3371,"url":"https:\/\/marcelviau.net\/?page_id=3371","url_meta":{"origin":3343,"position":3},"title":"Dame-Promo 2026","author":"Marcel Viau","date":"16 janvier 2026","format":false,"excerpt":"La belle dame de C\u00f4te-Vertu Un polar historique captivant \ud83d\udccd Montr\u00e9al, septembre 1866 Un jeune fermier pr\u00e9tend avoir vu \u00ab la belle dame \u00bb pr\u00e8s d'une source myst\u00e9rieuse. Le lendemain, on d\u00e9couvre le corps d'une femme dans une clairi\u00e8re. \u00c9l\u00e9gamment v\u00eatue. Des souliers vernis aux pieds. Le visage paisible, les\u2026","rel":"","context":"Article similaire","block_context":{"text":"Article similaire","link":""},"img":{"alt_text":"","src":"","width":0,"height":0},"classes":[]},{"id":3483,"url":"https:\/\/marcelviau.net\/?page_id=3483","url_meta":{"origin":3343,"position":4},"title":"Avis des lecteurs (Belle Dame)","author":"Marcel Viau","date":"4 mars 2026","format":false,"excerpt":"La belle dame de C\u00f4te-Vertu (Avis) D\u00e9couvrez ce que pensent les premi\u00e8res lectrices et lecteurs de La Belle Dame de C\u00f4te-Vertu, la derni\u00e8re enqu\u00eate de Silas Robinson. \ud83d\udcd6\u00a0Choisissez votre lecture : \ud83d\udcf0 Chronique approfondie \u2022 Chronique de Manuel - Le monde du polar \u2014 Espionnage et crime historique (20 min)\u2026","rel":"","context":"Article similaire","block_context":{"text":"Article similaire","link":""},"img":{"alt_text":"","src":"","width":0,"height":0},"classes":[]},{"id":2790,"url":"https:\/\/marcelviau.net\/?page_id=2790","url_meta":{"origin":3343,"position":5},"title":"Les enqu\u00eates de Silas (2)","author":"Marcel Viau","date":"13 juillet 2025","format":false,"excerpt":"Les Enqu\u00eates de Silas Robinson Collection compl\u00e8te de ses myst\u00e8res et aventures Les crimes du manoir Debartzch (2020) Dans ce premier volume, Silas Robinson intervient comme d\u00e9tective priv\u00e9 dans le village de Saint-Charles-sur-le-Richelieu, \u00e0 la demande du chef de police de Montr\u00e9al. Une affaire \u00e9trange qui met en lumi\u00e8re les\u2026","rel":"","context":"Article similaire","block_context":{"text":"Article similaire","link":""},"img":{"alt_text":"","src":"","width":0,"height":0},"classes":[]}],"jetpack_sharing_enabled":true,"_links":{"self":[{"href":"https:\/\/marcelviau.net\/index.php?rest_route=\/wp\/v2\/pages\/3343","targetHints":{"allow":["GET"]}}],"collection":[{"href":"https:\/\/marcelviau.net\/index.php?rest_route=\/wp\/v2\/pages"}],"about":[{"href":"https:\/\/marcelviau.net\/index.php?rest_route=\/wp\/v2\/types\/page"}],"author":[{"embeddable":true,"href":"https:\/\/marcelviau.net\/index.php?rest_route=\/wp\/v2\/users\/1"}],"replies":[{"embeddable":true,"href":"https:\/\/marcelviau.net\/index.php?rest_route=%2Fwp%2Fv2%2Fcomments&post=3343"}],"version-history":[{"count":11,"href":"https:\/\/marcelviau.net\/index.php?rest_route=\/wp\/v2\/pages\/3343\/revisions"}],"predecessor-version":[{"id":3634,"href":"https:\/\/marcelviau.net\/index.php?rest_route=\/wp\/v2\/pages\/3343\/revisions\/3634"}],"wp:attachment":[{"href":"https:\/\/marcelviau.net\/index.php?rest_route=%2Fwp%2Fv2%2Fmedia&parent=3343"}],"curies":[{"name":"wp","href":"https:\/\/api.w.org\/{rel}","templated":true}]}}